{"id":978,"date":"2018-11-12T01:39:23","date_gmt":"2018-11-12T01:39:23","guid":{"rendered":"http:\/\/132.248.142.103\/?page_id=978"},"modified":"2025-02-18T22:59:22","modified_gmt":"2025-02-18T22:59:22","slug":"lab_taller","status":"publish","type":"page","link":"https:\/\/tellus.geociencias.unam.mx\/index.php\/lab_taller\/","title":{"rendered":"Laboratorios y Talleres"},"content":{"rendered":"<p>[vc_row css_animation=&#8221;&#8221; row_type=&#8221;row&#8221; use_row_as_full_screen_section=&#8221;no&#8221; type=&#8221;full_width&#8221; angled_section=&#8221;no&#8221; text_align=&#8221;left&#8221; background_image_as_pattern=&#8221;without_pattern&#8221; z_index=&#8221;&#8221; css=&#8221;.vc_custom_1555007050911{margin-top: px !important;border-top-width: px !important;padding-top: 80px !important;}&#8221;][vc_column width=&#8221;1\/4&#8243;][\/vc_column][vc_column width=&#8221;3\/4&#8243;][vc_column_text]<\/p>\n<h6 style=\"text-align: center;\"><a href=\"https:\/\/tellus.geociencias.unam.mx\/index.php\/area-de-conocimiento\/\">Investigaci\u00f3n<\/a> &gt; Laboratorios y Talleres<\/h6>\n<h6><\/h6>\n<p>[\/vc_column_text][\/vc_column][\/vc_row][vc_row css_animation=&#8221;&#8221; row_type=&#8221;row&#8221; use_row_as_full_screen_section=&#8221;no&#8221; type=&#8221;grid&#8221; angled_section=&#8221;no&#8221; text_align=&#8221;left&#8221; background_image_as_pattern=&#8221;without_pattern&#8221; z_index=&#8221;&#8221; css=&#8221;.vc_custom_1552077996987{padding-top: 32px !important;padding-bottom: 32px !important;}&#8221;][vc_column offset=&#8221;vc_col-lg-3 vc_col-md-6&#8243;][vc_column_text]<\/p>\n<h1>Laboratorios<br \/>\ny Talleres<\/h1>\n<p>[\/vc_column_text][vc_empty_space height=&#8221;10px&#8221;][vc_column_text]<\/p>\n<h3 style=\"text-align: justify;\">Laboratorios y Talleres con instrumental cient\u00edfico de alta precisi\u00f3n y equipos especializados para realizar diversos estudios.<\/h3>\n<p>[\/vc_column_text][\/vc_column][vc_column offset=&#8221;vc_col-lg-3 vc_col-md-6&#8243;][vc_hoverbox image=&#8221;3455&#8243; primary_title=&#8221;&#8221; hover_title=&#8221;Laboratorios&#8221; shape=&#8221;square&#8221;]El Instituto de Geociencias realiza estudios e investigaciones para participar en la soluci\u00f3n de problemas que afectan a la sociedad.<\/p>\n<p>&nbsp;<\/p>\n<p><a class=\"qode-btn qode-btn-medium qode-btn-simple qode-btn-custom-hover-color qode-btn-default-hover\" style=\"color: #97774e;\" href=\"http:\/\/tellus.geociencias.unam.mx\/index.php\/laboratorio-por-area\/\" target=\"_self\" rel=\"noopener noreferrer\" data-hover-color=\"#97774e\">M\u00e1s Informaci\u00f3n<\/a>[\/vc_hoverbox][vc_empty_space height=&#8221;10&#8243;][vc_column_text]<\/p>\n<h2><a href=\"http:\/\/tellus.geociencias.unam.mx\/index.php\/laboratorio-por-area\/\">Laboratorios<\/a><\/h2>\n<p>[\/vc_column_text][vc_empty_space height=&#8221;5&#8243;][vc_column_text]<\/p>\n<p style=\"text-align: justify;\">El Instituto de Geociencias realiza estudios e investigaciones para participar en la soluci\u00f3n de problemas que afectan a la sociedad.<\/p>\n<p>[\/vc_column_text][vc_empty_space height=&#8221;12&#8243;][\/vc_column][vc_column offset=&#8221;vc_col-lg-3 vc_col-md-6&#8243;][vc_hoverbox image=&#8221;3450&#8243; primary_title=&#8221;&#8221; hover_title=&#8221;Talleres&#8221; shape=&#8221;square&#8221;]Se preparan muestras de roca y otros materiales para an\u00e1lisis petrogr\u00e1ficos y estudios diversos.<\/p>\n<p>&nbsp;<\/p>\n<p><a class=\"qode-btn qode-btn-medium qode-btn-simple qode-btn-custom-hover-color qode-btn-default-hover\" style=\"color: #97774e;\" href=\"http:\/\/tellus.geociencias.unam.mx\/index.php\/talleres\/\" target=\"_self\" rel=\"noopener noreferrer\" data-hover-color=\"#97774e\">M\u00e1s Informaci\u00f3n<\/a><\/p>\n<p>&nbsp;<\/p>\n<p>[\/vc_hoverbox][vc_empty_space height=&#8221;10&#8243;][vc_column_text]<\/p>\n<h2><a href=\"http:\/\/tellus.geociencias.unam.mx\/index.php\/talleres\/\">Talleres<\/a><\/h2>\n<p>[\/vc_column_text][vc_empty_space height=&#8221;5&#8243;][vc_column_text]<\/p>\n<p style=\"text-align: justify;\">Se preparan muestras de roca y otros materiales para an\u00e1lisis petrogr\u00e1ficos y estudios diversos.<\/p>\n<p>[\/vc_column_text][vc_empty_space height=&#8221;12&#8243;][\/vc_column][vc_column offset=&#8221;vc_col-lg-3 vc_col-md-6&#8243;][vc_hoverbox image=&#8221;8122&#8243; primary_title=&#8221;&#8221; hover_title=&#8221;Laboratorio de Visualizaci\u00f3n Geof\u00edsica&#8221; shape=&#8221;square&#8221;]Laboratorio de Visualizaci\u00f3n Geof\u00edsica (LaViG)<\/p>\n<p>M\u00e1s Informaci\u00f3n&#8230;.[\/vc_hoverbox][vc_empty_space height=&#8221;10&#8243;][vc_column_text]<\/p>\n<h2>LaViG<\/h2>\n<p>[\/vc_column_text][vc_empty_space height=&#8221;5&#8243;][vc_column_text]Laboratorio de Visualizaci\u00f3n Geof\u00edsica[\/vc_column_text][vc_empty_space height=&#8221;12&#8243;][\/vc_column][\/vc_row]<\/p>\n","protected":false},"excerpt":{"rendered":"<p>[vc_row css_animation=&#8221;&#8221; row_type=&#8221;row&#8221; use_row_as_full_screen_section=&#8221;no&#8221; type=&#8221;full_width&#8221; angled_section=&#8221;no&#8221; text_align=&#8221;left&#8221; background_image_as_pattern=&#8221;without_pattern&#8221; z_index=&#8221;&#8221; css=&#8221;.vc_custom_1555007050911{margin-top: px !important;border-top-width: px !important;padding-top: 80px !important;}&#8221;][vc_column width=&#8221;1\/4&#8243;][\/vc_column][vc_column width=&#8221;3\/4&#8243;][vc_column_text] Investigaci\u00f3n &gt; Laboratorios y Talleres [\/vc_column_text][\/vc_column][\/vc_row][vc_row css_animation=&#8221;&#8221; row_type=&#8221;row&#8221; use_row_as_full_screen_section=&#8221;no&#8221; type=&#8221;grid&#8221; angled_section=&#8221;no&#8221; text_align=&#8221;left&#8221; background_image_as_pattern=&#8221;without_pattern&#8221; z_index=&#8221;&#8221; css=&#8221;.vc_custom_1552077996987{padding-top: 32px !important;padding-bottom: 32px !important;}&#8221;][vc_column offset=&#8221;vc_col-lg-3 vc_col-md-6&#8243;][vc_column_text] Laboratorios y Talleres [\/vc_column_text][vc_empty_space height=&#8221;10px&#8221;][vc_column_text] Laboratorios&#8230;<\/p>\n","protected":false},"author":2,"featured_media":0,"parent":0,"menu_order":0,"comment_status":"closed","ping_status":"closed","template":"full_width.php","meta":{"footnotes":""},"class_list":["post-978","page","type-page","status-publish","hentry"],"_links":{"self":[{"href":"https:\/\/tellus.geociencias.unam.mx\/index.php\/wp-json\/wp\/v2\/pages\/978","targetHints":{"allow":["GET"]}}],"collection":[{"href":"https:\/\/tellus.geociencias.unam.mx\/index.php\/wp-json\/wp\/v2\/pages"}],"about":[{"href":"https:\/\/tellus.geociencias.unam.mx\/index.php\/wp-json\/wp\/v2\/types\/page"}],"author":[{"embeddable":true,"href":"https:\/\/tellus.geociencias.unam.mx\/index.php\/wp-json\/wp\/v2\/users\/2"}],"replies":[{"embeddable":true,"href":"https:\/\/tellus.geociencias.unam.mx\/index.php\/wp-json\/wp\/v2\/comments?post=978"}],"version-history":[{"count":55,"href":"https:\/\/tellus.geociencias.unam.mx\/index.php\/wp-json\/wp\/v2\/pages\/978\/revisions"}],"predecessor-version":[{"id":11922,"href":"https:\/\/tellus.geociencias.unam.mx\/index.php\/wp-json\/wp\/v2\/pages\/978\/revisions\/11922"}],"wp:attachment":[{"href":"https:\/\/tellus.geociencias.unam.mx\/index.php\/wp-json\/wp\/v2\/media?parent=978"}],"curies":[{"name":"wp","href":"https:\/\/api.w.org\/{rel}","templated":true}]}}