{"id":9034,"date":"2023-03-21T21:55:20","date_gmt":"2023-03-21T21:55:20","guid":{"rendered":"https:\/\/tellus.geociencias.unam.mx\/index.php\/secadmin-formatos-de-solicitudes-2\/"},"modified":"2023-06-06T18:57:11","modified_gmt":"2023-06-06T18:57:11","slug":"secadmin-calendario-vehicular-1_","status":"publish","type":"page","link":"https:\/\/tellus.geociencias.unam.mx\/index.php\/secadmin-calendario-vehicular-1_\/","title":{"rendered":"SecAdmin_Calendario Veh\u00edcular1_"},"content":{"rendered":"<p>[vc_row css_animation=&#8221;&#8221; row_type=&#8221;row&#8221; use_row_as_full_screen_section=&#8221;no&#8221; type=&#8221;full_width&#8221; angled_section=&#8221;no&#8221; text_align=&#8221;left&#8221; background_image_as_pattern=&#8221;without_pattern&#8221;][vc_column][vc_single_image image=&#8221;3080&#8243; img_size=&#8221;full&#8221; alignment=&#8221;center&#8221; qode_css_animation=&#8221;&#8221; css=&#8221;.vc_custom_1553025957912{margin-top: -70px !important;border-top-width: -70px !important;padding-top: -70px !important;}&#8221;][vc_empty_space][vc_column_text]<\/p>\n<h6 style=\"text-align: center;\"><strong><a href=\"https:\/\/tellus.geociencias.unam.mx\/index.php\/secretaria-administrativa-3\/\">Secretar\u00eda Administrativa<\/a><\/strong> &gt; \u00a0<a href=\"https:\/\/tellus.geociencias.unam.mx\/index.php\/secadmin-reserva-de-vehiculos\/\">Reservaci\u00f3n de Veh\u00edculos<\/a> &gt; <a href=\"https:\/\/tellus.geociencias.unam.mx\/index.php\/secadmin-disponibilidad_\/\">Disponibilidad<\/a> &gt; Calendario Veh\u00edcular<\/h6>\n<p>[\/vc_column_text][\/vc_column][\/vc_row][vc_row css_animation=&#8221;&#8221; row_type=&#8221;row&#8221; use_row_as_full_screen_section=&#8221;no&#8221; type=&#8221;full_width&#8221; angled_section=&#8221;no&#8221; text_align=&#8221;left&#8221; background_image_as_pattern=&#8221;without_pattern&#8221; z_index=&#8221;&#8221;][vc_column][vc_empty_space][vc_row_inner row_type=&#8221;row&#8221; type=&#8221;grid&#8221; text_align=&#8221;left&#8221; css_animation=&#8221;&#8221;][vc_column_inner width=&#8221;1\/4&#8243;][vc_empty_space height=&#8221;12px&#8221;][vc_column_text]<\/p>\n<h1>Calendario Veh\u00edculo: L200 Mod. 2020<\/h1>\n<p>[\/vc_column_text][vc_single_image image=&#8221;9212&#8243; img_size=&#8221;full&#8221; qode_css_animation=&#8221;&#8221;][vc_empty_space height=&#8221;12px&#8221;][vc_column_text]Si el veh\u00edculo no aparece apartado el o los dias requeridos podr\u00e1 considerarlo para seleccionarlo en el &#8220;formato de solicitud&#8221;[\/vc_column_text][\/vc_column_inner][vc_column_inner width=&#8221;3\/4&#8221;][vc_column_text]<\/p>\n<h4>Calendario<\/h4>\n<p><style>\n       .errordiv { padding:10px; margin:10px; border: 1px solid #555555;color: #000000;background-color: #f8f8f8; width:500px; }#advanced_iframe {visibility:visible;opacity:1;vertical-align:top;}.ai-info-bottom-iframe { position: fixed; z-index: 10000; bottom:0; left: 0; margin: 0px; text-align: center; width: 100%; background-color: #ff9999; padding-left: 5px;padding-bottom: 5px; border-top: 1px solid #aaa } a.ai-bold {font-weight: bold;}#ai-layer-div-advanced_iframe p {height:100%;margin:0;padding:0}<\/style><script type=\"text\/javascript\">var ai_iframe_width_advanced_iframe = 0;var ai_iframe_height_advanced_iframe = 0;function aiReceiveMessageadvanced_iframe(event) {  aiProcessMessage(event,\"advanced_iframe\", \"true\");}if (window.addEventListener) {  window.addEventListener(\"message\", aiReceiveMessageadvanced_iframe);} else if (el.attachEvent)  {  el.attachEvent(\"message\", aiReceiveMessageadvanced_iframe);}var aiIsIe8=false;var aiOnloadScrollTop=\"true\";var aiShowDebug=false;\n\t\tif (typeof aiReadyCallbacks === 'undefined') {\n\t\t\tvar aiReadyCallbacks = [];\n\t\t} else if (!(aiReadyCallbacks instanceof Array)) {\n\t\t\tvar aiReadyCallbacks = [];\n\t\t}    function aiShowIframeId(id_iframe) { jQuery(\"#\"+id_iframe).css(\"visibility\", \"visible\");    }    function aiResizeIframeHeight(height) { aiResizeIframeHeight(height,advanced_iframe); }    function aiResizeIframeHeightId(height,width,id) {aiResizeIframeHeightById(id,height);}<\/script><iframe id=\"advanced_iframe\"  name=\"advanced_iframe\"  src=\"https:\/\/calendar.google.com\/calendar\/embed?src=c_90bace8b6e57d2c2fbd255bbc57b5505f2f45a500b7c97b0aa88aad7100fa3c8%40group.calendar.google.com&#038;ctz=America%2FMexico_City\"  width=\"70%\"  height=\"600\"  frameborder=\"0\"  border=\"0\"  allowtransparency=\"true\"  loading=\"lazy\"  style=\";width:70%;height:600px;\" ><\/iframe><script type=\"text\/javascript\">var ifrm_advanced_iframe = document.getElementById(\"advanced_iframe\");var hiddenTabsDoneadvanced_iframe = false;\nfunction resizeCallbackadvanced_iframe() {}<\/script><script type=\"text\/javascript\"><\/script>[\/vc_column_text][vc_empty_space][vc_empty_space][vc_column_text]<\/p>\n<h4>Llenar formato de solicitud y enviarlo<\/h4>\n<p><style>\n       .errordiv { padding:10px; margin:10px; border: 1px solid #555555;color: #000000;background-color: #f8f8f8; width:500px; }#advanced_iframe_2 {visibility:visible;opacity:1;vertical-align:top;}.ai-info-bottom-iframe { position: fixed; z-index: 10000; bottom:0; left: 0; margin: 0px; text-align: center; width: 100%; background-color: #ff9999; padding-left: 5px;padding-bottom: 5px; border-top: 1px solid #aaa } a.ai-bold {font-weight: bold;}#ai-layer-div-advanced_iframe_2 p {height:100%;margin:0;padding:0}<\/style><script type=\"text\/javascript\">var ai_iframe_width_advanced_iframe_2 = 0;var ai_iframe_height_advanced_iframe_2 = 0;function aiReceiveMessageadvanced_iframe_2(event) {  aiProcessMessage(event,\"advanced_iframe_2\", \"true\");}if (window.addEventListener) {  window.addEventListener(\"message\", aiReceiveMessageadvanced_iframe_2);} else if (el.attachEvent)  {  el.attachEvent(\"message\", aiReceiveMessageadvanced_iframe_2);}var aiIsIe8=false;var aiOnloadScrollTop=\"true\";var aiShowDebug=false;\n\t\tif (typeof aiReadyCallbacks === 'undefined') {\n\t\t\tvar aiReadyCallbacks = [];\n\t\t} else if (!(aiReadyCallbacks instanceof Array)) {\n\t\t\tvar aiReadyCallbacks = [];\n\t\t}    function aiShowIframeId(id_iframe) { jQuery(\"#\"+id_iframe).css(\"visibility\", \"visible\");    }    function aiResizeIframeHeight(height) { aiResizeIframeHeight(height,advanced_iframe_2); }    function aiResizeIframeHeightId(height,width,id) {aiResizeIframeHeightById(id,height);}<\/script><iframe id=\"advanced_iframe_2\"  name=\"advanced_iframe_2\"  src=\"https:\/\/forms.gle\/VirGrnxmppu8Es4s6\"  width=\"70%\"  height=\"600\"  frameborder=\"0\"  border=\"0\"  allowtransparency=\"true\"  loading=\"lazy\"  style=\";width:70%;height:600px;\" ><\/iframe><script type=\"text\/javascript\">var ifrm_advanced_iframe_2 = document.getElementById(\"advanced_iframe_2\");var hiddenTabsDoneadvanced_iframe_2 = false;\nfunction resizeCallbackadvanced_iframe_2() {}<\/script><script type=\"text\/javascript\"><\/script>[\/vc_column_text][\/vc_column_inner][\/vc_row_inner][vc_row_inner row_type=&#8221;row&#8221; type=&#8221;grid&#8221; text_align=&#8221;left&#8221; css_animation=&#8221;&#8221;][vc_column_inner width=&#8221;1\/4&#8243;][vc_empty_space height=&#8221;12px&#8221;][vc_empty_space height=&#8221;12px&#8221;][\/vc_column_inner][\/vc_row_inner][\/vc_column][\/vc_row][vc_row css_animation=&#8221;&#8221; row_type=&#8221;row&#8221; use_row_as_full_screen_section=&#8221;no&#8221; type=&#8221;full_width&#8221; angled_section=&#8221;no&#8221; text_align=&#8221;left&#8221; background_image_as_pattern=&#8221;without_pattern&#8221; z_index=&#8221;&#8221;][vc_column][vc_empty_space][\/vc_column][\/vc_row][vc_row css_animation=&#8221;&#8221; row_type=&#8221;row&#8221; use_row_as_full_screen_section=&#8221;no&#8221; type=&#8221;grid&#8221; angled_section=&#8221;no&#8221; text_align=&#8221;left&#8221; background_image_as_pattern=&#8221;without_pattern&#8221; z_index=&#8221;&#8221;][vc_column][vc_row_inner row_type=&#8221;row&#8221; type=&#8221;grid&#8221; text_align=&#8221;left&#8221; css_animation=&#8221;&#8221;][vc_column_inner width=&#8221;1\/4&#8243;][vc_empty_space height=&#8221;12px&#8221;][vc_empty_space height=&#8221;12px&#8221;][vc_empty_space height=&#8221;5px&#8221;][\/vc_column_inner][vc_column_inner width=&#8221;1\/4&#8243;][vc_empty_space height=&#8221;12px&#8221;][vc_empty_space height=&#8221;12px&#8221;][vc_empty_space height=&#8221;5px&#8221;][\/vc_column_inner][vc_column_inner width=&#8221;1\/4&#8243;][vc_empty_space height=&#8221;12px&#8221;][vc_empty_space height=&#8221;12px&#8221;][\/vc_column_inner][vc_column_inner width=&#8221;1\/4&#8243;][vc_empty_space height=&#8221;12px&#8221;][vc_empty_space height=&#8221;12px&#8221;][vc_empty_space height=&#8221;5px&#8221;][\/vc_column_inner][\/vc_row_inner][vc_row_inner row_type=&#8221;row&#8221; type=&#8221;grid&#8221; text_align=&#8221;left&#8221; css_animation=&#8221;&#8221;][vc_column_inner width=&#8221;1\/4&#8243;][vc_empty_space height=&#8221;12px&#8221;][vc_empty_space height=&#8221;12px&#8221;][vc_empty_space height=&#8221;5px&#8221;][\/vc_column_inner][vc_column_inner width=&#8221;1\/4&#8243;][vc_empty_space height=&#8221;12px&#8221;][vc_empty_space height=&#8221;12px&#8221;][vc_empty_space height=&#8221;5px&#8221;][\/vc_column_inner][vc_column_inner width=&#8221;1\/4&#8243;][vc_empty_space height=&#8221;12px&#8221;][vc_empty_space height=&#8221;12px&#8221;][\/vc_column_inner][vc_column_inner width=&#8221;1\/4&#8243;][vc_empty_space height=&#8221;12px&#8221;][vc_empty_space height=&#8221;12px&#8221;][vc_empty_space height=&#8221;5px&#8221;][\/vc_column_inner][\/vc_row_inner][\/vc_column][\/vc_row]<\/p>\n","protected":false},"excerpt":{"rendered":"<p>[vc_row css_animation=&#8221;&#8221; row_type=&#8221;row&#8221; use_row_as_full_screen_section=&#8221;no&#8221; type=&#8221;full_width&#8221; angled_section=&#8221;no&#8221; text_align=&#8221;left&#8221; background_image_as_pattern=&#8221;without_pattern&#8221;][vc_column][vc_single_image image=&#8221;3080&#8243; img_size=&#8221;full&#8221; alignment=&#8221;center&#8221; qode_css_animation=&#8221;&#8221; css=&#8221;.vc_custom_1553025957912{margin-top: -70px !important;border-top-width: -70px !important;padding-top: -70px !important;}&#8221;][vc_empty_space][vc_column_text] Secretar\u00eda Administrativa &gt; \u00a0Reservaci\u00f3n de Veh\u00edculos &gt; Disponibilidad &gt; Calendario Veh\u00edcular [\/vc_column_text][\/vc_column][\/vc_row][vc_row css_animation=&#8221;&#8221; row_type=&#8221;row&#8221; use_row_as_full_screen_section=&#8221;no&#8221; type=&#8221;full_width&#8221; angled_section=&#8221;no&#8221; text_align=&#8221;left&#8221; background_image_as_pattern=&#8221;without_pattern&#8221; z_index=&#8221;&#8221;][vc_column][vc_empty_space][vc_row_inner row_type=&#8221;row&#8221; type=&#8221;grid&#8221; text_align=&#8221;left&#8221; css_animation=&#8221;&#8221;][vc_column_inner width=&#8221;1\/4&#8243;][vc_empty_space height=&#8221;12px&#8221;][vc_column_text]&#8230;<\/p>\n","protected":false},"author":2,"featured_media":0,"parent":0,"menu_order":0,"comment_status":"closed","ping_status":"closed","template":"full_width.php","meta":{"footnotes":""},"class_list":["post-9034","page","type-page","status-publish","hentry"],"_links":{"self":[{"href":"https:\/\/tellus.geociencias.unam.mx\/index.php\/wp-json\/wp\/v2\/pages\/9034","targetHints":{"allow":["GET"]}}],"collection":[{"href":"https:\/\/tellus.geociencias.unam.mx\/index.php\/wp-json\/wp\/v2\/pages"}],"about":[{"href":"https:\/\/tellus.geociencias.unam.mx\/index.php\/wp-json\/wp\/v2\/types\/page"}],"author":[{"embeddable":true,"href":"https:\/\/tellus.geociencias.unam.mx\/index.php\/wp-json\/wp\/v2\/users\/2"}],"replies":[{"embeddable":true,"href":"https:\/\/tellus.geociencias.unam.mx\/index.php\/wp-json\/wp\/v2\/comments?post=9034"}],"version-history":[{"count":37,"href":"https:\/\/tellus.geociencias.unam.mx\/index.php\/wp-json\/wp\/v2\/pages\/9034\/revisions"}],"predecessor-version":[{"id":9667,"href":"https:\/\/tellus.geociencias.unam.mx\/index.php\/wp-json\/wp\/v2\/pages\/9034\/revisions\/9667"}],"wp:attachment":[{"href":"https:\/\/tellus.geociencias.unam.mx\/index.php\/wp-json\/wp\/v2\/media?parent=9034"}],"curies":[{"name":"wp","href":"https:\/\/api.w.org\/{rel}","templated":true}]}}