{"id":894,"date":"2018-11-10T19:30:43","date_gmt":"2018-11-10T19:30:43","guid":{"rendered":"http:\/\/132.248.142.103\/?page_id=894"},"modified":"2025-10-15T20:04:19","modified_gmt":"2025-10-15T20:04:19","slug":"direccion","status":"publish","type":"page","link":"https:\/\/tellus.geociencias.unam.mx\/index.php\/direccion\/","title":{"rendered":"Direcci\u00f3n"},"content":{"rendered":"<p>[vc_row css_animation=&#8221;&#8221; row_type=&#8221;row&#8221; use_row_as_full_screen_section=&#8221;no&#8221; type=&#8221;full_width&#8221; angled_section=&#8221;no&#8221; text_align=&#8221;left&#8221; background_image_as_pattern=&#8221;without_pattern&#8221; z_index=&#8221;&#8221;][vc_column][vc_single_image image=&#8221;3008&#8243; img_size=&#8221;full&#8221; alignment=&#8221;center&#8221; qode_css_animation=&#8221;&#8221; css=&#8221;.vc_custom_1553195475570{padding-top: -80px !important;background-position: center !important;background-repeat: no-repeat !important;background-size: cover !important;}&#8221;][vc_row_inner row_type=&#8221;row&#8221; type=&#8221;full_width&#8221; text_align=&#8221;left&#8221; css_animation=&#8221;&#8221;][vc_column_inner][vc_empty_space][\/vc_column_inner][\/vc_row_inner][vc_row_inner row_type=&#8221;row&#8221; type=&#8221;full_width&#8221; text_align=&#8221;left&#8221; css_animation=&#8221;&#8221;][vc_column_inner][vc_column_text]<\/p>\n<h1 style=\"text-align: center;\">Direcci\u00f3n del Instituto de Geociencias<\/h1>\n<p>[\/vc_column_text][vc_empty_space height=&#8221;12px&#8221;][\/vc_column_inner][\/vc_row_inner][\/vc_column][\/vc_row][vc_row css_animation=&#8221;&#8221; row_type=&#8221;row&#8221; use_row_as_full_screen_section=&#8221;no&#8221; type=&#8221;grid&#8221; angled_section=&#8221;no&#8221; text_align=&#8221;left&#8221; background_image_as_pattern=&#8221;without_pattern&#8221; z_index=&#8221;&#8221; css=&#8221;.vc_custom_1553033901709{padding-top: 30px !important;padding-bottom: 30px !important;}&#8221;][vc_column offset=&#8221;vc_col-md-6&#8243;][qode_elements_holder number_of_columns=&#8221;one_column&#8221;][qode_elements_holder_item advanced_animations=&#8221;no&#8221; custom_class=&#8221;eh-shadow&#8221;][vc_single_image image=&#8221;10668&#8243; img_size=&#8221;full&#8221; qode_css_animation=&#8221;&#8221; qode_hover_animation=&#8221;zoom_in&#8221;][vc_column_text]<strong>Juan Pablo Bernal Uruchurtu, <\/strong><strong>Director del Instituto de Geociencias de la UNAM, 2024-2028.<\/strong>[\/vc_column_text][\/qode_elements_holder_item][\/qode_elements_holder][vc_empty_space height=&#8221;40px&#8221;][\/vc_column][vc_column offset=&#8221;vc_col-md-6&#8243;][qode_elements_holder number_of_columns=&#8221;one_column&#8221;][qode_elements_holder_item item_padding=&#8221;0px 0px 0px 2%&#8221; advanced_animations=&#8221;no&#8221; item_padding_768_1024=&#8221;0px&#8221; item_padding_600_768=&#8221;0px&#8221; item_padding_480_600=&#8221;0px&#8221; item_padding_480=&#8221;0px&#8221;][vc_column_text]<\/p>\n<h1><em>Bienvenidos a nuestro Sitio<\/em><\/h1>\n<p>[\/vc_column_text][vc_empty_space height=&#8221;20px&#8221;][vc_column_text]<\/p>\n<h3>El Instituto de Geociencias (IGc) es un lugar relevante por el papel que debe desempe\u00f1ar en el desarrollo del estudio<br \/>\nde las ciencias de la tierra.<\/h3>\n<p>&nbsp;<\/p>\n<h3>Los temas de vinculaci\u00f3n de la academia con la soluci\u00f3n de problemas que ata\u00f1en a la sociedad son de los m\u00e1s importantes que tenemos que atender como conjunto, principalmente mediante investigaci\u00f3n original, formaci\u00f3n de recursos humanos y generaci\u00f3n de documentos que sirvan a las autoridades en la mejor toma de decisiones para el pa\u00eds.<\/h3>\n<p>[\/vc_column_text][vc_empty_space height=&#8221;23px&#8221;][\/qode_elements_holder_item][\/qode_elements_holder][\/vc_column][\/vc_row][vc_row css_animation=&#8221;&#8221; row_type=&#8221;row&#8221; use_row_as_full_screen_section=&#8221;no&#8221; type=&#8221;grid&#8221; angled_section=&#8221;no&#8221; text_align=&#8221;left&#8221; background_image_as_pattern=&#8221;without_pattern&#8221; z_index=&#8221;&#8221; css=&#8221;.vc_custom_1521823251617{padding-bottom: 72px !important;}&#8221;][vc_column offset=&#8221;vc_col-lg-4 vc_col-md-12&#8243;]<div class='q_icon_with_title medium custom_icon_image '><div class=\"icon_holder \" style=\" \"><img decoding=\"async\" itemprop=\"image\" style=\"\" src=\"https:\/\/tellus.geociencias.unam.mx\/wp-content\/uploads\/2018\/03\/contact-icon-1.png\" alt=\"\"><\/div><div class=\"icon_text_holder\" style=\"\"><div class=\"icon_text_inner\" style=\"\"><h3 class=\"icon_title\" style=\"\">Informes de Labores<br \/>\nPlan de Desarrollo<\/h3><p style=''><\/p><\/div><\/div><\/div>[vc_empty_space height=&#8221;5px&#8221;][\/vc_column][vc_column offset=&#8221;vc_col-lg-4 vc_col-md-12&#8243;][vc_accordion active_tab=&#8221;false&#8221; collapsible=&#8221;yes&#8221; style=&#8221;accordion&#8221; title=&#8221;Dr. Juan Pablo Bernal&#8221;][vc_accordion_tab title=&#8221;Dr. Juan Pablo Bernal Uruchurtu (Click para ver Plan de Desarrollo e Informe)&#8221; title_color=&#8221;#94774b&#8221;][vc_column_text]<\/p>\n<ul>\n<li><a href=\"https:\/\/tellus.geociencias.unam.mx\/wp-content\/uploads\/2025\/01\/PLAN_desarrollo_IGc_24-28.pdf\" target=\"_blank\" rel=\"noopener\"><strong>Plan de Desarrollo 2024-2028<\/strong><\/a><\/li>\n<\/ul>\n<p>[\/vc_column_text][vc_separator type=&#8221;normal&#8221;][vc_column_text]<\/p>\n<ul>\n<li><a href=\"https:\/\/tellus.geociencias.unam.mx\/wp-content\/uploads\/2025\/10\/Informe-oficial.pdf\"><strong>Informe de Actividades 2024-2025<\/strong><\/a><\/li>\n<\/ul>\n<p>[\/vc_column_text][\/vc_accordion_tab][\/vc_accordion][vc_accordion active_tab=&#8221;false&#8221; collapsible=&#8221;yes&#8221; style=&#8221;accordion&#8221; title=&#8221;Dra. Luc\u00eda Capra&#8221;][vc_accordion_tab title=&#8221;Dra. Luc\u00eda Capra(Click para ver Plan de Desarrollo e Informes)&#8221; title_color=&#8221;#94774b&#8221;][vc_column_text]<\/p>\n<ul>\n<li><a href=\"https:\/\/tellus.geociencias.unam.mx\/wp-content\/uploads\/2023\/04\/Plan-de-desarrollo_CGEO_2022-2026_final.pdf\" rel=\"noopener noreferrer\"><strong>Plan de Desarrollo 2022-2026<\/strong><\/a><\/li>\n<\/ul>\n<p>[\/vc_column_text][vc_column_text]<\/p>\n<ul>\n<li><a href=\"http:\/\/tellus.geociencias.unam.mx\/wp-content\/uploads\/2019\/03\/plandesarrollo_18-22.pdf\" target=\"_blank\" rel=\"noopener noreferrer\"><strong>Plan de Desarrollo 2018-2022<\/strong><\/a><\/li>\n<\/ul>\n<p>[\/vc_column_text][vc_separator type=&#8221;normal&#8221;][vc_column_text]<\/p>\n<ul>\n<li><a href=\"https:\/\/tellus.geociencias.unam.mx\/wp-content\/uploads\/2024\/05\/Informe_2018_2024_V2_CONANEXOS.pdf\" rel=\"noopener\"><strong>Informe de Actividades 2018-2024<\/strong><\/a><\/li>\n<\/ul>\n<p>[\/vc_column_text][vc_column_text]<\/p>\n<ul>\n<li><a href=\"https:\/\/tellus.geociencias.unam.mx\/wp-content\/uploads\/2023\/05\/Informe_V3.pdf\" target=\"_blank\" rel=\"noopener\"><strong>Informe de Actividades 2022-2023<\/strong><\/a><\/li>\n<\/ul>\n<p>[\/vc_column_text][vc_column_text]<\/p>\n<ul>\n<li><a href=\"https:\/\/tellus.geociencias.unam.mx\/wp-content\/uploads\/2021\/05\/informe_2021_web.pdf\" target=\"_blank\" rel=\"noopener noreferrer\"><strong>Informe de Actividades 2020-2021<\/strong><\/a><\/li>\n<\/ul>\n<p>[\/vc_column_text][vc_column_text]<\/p>\n<ul>\n<li><a href=\"https:\/\/tellus.geociencias.unam.mx\/wp-content\/uploads\/2020\/05\/informe_2020_web.pdf\" target=\"_blank\" rel=\"noopener noreferrer\"><strong>Informe de Actividades 2019-2020<\/strong><\/a><\/li>\n<\/ul>\n<p>[\/vc_column_text][vc_column_text]<\/p>\n<ul>\n<li class=\"single-post-title\"><a href=\"https:\/\/www.gaceta.unam.mx\/geociencias-referente-internacional-en-ciencias-de-la-tierra\/?fbclid=IwAR3sCPfJjsKSNApqnH2VK6FPBwaufER-aBWEkut4cfV37b07bgUOxckqIz4\" target=\"_blank\" rel=\"noopener noreferrer\"><strong><span class=\"post-title\">Geociencias, referente internacional en ciencias de la tierra<\/span><\/strong><\/a><br \/>\n(Gaceta UNAM, Mayo 2019)<\/li>\n<\/ul>\n<p>[\/vc_column_text][vc_column_text]<\/p>\n<ul>\n<li><a href=\"http:\/\/tellus.geociencias.unam.mx\/wp-content\/uploads\/2019\/05\/informe_2019_web.pdf\" target=\"_blank\" rel=\"noopener noreferrer\"><strong>Informe de Actividades 2018-2019<\/strong><\/a><\/li>\n<\/ul>\n<p>[\/vc_column_text][vc_column_text]<\/p>\n<ul>\n<li><a href=\"https:\/\/drive.google.com\/file\/d\/1FzBh8Fcq-_3jhc86ZiTe-VFC8jj9nrP9\/view?usp=sharing\" target=\"_blank\" rel=\"noopener noreferrer\"><strong>Informe de Actividades 2018-2022<\/strong><\/a><\/li>\n<\/ul>\n<p>[\/vc_column_text][\/vc_accordion_tab][\/vc_accordion][\/vc_column][vc_column offset=&#8221;vc_col-lg-4 vc_col-md-12&#8243;][vc_accordion active_tab=&#8221;false&#8221; collapsible=&#8221;yes&#8221; style=&#8221;accordion&#8221; title=&#8221;Dr. Gerardo Carrasco&#8221;][vc_accordion_tab title=&#8221;Dr. Gerardo Carrasco N\u00fa\u00f1ez<br \/>\n(Click para ver informes)&#8221; title_color=&#8221;#94774b&#8221;][vc_column_text]<a href=\"http:\/\/tellus.geociencias.unam.mx\/wp-content\/uploads\/2019\/03\/informe_2010_2018_web.pdf\" target=\"_blank\" rel=\"noopener noreferrer\"><strong>2010-2018<\/strong><\/a><br \/>\n<a href=\"http:\/\/tellus.geociencias.unam.mx\/wp-content\/uploads\/2019\/03\/informe_2017_web.pdf\" target=\"_blank\" rel=\"noopener noreferrer\"><strong>2016-2017<\/strong><\/a><br \/>\n<a href=\"http:\/\/tellus.geociencias.unam.mx\/wp-content\/uploads\/2019\/03\/informe_2016_web.pdf\" target=\"_blank\" rel=\"noopener noreferrer\"><strong>2015-2016<\/strong><\/a><br \/>\n<a href=\"http:\/\/tellus.geociencias.unam.mx\/wp-content\/uploads\/2019\/03\/informe_2015_web.pdf\" target=\"_blank\" rel=\"noopener noreferrer\"><strong>2014-2015<\/strong><\/a><br \/>\n<a href=\"http:\/\/tellus.geociencias.unam.mx\/wp-content\/uploads\/2019\/03\/informe_2014_web.pdf\" target=\"_blank\" rel=\"noopener noreferrer\"><strong>2013-2014<\/strong><\/a><br \/>\n<a href=\"http:\/\/tellus.geociencias.unam.mx\/wp-content\/uploads\/2019\/03\/informe_2013_web.pdf\" target=\"_blank\" rel=\"noopener noreferrer\"><strong>2012-2013<\/strong><\/a><br \/>\n<a href=\"http:\/\/tellus.geociencias.unam.mx\/wp-content\/uploads\/2019\/03\/informe_2012_web.pdf\" target=\"_blank\" rel=\"noopener noreferrer\"><strong>2011-2012<\/strong><\/a><br \/>\n<a href=\"http:\/\/tellus.geociencias.unam.mx\/wp-content\/uploads\/2019\/03\/informe_2011_web.pdf\" target=\"_blank\" rel=\"noopener noreferrer\"><strong>2010-2011<\/strong><\/a><br \/>\n<a href=\"http:\/\/tellus.geociencias.unam.mx\/wp-content\/uploads\/2019\/03\/informe_supl_2011_web.pdf\" target=\"_blank\" rel=\"noopener noreferrer\"><strong>Suplemento<\/strong><\/a>[\/vc_column_text][\/vc_accordion_tab][\/vc_accordion][vc_empty_space height=&#8221;5px&#8221;][vc_accordion active_tab=&#8221;false&#8221; collapsible=&#8221;yes&#8221; style=&#8221;accordion&#8221; title=&#8221;Dr. Luca Ferrari&#8221;][vc_accordion_tab title=&#8221;Dr. Luca Ferrari<br \/>\n(Click para ver informes)&#8221; title_color=&#8221;#94774b&#8221;][vc_column_text]<a href=\"http:\/\/tellus.geociencias.unam.mx\/wp-content\/uploads\/2019\/03\/informe_2010_web.pdf\" target=\"_blank\" rel=\"noopener noreferrer\"><strong>2010<\/strong><\/a><br \/>\n<a href=\"http:\/\/tellus.geociencias.unam.mx\/wp-content\/uploads\/2019\/03\/informe_2009_web.pdf\" target=\"_blank\" rel=\"noopener noreferrer\"><strong>2009<\/strong><\/a><br \/>\n<a href=\"http:\/\/tellus.geociencias.unam.mx\/wp-content\/uploads\/2019\/03\/informe_2008_web.pdf\" target=\"_blank\" rel=\"noopener noreferrer\"><strong>2008<\/strong><\/a><br \/>\n<a href=\"http:\/\/tellus.geociencias.unam.mx\/wp-content\/uploads\/2019\/03\/informe_2007_web.pdf\" target=\"_blank\" rel=\"noopener noreferrer\"><strong>2007<\/strong><\/a><br \/>\n<a href=\"http:\/\/tellus.geociencias.unam.mx\/wp-content\/uploads\/2019\/03\/informe_2006_web.pdf\" target=\"_blank\" rel=\"noopener noreferrer\"><strong>2006<\/strong><\/a><br \/>\n<a href=\"http:\/\/tellus.geociencias.unam.mx\/wp-content\/uploads\/2019\/03\/informe_2005_web.pdf\" target=\"_blank\" rel=\"noopener noreferrer\"><strong>2005<\/strong><\/a><br \/>\n<a href=\"http:\/\/tellus.geociencias.unam.mx\/wp-content\/uploads\/2019\/03\/informe_2004_web.pdf\" target=\"_blank\" rel=\"noopener noreferrer\"><strong>2004<\/strong><\/a>[\/vc_column_text][\/vc_accordion_tab][\/vc_accordion][\/vc_column][\/vc_row]<\/p>\n","protected":false},"excerpt":{"rendered":"<p>[vc_row css_animation=&#8221;&#8221; row_type=&#8221;row&#8221; use_row_as_full_screen_section=&#8221;no&#8221; type=&#8221;full_width&#8221; angled_section=&#8221;no&#8221; text_align=&#8221;left&#8221; background_image_as_pattern=&#8221;without_pattern&#8221; z_index=&#8221;&#8221;][vc_column][vc_single_image image=&#8221;3008&#8243; img_size=&#8221;full&#8221; alignment=&#8221;center&#8221; qode_css_animation=&#8221;&#8221; css=&#8221;.vc_custom_1553195475570{padding-top: -80px !important;background-position: center !important;background-repeat: no-repeat !important;background-size: cover !important;}&#8221;][vc_row_inner row_type=&#8221;row&#8221; type=&#8221;full_width&#8221; text_align=&#8221;left&#8221; css_animation=&#8221;&#8221;][vc_column_inner][vc_empty_space][\/vc_column_inner][\/vc_row_inner][vc_row_inner row_type=&#8221;row&#8221; type=&#8221;full_width&#8221; text_align=&#8221;left&#8221; css_animation=&#8221;&#8221;][vc_column_inner][vc_column_text] Direcci\u00f3n del Instituto de Geociencias [\/vc_column_text][vc_empty_space height=&#8221;12px&#8221;][\/vc_column_inner][\/vc_row_inner][\/vc_column][\/vc_row][vc_row css_animation=&#8221;&#8221; row_type=&#8221;row&#8221; use_row_as_full_screen_section=&#8221;no&#8221; type=&#8221;grid&#8221; angled_section=&#8221;no&#8221; text_align=&#8221;left&#8221; background_image_as_pattern=&#8221;without_pattern&#8221; z_index=&#8221;&#8221;&#8230;<\/p>\n","protected":false},"author":2,"featured_media":0,"parent":0,"menu_order":0,"comment_status":"closed","ping_status":"closed","template":"full_width.php","meta":{"footnotes":""},"class_list":["post-894","page","type-page","status-publish","hentry"],"_links":{"self":[{"href":"https:\/\/tellus.geociencias.unam.mx\/index.php\/wp-json\/wp\/v2\/pages\/894","targetHints":{"allow":["GET"]}}],"collection":[{"href":"https:\/\/tellus.geociencias.unam.mx\/index.php\/wp-json\/wp\/v2\/pages"}],"about":[{"href":"https:\/\/tellus.geociencias.unam.mx\/index.php\/wp-json\/wp\/v2\/types\/page"}],"author":[{"embeddable":true,"href":"https:\/\/tellus.geociencias.unam.mx\/index.php\/wp-json\/wp\/v2\/users\/2"}],"replies":[{"embeddable":true,"href":"https:\/\/tellus.geociencias.unam.mx\/index.php\/wp-json\/wp\/v2\/comments?post=894"}],"version-history":[{"count":68,"href":"https:\/\/tellus.geociencias.unam.mx\/index.php\/wp-json\/wp\/v2\/pages\/894\/revisions"}],"predecessor-version":[{"id":12585,"href":"https:\/\/tellus.geociencias.unam.mx\/index.php\/wp-json\/wp\/v2\/pages\/894\/revisions\/12585"}],"wp:attachment":[{"href":"https:\/\/tellus.geociencias.unam.mx\/index.php\/wp-json\/wp\/v2\/media?parent=894"}],"curies":[{"name":"wp","href":"https:\/\/api.w.org\/{rel}","templated":true}]}}