{"id":8264,"date":"2022-12-08T22:07:56","date_gmt":"2022-12-08T22:07:56","guid":{"rendered":"https:\/\/tellus.geociencias.unam.mx\/?page_id=8264"},"modified":"2024-04-01T18:57:58","modified_gmt":"2024-04-01T18:57:58","slug":"agred","status":"publish","type":"page","link":"https:\/\/tellus.geociencias.unam.mx\/index.php\/agred\/","title":{"rendered":"agred"},"content":{"rendered":"<p>&nbsp;<\/p>\n<p style=\"text-align: center;\">Inicio-Difusi\u00f3n-<a href=\"https:\/\/tellus.geociencias.unam.mx\/index.php\/geoparque-queretaro\/\">Proyecto Geoparque<\/a><\/p>\n<p>&nbsp;<\/p>\n<h4><img loading=\"lazy\" decoding=\"async\" class=\"alignnone wp-image-6163\" src=\"https:\/\/tellus.geociencias.unam.mx\/wp-content\/uploads\/2020\/10\/ciencia_unam_geoparque-300x156.jpg\" alt=\"\" width=\"233\" height=\"121\" srcset=\"https:\/\/tellus.geociencias.unam.mx\/wp-content\/uploads\/2020\/10\/ciencia_unam_geoparque-300x156.jpg 300w, https:\/\/tellus.geociencias.unam.mx\/wp-content\/uploads\/2020\/10\/ciencia_unam_geoparque-1024x533.jpg 1024w, https:\/\/tellus.geociencias.unam.mx\/wp-content\/uploads\/2020\/10\/ciencia_unam_geoparque-768x400.jpg 768w, https:\/\/tellus.geociencias.unam.mx\/wp-content\/uploads\/2020\/10\/ciencia_unam_geoparque-1536x800.jpg 1536w, https:\/\/tellus.geociencias.unam.mx\/wp-content\/uploads\/2020\/10\/ciencia_unam_geoparque-700x365.jpg 700w, https:\/\/tellus.geociencias.unam.mx\/wp-content\/uploads\/2020\/10\/ciencia_unam_geoparque.jpg 1920w\" sizes=\"auto, (max-width: 233px) 100vw, 233px\" \/><\/h4>\n<div style=\"text-align: left;\">\n<h4><\/h4>\n<h4><em><strong>AGRADECIMIENTOS<\/strong><\/em><\/h4>\n<p><em><strong>El equipo del Proyecto de Geoparque Mundial UNESCO Tri\u00e1ngulo Sagrado agradece a las siguientes instituciones y personas por su apoyo:<\/strong><\/em><\/p>\n<\/div>\n<p>&nbsp;<\/p>\n<p>&#8211; Instituto de Geociencias de la UNAM-Juriquilla.<\/p>\n<div style=\"text-align: left;\">\n<div>&#8211; Proyectos de Intercambio Acad\u00e9mico con Espa\u00f1a de la Coordinaci\u00f3n de la Investigaci\u00f3n Cient\u00edfica de la UNAM, Convocatorias 2021 y 2022.<\/div>\n<div>&#8211; Proyectos DGAPA-UNAM-PAPIME PE101816\u00a0y\u00a0PE102822.<\/div>\n<div>&#8211; Beca Ayudante de Investigador CONACYT-SNI-III\u00a0 No. 19255.<\/div>\n<div>&#8211; Laboratorio Nacional de Visualizaci\u00f3n Avanzada de la UNAM-Juriquilla.<\/div>\n<div>&#8211; Gobiernos municipales de Santiago de Quer\u00e9taro, Pedro Escobedo, El Marqu\u00e9s, Col\u00f3n, Tolim\u00e1n, Ezequiel Montes, Cadereyta, Tequisquiapan y San Joaqu\u00edn.<\/div>\n<div>&#8211; Estudiantes de Licenciatura de la Carrera de Ciencias de la Tierra de la UMDI-FC-UNAM-Juriquilla, de la ENES-UNAM-Juriquilla, y de la FC-UNAM-Ciudad Universitaria.<\/div>\n<div>&#8211; Estudiantes de Licenciatura de la Carrera Ing. Geof\u00edsico de la Universidad Aut\u00f3noma de Tabasco.<\/div>\n<div>&#8211; Comunidades de pueblos originarios del territorio del Geoparque.<\/div>\n<\/div>\n<div><\/div>\n<div><a href=\"https:\/\/tellus.geociencias.unam.mx\/index.php\/geoparque-queretaro\/\">&lt;&#8211; Regresar<\/a><\/div>\n<div style=\"text-align: left;\"><\/div>\n","protected":false},"excerpt":{"rendered":"<p>&nbsp; Inicio-Difusi\u00f3n-Proyecto Geoparque &nbsp; AGRADECIMIENTOS El equipo del Proyecto de Geoparque Mundial UNESCO Tri\u00e1ngulo Sagrado agradece a las siguientes instituciones y personas por su apoyo: &nbsp; &#8211; Instituto de Geociencias de la UNAM-Juriquilla. &#8211; Proyectos de Intercambio Acad\u00e9mico con Espa\u00f1a de la Coordinaci\u00f3n de la&#8230;<\/p>\n","protected":false},"author":2,"featured_media":0,"parent":0,"menu_order":0,"comment_status":"closed","ping_status":"closed","template":"","meta":{"footnotes":""},"class_list":["post-8264","page","type-page","status-publish","hentry"],"_links":{"self":[{"href":"https:\/\/tellus.geociencias.unam.mx\/index.php\/wp-json\/wp\/v2\/pages\/8264","targetHints":{"allow":["GET"]}}],"collection":[{"href":"https:\/\/tellus.geociencias.unam.mx\/index.php\/wp-json\/wp\/v2\/pages"}],"about":[{"href":"https:\/\/tellus.geociencias.unam.mx\/index.php\/wp-json\/wp\/v2\/types\/page"}],"author":[{"embeddable":true,"href":"https:\/\/tellus.geociencias.unam.mx\/index.php\/wp-json\/wp\/v2\/users\/2"}],"replies":[{"embeddable":true,"href":"https:\/\/tellus.geociencias.unam.mx\/index.php\/wp-json\/wp\/v2\/comments?post=8264"}],"version-history":[{"count":26,"href":"https:\/\/tellus.geociencias.unam.mx\/index.php\/wp-json\/wp\/v2\/pages\/8264\/revisions"}],"predecessor-version":[{"id":10557,"href":"https:\/\/tellus.geociencias.unam.mx\/index.php\/wp-json\/wp\/v2\/pages\/8264\/revisions\/10557"}],"wp:attachment":[{"href":"https:\/\/tellus.geociencias.unam.mx\/index.php\/wp-json\/wp\/v2\/media?parent=8264"}],"curies":[{"name":"wp","href":"https:\/\/api.w.org\/{rel}","templated":true}]}}