{"id":7554,"date":"2022-03-17T21:02:15","date_gmt":"2022-03-17T21:02:15","guid":{"rendered":"https:\/\/tellus.geociencias.unam.mx\/?page_id=7554"},"modified":"2025-11-12T23:57:55","modified_gmt":"2025-11-12T23:57:55","slug":"comision_igualdad_de_genero-2-2","status":"publish","type":"page","link":"https:\/\/tellus.geociencias.unam.mx\/index.php\/comision_igualdad_de_genero-2-2\/","title":{"rendered":"Comisi\u00f3n Igualdad de Genero"},"content":{"rendered":"<p>[vc_row css_animation=&#8221;&#8221; row_type=&#8221;row&#8221; use_row_as_full_screen_section=&#8221;no&#8221; type=&#8221;full_width&#8221; angled_section=&#8221;no&#8221; text_align=&#8221;left&#8221; background_image_as_pattern=&#8221;without_pattern&#8221;][vc_column][vc_empty_space][vc_column_text]<\/p>\n<h1 style=\"text-align: center;\"><\/h1>\n<p>[\/vc_column_text][\/vc_column][\/vc_row][vc_row css_animation=&#8221;&#8221; row_type=&#8221;row&#8221; use_row_as_full_screen_section=&#8221;no&#8221; type=&#8221;grid&#8221; angled_section=&#8221;no&#8221; text_align=&#8221;left&#8221; background_image_as_pattern=&#8221;without_pattern&#8221; z_index=&#8221;&#8221; css=&#8221;.vc_custom_1552698153049{padding-top: 32px !important;padding-bottom: 32px !important;}&#8221;][vc_column offset=&#8221;vc_col-lg-3 vc_col-md-6&#8243;][vc_column_text]<\/p>\n<h2>Comisi\u00f3n interna para la igualdad de g\u00e9nero<\/h2>\n<p>[\/vc_column_text][vc_empty_space height=&#8221;10px&#8221;][vc_column_text]<\/p>\n<p style=\"text-align: justify;\"><em>La Comisi\u00f3n Interna para la Igualdad de G\u00e9nero (CInIG) del Instituto de Geociencias\u00a0 se conform\u00f3 en enero del 2022 con base en los lineamientos generales para la conformaci\u00f3n y el funcionamiento de las CInIG en entidades acad\u00e9micas y dependencias universitarias de la UNAM <\/em><\/p>\n<p>[\/vc_column_text][vc_empty_space height=&#8221;12px&#8221;][\/vc_column][vc_column offset=&#8221;vc_col-lg-3 vc_col-md-6&#8243;][vc_single_image image=&#8221;7577&#8243; img_size=&#8221;full&#8221; qode_css_animation=&#8221;element_from_left&#8221;][vc_empty_space height=&#8221;12px&#8221;][vc_column_text]<\/p>\n<h2>Funciones<\/h2>\n<p>[\/vc_column_text][vc_empty_space height=&#8221;5px&#8221;][vc_column_text](1) Diagnosticar la situaci\u00f3n particular del Instituto de Geociencias con respecto a la igualdad de g\u00e9nero,<\/p>\n<p>(2) Promover, dise\u00f1ar y difundir actividades que contribuyan a la prevenci\u00f3n de cualquier tipo de discriminaci\u00f3n y violencia por razones de g\u00e9nero en el Instituto de Geociencias,<\/p>\n<p>(3) Analizar, escuchar y dar seguimiento a las problem\u00e1ticas en materia de desigualdad de g\u00e9nero que enfrentan las y los universitarios del centro, y<\/p>\n<p>(4) Colaborar y mantener v\u00ednculos con la Coordinaci\u00f3n para la Igualdad de G\u00e9nero en la UNAM (CIGU).[\/vc_column_text][vc_empty_space height=&#8221;12px&#8221;][\/vc_column][vc_column offset=&#8221;vc_col-lg-3 vc_col-md-6&#8243;][vc_single_image image=&#8221;7579&#8243; img_size=&#8221;full&#8221; qode_css_animation=&#8221;element_from_top&#8221;][vc_empty_space height=&#8221;12px&#8221;][vc_column_text]<\/p>\n<h2>Plan Inicial de Trabajo<\/h2>\n<p>[\/vc_column_text][vc_empty_space height=&#8221;5px&#8221;][vc_column_text]<\/p>\n<ol>\n<li>Elaboraci\u00f3n de estudio diagn\u00f3stico sobre la situaci\u00f3n de igualdad de g\u00e9nero en el Instituto de Geociencias.<\/li>\n<li>Presentaci\u00f3n del estudio diagn\u00f3stico incentivando a la comunidad a participar en el mismo.<\/li>\n<li>Programaci\u00f3n de actividades de acuerdo con el estudio diagn\u00f3stico.<\/li>\n<li>Compartir informaci\u00f3n (videos, documentos, panfletos, etc.) que contribuyan a la concientizaci\u00f3n del tema de igualdad de g\u00e9neros.<\/li>\n<\/ol>\n<p>[\/vc_column_text][vc_empty_space height=&#8221;12px&#8221;][\/vc_column][vc_column offset=&#8221;vc_col-lg-3 vc_col-md-6&#8243;][vc_single_image image=&#8221;7580&#8243; img_size=&#8221;full&#8221; qode_css_animation=&#8221;element_from_right&#8221;][vc_empty_space height=&#8221;12px&#8221;][vc_empty_space height=&#8221;12px&#8221;][vc_empty_space height=&#8221;12px&#8221;][vc_column_text]<\/p>\n<h2>Recursos<\/h2>\n<p>[\/vc_column_text][vc_column_text][\/vc_column_text][vc_empty_space height=&#8221;5px&#8221;][vc_empty_space height=&#8221;12px&#8221;][vc_accordion active_tab=&#8221;false&#8221; collapsible=&#8221;yes&#8221; style=&#8221;accordion&#8221;][vc_accordion_tab title=&#8221;flyers referentes al mes del Orgullo (2025)&#8221;][vc_column_text]<strong><a href=\"https:\/\/tellus.geociencias.unam.mx\/wp-content\/uploads\/2025\/06\/flyer1.png\" target=\"_blank\" rel=\"noopener\"><img loading=\"lazy\" decoding=\"async\" class=\"alignnone size-medium wp-image-12283\" src=\"https:\/\/tellus.geociencias.unam.mx\/wp-content\/uploads\/2025\/06\/flyer1-120x300.png\" alt=\"\" width=\"120\" height=\"300\" srcset=\"https:\/\/tellus.geociencias.unam.mx\/wp-content\/uploads\/2025\/06\/flyer1-120x300.png 120w, https:\/\/tellus.geociencias.unam.mx\/wp-content\/uploads\/2025\/06\/flyer1-410x1024.png 410w, https:\/\/tellus.geociencias.unam.mx\/wp-content\/uploads\/2025\/06\/flyer1-768x1920.png 768w, https:\/\/tellus.geociencias.unam.mx\/wp-content\/uploads\/2025\/06\/flyer1-614x1536.png 614w, https:\/\/tellus.geociencias.unam.mx\/wp-content\/uploads\/2025\/06\/flyer1-700x1750.png 700w, https:\/\/tellus.geociencias.unam.mx\/wp-content\/uploads\/2025\/06\/flyer1.png 800w\" sizes=\"auto, (max-width: 120px) 100vw, 120px\" \/><\/a>\u00a0 <a href=\"https:\/\/tellus.geociencias.unam.mx\/wp-content\/uploads\/2025\/06\/flyer4.png\"><img loading=\"lazy\" decoding=\"async\" class=\"alignnone size-medium wp-image-12282\" src=\"https:\/\/tellus.geociencias.unam.mx\/wp-content\/uploads\/2025\/06\/flyer4-120x300.png\" alt=\"\" width=\"120\" height=\"300\" srcset=\"https:\/\/tellus.geociencias.unam.mx\/wp-content\/uploads\/2025\/06\/flyer4-120x300.png 120w, https:\/\/tellus.geociencias.unam.mx\/wp-content\/uploads\/2025\/06\/flyer4-410x1024.png 410w, https:\/\/tellus.geociencias.unam.mx\/wp-content\/uploads\/2025\/06\/flyer4-768x1920.png 768w, https:\/\/tellus.geociencias.unam.mx\/wp-content\/uploads\/2025\/06\/flyer4-614x1536.png 614w, https:\/\/tellus.geociencias.unam.mx\/wp-content\/uploads\/2025\/06\/flyer4-700x1750.png 700w, https:\/\/tellus.geociencias.unam.mx\/wp-content\/uploads\/2025\/06\/flyer4.png 800w\" sizes=\"auto, (max-width: 120px) 100vw, 120px\" \/><\/a> <a href=\"https:\/\/tellus.geociencias.unam.mx\/wp-content\/uploads\/2025\/06\/flyer2.png\"><img loading=\"lazy\" decoding=\"async\" class=\"alignnone size-medium wp-image-12281\" src=\"https:\/\/tellus.geociencias.unam.mx\/wp-content\/uploads\/2025\/06\/flyer2-120x300.png\" alt=\"\" width=\"120\" height=\"300\" srcset=\"https:\/\/tellus.geociencias.unam.mx\/wp-content\/uploads\/2025\/06\/flyer2-120x300.png 120w, https:\/\/tellus.geociencias.unam.mx\/wp-content\/uploads\/2025\/06\/flyer2-410x1024.png 410w, https:\/\/tellus.geociencias.unam.mx\/wp-content\/uploads\/2025\/06\/flyer2-768x1920.png 768w, https:\/\/tellus.geociencias.unam.mx\/wp-content\/uploads\/2025\/06\/flyer2-614x1536.png 614w, https:\/\/tellus.geociencias.unam.mx\/wp-content\/uploads\/2025\/06\/flyer2-700x1750.png 700w, https:\/\/tellus.geociencias.unam.mx\/wp-content\/uploads\/2025\/06\/flyer2.png 800w\" sizes=\"auto, (max-width: 120px) 100vw, 120px\" \/><\/a> <a href=\"https:\/\/tellus.geociencias.unam.mx\/wp-content\/uploads\/2025\/06\/flyer3-1.png\"><img loading=\"lazy\" decoding=\"async\" class=\"alignnone size-medium wp-image-12280\" src=\"https:\/\/tellus.geociencias.unam.mx\/wp-content\/uploads\/2025\/06\/flyer3-1-120x300.png\" alt=\"\" width=\"120\" height=\"300\" srcset=\"https:\/\/tellus.geociencias.unam.mx\/wp-content\/uploads\/2025\/06\/flyer3-1-120x300.png 120w, https:\/\/tellus.geociencias.unam.mx\/wp-content\/uploads\/2025\/06\/flyer3-1-410x1024.png 410w, https:\/\/tellus.geociencias.unam.mx\/wp-content\/uploads\/2025\/06\/flyer3-1-768x1920.png 768w, https:\/\/tellus.geociencias.unam.mx\/wp-content\/uploads\/2025\/06\/flyer3-1-614x1536.png 614w, https:\/\/tellus.geociencias.unam.mx\/wp-content\/uploads\/2025\/06\/flyer3-1-700x1750.png 700w, https:\/\/tellus.geociencias.unam.mx\/wp-content\/uploads\/2025\/06\/flyer3-1.png 800w\" sizes=\"auto, (max-width: 120px) 100vw, 120px\" \/><\/a><\/strong>[\/vc_column_text][\/vc_accordion_tab][vc_accordion_tab title=&#8221;Sobre la Coordinaci\u00f3n para la Igualdad de G\u00e9nero en la UNAM (CIGU)&#8221;][vc_column_text]<strong><a href=\"https:\/\/coordinaciongenero.unam.mx\/\" target=\"_blank\" rel=\"noopener\"><img loading=\"lazy\" decoding=\"async\" class=\"alignnone wp-image-7581\" src=\"https:\/\/tellus.geociencias.unam.mx\/wp-content\/uploads\/2022\/03\/CIGU_Imagen-300x135.jpg\" alt=\"\" width=\"93\" height=\"42\" srcset=\"https:\/\/tellus.geociencias.unam.mx\/wp-content\/uploads\/2022\/03\/CIGU_Imagen-300x135.jpg 300w, https:\/\/tellus.geociencias.unam.mx\/wp-content\/uploads\/2022\/03\/CIGU_Imagen.jpg 400w\" sizes=\"auto, (max-width: 93px) 100vw, 93px\" \/><\/a><\/strong>[\/vc_column_text][\/vc_accordion_tab][vc_accordion_tab title=&#8221;Lineamientos generales comisiones internas para la igualdad de genero&#8221;][vc_column_text]<a href=\"https:\/\/tellus.geociencias.unam.mx\/wp-content\/uploads\/2022\/03\/201117-Lineamientos-Generales-Comisiones-Internas-para-la-Igualdad-de-Genero.pdf\" target=\"_blank\" rel=\"noopener\"><img loading=\"lazy\" decoding=\"async\" class=\"alignnone wp-image-7509\" src=\"https:\/\/tellus.geociencias.unam.mx\/wp-content\/uploads\/2022\/03\/PDF.jpg\" alt=\"\" width=\"35\" height=\"42\" \/><\/a>[\/vc_column_text][\/vc_accordion_tab][vc_accordion_tab title=&#8221;Mujeres en las Geociencias&#8221;][vc_column_text]<\/p>\n<ul>\n<li>Encuentro: Las mujeres en las Geociencias<\/li>\n<\/ul>\n<p><a href=\"https:\/\/youtu.be\/WAjrELnXhCE\" rel=\"noopener\"><img loading=\"lazy\" decoding=\"async\" class=\"alignnone wp-image-7552\" src=\"https:\/\/tellus.geociencias.unam.mx\/wp-content\/uploads\/2022\/03\/icono_video.jpg\" alt=\"\" width=\"42\" height=\"32\" \/><\/a><\/p>\n<ul>\n<li>Ellas abri\u00e9ndose paso en las Ciencias de la Tierra<\/li>\n<\/ul>\n<p><a href=\"https:\/\/youtu.be\/-499gGIus9w\" target=\"_blank\" rel=\"noopener\"><img loading=\"lazy\" decoding=\"async\" class=\"alignnone wp-image-7552\" src=\"https:\/\/tellus.geociencias.unam.mx\/wp-content\/uploads\/2022\/03\/icono_video.jpg\" alt=\"\" width=\"43\" height=\"33\" \/><\/a><\/p>\n<div class=\"j83agx80 cbu4d94t q9se6cdp p984guvr\">\n<ul>\n<li class=\"px9k8yfb hk9dxy2p\"><span class=\"d2edcug0 hpfvmrgz qv66sw1b c1et5uql lr9zc1uh a8c37x1j fe6kdd0r mau55g9w c8b282yb keod5gw0 nxhoafnm aigsh9s9 ns63r2gh hrzyx87i o3w64lxj b2s5l15y b1v8xokw ljqsnud1 hzawbc8m\" dir=\"auto\"><span class=\"a8c37x1j ni8dbmo4 stjgntxs l9j0dhe7 ltmttdrg g0qnabr5 ojkyduve\">Yo soy una GEOcient\u00edfica, \u00a1tu tambi\u00e9n puedes serlo!<\/span><\/span><\/li>\n<\/ul>\n<p><a href=\"https:\/\/fb.watch\/bVQ0G6_R0o\/\" rel=\"noopener\"><img loading=\"lazy\" decoding=\"async\" class=\"alignnone wp-image-7552\" src=\"https:\/\/tellus.geociencias.unam.mx\/wp-content\/uploads\/2022\/03\/icono_video.jpg\" alt=\"\" width=\"43\" height=\"33\" \/><\/a><\/p>\n<\/div>\n<p>[\/vc_column_text][\/vc_accordion_tab][vc_accordion_tab title=&#8221;Divulgaci\u00f3n&#8221;][vc_column_text]<\/p>\n<ul>\n<li>Consentimiento Sexual, tan simple como el ceviche<\/li>\n<\/ul>\n<p><a href=\" https:\/\/youtu.be\/IUxUsJ36jQA\" rel=\"noopener\"><img loading=\"lazy\" decoding=\"async\" class=\"alignnone wp-image-7552\" src=\"https:\/\/tellus.geociencias.unam.mx\/wp-content\/uploads\/2022\/03\/icono_video.jpg\" alt=\"\" width=\"42\" height=\"32\" \/><\/a>[\/vc_column_text][\/vc_accordion_tab][vc_accordion_tab title=&#8221;Paquete Informativo&#8221;][vc_column_text]<\/p>\n<h4>Marco 25N<\/h4>\n<p><a href=\"https:\/\/tellus.geociencias.unam.mx\/wp-content\/uploads\/2022\/12\/1.-Protocolo-para-Atencion-Integral-de-Violencia-por-Razones-de-Genero.pdf\" target=\"_blank\" rel=\"noopener\">1.-Protocolo para Atenci\u00f3n Integral de Violencia por Razones de Genero<\/a><\/p>\n<p><a href=\"https:\/\/tellus.geociencias.unam.mx\/wp-content\/uploads\/2022\/12\/1.-Protocolo-para-Atencion-Integral-de-Violencia-por-Razones-de-Genero.pdf\" target=\"_blank\" rel=\"noopener\"><img loading=\"lazy\" decoding=\"async\" class=\"wp-image-7509 alignnone\" src=\"https:\/\/tellus.geociencias.unam.mx\/wp-content\/uploads\/2022\/03\/PDF.jpg\" alt=\"\" width=\"27\" height=\"33\" \/><\/a><\/p>\n<p><a href=\"https:\/\/tellus.geociencias.unam.mx\/wp-content\/uploads\/2022\/12\/2.-Resumen-Protocolo-para-la-atencioin-Integral-de-Casos-de-Violencia-por-Razones-de-Geinero.pdf\" target=\"_blank\" rel=\"noopener\">2.-Resumen Protocolo para la atenci\u00f3n Integral de Casos de Violencia por Razones de Genero<\/a><\/p>\n<p><a href=\"https:\/\/tellus.geociencias.unam.mx\/wp-content\/uploads\/2022\/12\/2.-Resumen-Protocolo-para-la-atencioin-Integral-de-Casos-de-Violencia-por-Razones-de-Geinero.pdf\" target=\"_blank\" rel=\"noopener\"><img loading=\"lazy\" decoding=\"async\" class=\"wp-image-7509 alignnone\" src=\"https:\/\/tellus.geociencias.unam.mx\/wp-content\/uploads\/2022\/03\/PDF.jpg\" alt=\"\" width=\"27\" height=\"33\" \/><\/a><\/p>\n<p><a href=\"https:\/\/tellus.geociencias.unam.mx\/wp-content\/uploads\/2022\/12\/3.-Paquete-de-infografias-sobre-el-mismo-Protocolo.pdf\" target=\"_blank\" rel=\"noopener\">3.-Paquete de infograf\u00edas sobre el mismo Protocolo<\/a><\/p>\n<p><a href=\"https:\/\/tellus.geociencias.unam.mx\/wp-content\/uploads\/2022\/12\/3.-Paquete-de-infografias-sobre-el-mismo-Protocolo.pdf\" target=\"_blank\" rel=\"noopener\"><img loading=\"lazy\" decoding=\"async\" class=\"wp-image-7509 alignnone\" src=\"https:\/\/tellus.geociencias.unam.mx\/wp-content\/uploads\/2022\/03\/PDF.jpg\" alt=\"\" width=\"27\" height=\"33\" \/><\/a><\/p>\n<p><a href=\"https:\/\/tellus.geociencias.unam.mx\/wp-content\/uploads\/2022\/12\/4.-Declaratoria-Cero-Tolerancia-25N-2022.pdf\" target=\"_blank\" rel=\"noopener\">4.-Declaratoria Cero Tolerancia 25N 2022<\/a><\/p>\n<p><a href=\"https:\/\/tellus.geociencias.unam.mx\/wp-content\/uploads\/2022\/12\/4.-Declaratoria-Cero-Tolerancia-25N-2022.pdf\" target=\"_blank\" rel=\"noopener\"><img loading=\"lazy\" decoding=\"async\" class=\"wp-image-7509 alignnone\" src=\"https:\/\/tellus.geociencias.unam.mx\/wp-content\/uploads\/2022\/03\/PDF.jpg\" alt=\"\" width=\"27\" height=\"33\" \/><\/a><\/p>\n<p><a href=\"https:\/\/tellus.geociencias.unam.mx\/wp-content\/uploads\/2022\/12\/5.-Punteo-Acciones-UNAM.pdf\" target=\"_blank\" rel=\"noopener\">5.-Punteo Acciones UNAM<\/a><\/p>\n<p><a href=\"https:\/\/tellus.geociencias.unam.mx\/wp-content\/uploads\/2022\/12\/5.-Punteo-Acciones-UNAM.pdf\" target=\"_blank\" rel=\"noopener\"><img loading=\"lazy\" decoding=\"async\" class=\"wp-image-7509 alignnone\" src=\"https:\/\/tellus.geociencias.unam.mx\/wp-content\/uploads\/2022\/03\/PDF.jpg\" alt=\"\" width=\"27\" height=\"33\" \/><\/a><\/p>\n<p><a href=\"https:\/\/tellus.geociencias.unam.mx\/wp-content\/uploads\/2022\/12\/6.-La-Boletina-25N.pdf\" target=\"_blank\" rel=\"noopener\">6.-La Boletina 25N<\/a><\/p>\n<p><a href=\"https:\/\/tellus.geociencias.unam.mx\/wp-content\/uploads\/2022\/12\/6.-La-Boletina-25N.pdf\" target=\"_blank\" rel=\"noopener\"><img loading=\"lazy\" decoding=\"async\" class=\"wp-image-7509 alignnone\" src=\"https:\/\/tellus.geociencias.unam.mx\/wp-content\/uploads\/2022\/03\/PDF.jpg\" alt=\"\" width=\"27\" height=\"33\" \/><\/a>[\/vc_column_text][\/vc_accordion_tab][\/vc_accordion][\/vc_column][\/vc_row][vc_row css_animation=&#8221;&#8221; row_type=&#8221;row&#8221; use_row_as_full_screen_section=&#8221;no&#8221; type=&#8221;grid&#8221; angled_section=&#8221;no&#8221; text_align=&#8221;left&#8221; background_image_as_pattern=&#8221;without_pattern&#8221; z_index=&#8221;&#8221; css=&#8221;.vc_custom_1552698153049{padding-top: 32px !important;padding-bottom: 32px !important;}&#8221;][vc_column offset=&#8221;vc_col-lg-3 vc_col-md-6&#8243;][vc_empty_space height=&#8221;10px&#8221;][vc_empty_space height=&#8221;12px&#8221;][\/vc_column][vc_column offset=&#8221;vc_col-lg-3 vc_col-md-6&#8243;][vc_single_image image=&#8221;8363&#8243; img_size=&#8221;full&#8221; qode_css_animation=&#8221;element_from_left&#8221;][vc_empty_space height=&#8221;12px&#8221;][vc_empty_space height=&#8221;5px&#8221;][vc_column_text]<\/p>\n<ul>\n<li><strong><a href=\"https:\/\/tellus.geociencias.unam.mx\/wp-content\/uploads\/2025\/11\/25N-Conversatorio.jpg\">Conservatorio.<\/a><\/strong>\u00a0<b>Entre laboratorios y consultorios: experiencias de g\u00e9nero y violencia en comunidades cient\u00edficas<\/b>.<\/li>\n<\/ul>\n<p>&nbsp;<\/p>\n<ul>\n<li>\u00a0<strong>Ver Conferencia\u00a0<a href=\"https:\/\/www.facebook.com\/share\/v\/A7vznjgLdH2eHdiA\/\" target=\"_blank\" rel=\"noopener\">1a parte<\/a><\/strong>\u00a0<strong><a href=\"https:\/\/www.facebook.com\/share\/v\/KiynnR5mkR9YSE5i\/\" target=\"_blank\" rel=\"noopener\"> 2a parte<\/a><\/strong><br \/>\n<strong>&#8220;Rompiendo barreras: Hablemos de la Salud Mental&#8221;<\/strong><\/li>\n<\/ul>\n<p>&nbsp;<\/p>\n<ul>\n<li><a href=\"https:\/\/www.youtube.com\/watch?v=h8B5Qt-G8ds&amp;t=6238s\" rel=\"noopener\"><strong>Ver Conferencia<\/strong><\/a><br \/>\n<strong>&#8220;Hostigamiento y acoso sexual en el trabajo&#8221;<\/strong><\/li>\n<\/ul>\n<p>&nbsp;<\/p>\n<ul>\n<li><a href=\"https:\/\/tellus.geociencias.unam.mx\/wp-content\/uploads\/2023\/05\/Pelicula_CInIG_Mayo26-1.png\" target=\"_blank\" rel=\"noopener\"><b>Proyacci\u00f3n de Pel\u00edcula<\/b><\/a><br \/>\n<strong>&#8220;CLOSE&#8221;<\/strong><\/li>\n<\/ul>\n<p>&nbsp;<\/p>\n<ul>\n<li><a href=\"https:\/\/tellus.geociencias.unam.mx\/index.php\/rally2023_fotos\/\" target=\"_blank\" rel=\"noopener\"><b>Galeria de fotos<\/b><\/a><br \/>\n<strong>#8M Rally por la igualdad<\/strong><\/li>\n<\/ul>\n<p>&nbsp;<\/p>\n<ul>\n<li><a href=\"https:\/\/tellus.geociencias.unam.mx\/wp-content\/uploads\/2023\/02\/Convocatoria8Mrally_2023.pdf\" target=\"_blank\" rel=\"noopener\"><strong>Convocatoria<\/strong><\/a><br \/>\n<strong>#8M Rally por la igualdad<\/strong><\/li>\n<\/ul>\n<p>[\/vc_column_text][vc_empty_space height=&#8221;12px&#8221;][\/vc_column][vc_column offset=&#8221;vc_col-lg-3 vc_col-md-6&#8243;][vc_empty_space height=&#8221;12px&#8221;][vc_empty_space height=&#8221;5px&#8221;][vc_empty_space height=&#8221;12px&#8221;][\/vc_column][vc_column offset=&#8221;vc_col-lg-3 vc_col-md-6&#8243;][vc_empty_space height=&#8221;12px&#8221;][vc_empty_space height=&#8221;12px&#8221;][vc_empty_space height=&#8221;12px&#8221;][vc_column_text][\/vc_column_text][vc_empty_space height=&#8221;5px&#8221;][vc_empty_space height=&#8221;12px&#8221;][\/vc_column][\/vc_row][vc_row css_animation=&#8221;&#8221; row_type=&#8221;row&#8221; use_row_as_full_screen_section=&#8221;no&#8221; type=&#8221;full_width&#8221; angled_section=&#8221;no&#8221; text_align=&#8221;left&#8221; background_image_as_pattern=&#8221;without_pattern&#8221;][vc_column width=&#8221;1\/4&#8243;][vc_column_text][\/vc_column_text][\/vc_column][vc_column width=&#8221;3\/4&#8243;][vc_column_text]<\/p>\n<h2>Integrantes<\/h2>\n<p>Dra. Marina Vega Gonz\u00e1lez<br \/>\n\u2013 Representante de la Direcci\u00f3n<\/p>\n<p>T\u00e9cnico Acad\u00e9mico Titular C de TC<\/p>\n<p>&nbsp;<\/p>\n<p>Mtra. Margarita Segura Ju\u00e1rez<br \/>\n\u2013 Secretaria<\/p>\n<p>Personal de confianza<\/p>\n<p>&nbsp;<\/p>\n<p>Dra. Marina Manea<br \/>\n\u2013 Integrante del Consejo Interno<\/p>\n<p>Investigadora Titular A de TC<\/p>\n<p>&nbsp;<\/p>\n<p>Dra. Berengere Mougel<br \/>\n\u2013 Integrante de la comunidad acad\u00e9mica<\/p>\n<p>Investigador Titular A de TC<\/p>\n<p>&nbsp;<\/p>\n<p>Dra. Daniela Calvo Ramos<br \/>\n\u2013 Integrante de la comunidad Posdoctoral<\/p>\n<p>Posdoctoral<\/p>\n<p>&nbsp;<\/p>\n<p>Ge\u00f3logo Andr\u00e9s Manuel C\u00e1rdenas Castro<br \/>\n\u2013 Integrante de la comunidad Estudiantil<\/p>\n<p>Estudiante de maestr\u00eda<\/p>\n<p>&nbsp;<\/p>\n<p>Sr. Martin Ruiz Ochoa<br \/>\n\u2013 Integrante de la comunidad administrativo<\/p>\n<p>Trabajador de base<\/p>\n<p>&nbsp;<\/p>\n<p>En colaboraci\u00f3n con la Dra. Pen\u00e9lope L\u00f3pez Quiroz<br \/>\nPersona Orientadora Comunitaria (POC) del IGc<\/p>\n<p>\u2013 T\u00e9cnico Acad\u00e9mico Titular C de TC<\/p>\n<p>&nbsp;<\/p>\n<p><em><img loading=\"lazy\" decoding=\"async\" class=\"alignnone size-medium wp-image-7595\" src=\"https:\/\/tellus.geociencias.unam.mx\/wp-content\/uploads\/2022\/03\/2_pexels-laura-stanley-2975688-1-300x150.jpg\" alt=\"\" width=\"300\" height=\"150\" srcset=\"https:\/\/tellus.geociencias.unam.mx\/wp-content\/uploads\/2022\/03\/2_pexels-laura-stanley-2975688-1-300x150.jpg 300w, https:\/\/tellus.geociencias.unam.mx\/wp-content\/uploads\/2022\/03\/2_pexels-laura-stanley-2975688-1.jpg 400w\" sizes=\"auto, (max-width: 300px) 100vw, 300px\" \/><\/em><\/p>\n<h2>Contacto<\/h2>\n<ul>\n<li style=\"text-align: left;\">Para ponerte en contacto con la Comisi\u00f3n Interna para la Igualdad de G\u00e9nero (CInIG) del Instituto de Geociencias puedes escribir al correo:\n<pre><a href=\"mailto:igualdadgenero@geociencias.unam.mx\">igualdadgenero@geociencias.unam.mx<\/a>\r\n\r\n<\/pre>\n<\/li>\n<li style=\"text-align: left;\">Para ponerte en contacto con la Persona Orientadora Comunitaria (POC) del Instituto de Geociencias, en caso de alguna irregularidad con respecto a desigualdad y\/o violencia por razones de g\u00e9nero, puedes mandar directamente un mensaje a la Dra. Pen\u00e9lope L\u00f3pez Quiroz al correo:\n<pre><a href=\"mailto:penelope@geociencias.unam.mx\">penelope@geociencias.unam.mx<\/a><\/pre>\n<\/li>\n<\/ul>\n<p>[\/vc_column_text][vc_empty_space][\/vc_column][\/vc_row][vc_row css_animation=&#8221;&#8221; row_type=&#8221;row&#8221; use_row_as_full_screen_section=&#8221;no&#8221; type=&#8221;full_width&#8221; angled_section=&#8221;no&#8221; text_align=&#8221;left&#8221; background_image_as_pattern=&#8221;without_pattern&#8221;][\/vc_row][vc_row css_animation=&#8221;&#8221; row_type=&#8221;row&#8221; use_row_as_full_screen_section=&#8221;no&#8221; type=&#8221;full_width&#8221; angled_section=&#8221;no&#8221; text_align=&#8221;left&#8221; background_image_as_pattern=&#8221;without_pattern&#8221;][vc_column][\/vc_column][\/vc_row][vc_row css_animation=&#8221;&#8221; row_type=&#8221;row&#8221; use_row_as_full_screen_section=&#8221;no&#8221; type=&#8221;full_width&#8221; angled_section=&#8221;no&#8221; text_align=&#8221;left&#8221; background_image_as_pattern=&#8221;without_pattern&#8221;][vc_column][\/vc_column][\/vc_row][vc_column width=&#8221;1\/4&#8243;][vc_column_text]<\/p>\n<p>[\/vc_column_text][\/vc_column][vc_column width=&#8221;3\/4&#8243;][\/vc_column][vc_column_text][\/vc_column_text][vc_column_inner width=&#8221;1\/6&#8243;][vc_empty_space][\/vc_column_inner][vc_column_inner width=&#8221;2\/3&#8243;][\/vc_column_inner]<\/p>\n","protected":false},"excerpt":{"rendered":"<p>[vc_row css_animation=&#8221;&#8221; row_type=&#8221;row&#8221; use_row_as_full_screen_section=&#8221;no&#8221; type=&#8221;full_width&#8221; angled_section=&#8221;no&#8221; text_align=&#8221;left&#8221; background_image_as_pattern=&#8221;without_pattern&#8221;][vc_column][vc_empty_space][vc_column_text] [\/vc_column_text][\/vc_column][\/vc_row][vc_row css_animation=&#8221;&#8221; row_type=&#8221;row&#8221; use_row_as_full_screen_section=&#8221;no&#8221; type=&#8221;grid&#8221; angled_section=&#8221;no&#8221; text_align=&#8221;left&#8221; background_image_as_pattern=&#8221;without_pattern&#8221; z_index=&#8221;&#8221; css=&#8221;.vc_custom_1552698153049{padding-top: 32px !important;padding-bottom: 32px !important;}&#8221;][vc_column offset=&#8221;vc_col-lg-3 vc_col-md-6&#8243;][vc_column_text] Comisi\u00f3n interna para la igualdad de g\u00e9nero [\/vc_column_text][vc_empty_space height=&#8221;10px&#8221;][vc_column_text] La Comisi\u00f3n Interna para la Igualdad de G\u00e9nero (CInIG) del Instituto de&#8230;<\/p>\n","protected":false},"author":2,"featured_media":0,"parent":0,"menu_order":0,"comment_status":"closed","ping_status":"closed","template":"full_width.php","meta":{"footnotes":""},"class_list":["post-7554","page","type-page","status-publish","hentry"],"_links":{"self":[{"href":"https:\/\/tellus.geociencias.unam.mx\/index.php\/wp-json\/wp\/v2\/pages\/7554","targetHints":{"allow":["GET"]}}],"collection":[{"href":"https:\/\/tellus.geociencias.unam.mx\/index.php\/wp-json\/wp\/v2\/pages"}],"about":[{"href":"https:\/\/tellus.geociencias.unam.mx\/index.php\/wp-json\/wp\/v2\/types\/page"}],"author":[{"embeddable":true,"href":"https:\/\/tellus.geociencias.unam.mx\/index.php\/wp-json\/wp\/v2\/users\/2"}],"replies":[{"embeddable":true,"href":"https:\/\/tellus.geociencias.unam.mx\/index.php\/wp-json\/wp\/v2\/comments?post=7554"}],"version-history":[{"count":65,"href":"https:\/\/tellus.geociencias.unam.mx\/index.php\/wp-json\/wp\/v2\/pages\/7554\/revisions"}],"predecessor-version":[{"id":12668,"href":"https:\/\/tellus.geociencias.unam.mx\/index.php\/wp-json\/wp\/v2\/pages\/7554\/revisions\/12668"}],"wp:attachment":[{"href":"https:\/\/tellus.geociencias.unam.mx\/index.php\/wp-json\/wp\/v2\/media?parent=7554"}],"curies":[{"name":"wp","href":"https:\/\/api.w.org\/{rel}","templated":true}]}}