{"id":7490,"date":"2022-03-10T19:16:46","date_gmt":"2022-03-10T19:16:46","guid":{"rendered":"https:\/\/tellus.geociencias.unam.mx\/?page_id=7490"},"modified":"2026-04-16T15:50:06","modified_gmt":"2026-04-16T15:50:06","slug":"comite_de_etica","status":"publish","type":"page","link":"https:\/\/tellus.geociencias.unam.mx\/index.php\/comite_de_etica\/","title":{"rendered":"Comit\u00e9 de \u00c9tica"},"content":{"rendered":"<p>[vc_row css_animation=&#8221;&#8221; row_type=&#8221;row&#8221; use_row_as_full_screen_section=&#8221;no&#8221; type=&#8221;full_width&#8221; angled_section=&#8221;no&#8221; text_align=&#8221;left&#8221; background_image_as_pattern=&#8221;without_pattern&#8221;][vc_column][vc_empty_space][vc_column_text]<\/p>\n<h1 style=\"text-align: center;\"><\/h1>\n<p>[\/vc_column_text][vc_column_text]<\/p>\n<p style=\"text-align: center;\"><a href=\"https:\/\/tellus.geociencias.unam.mx\/\">Inicio<\/a> &gt; Comit\u00e9 de \u00c9tica<\/p>\n<p>[\/vc_column_text][\/vc_column][\/vc_row][vc_row css_animation=&#8221;&#8221; row_type=&#8221;row&#8221; use_row_as_full_screen_section=&#8221;no&#8221; type=&#8221;grid&#8221; angled_section=&#8221;no&#8221; text_align=&#8221;left&#8221; background_image_as_pattern=&#8221;without_pattern&#8221; z_index=&#8221;&#8221; css=&#8221;.vc_custom_1552698153049{padding-top: 32px !important;padding-bottom: 32px !important;}&#8221;][vc_column offset=&#8221;vc_col-lg-3 vc_col-md-6&#8243;][vc_column_text]<\/p>\n<h2>Comit\u00e9 de \u00c9tica en Investigaci\u00f3n y Docencia del Instituto de Geociencias, UNAM<\/h2>\n<p>[\/vc_column_text][vc_empty_space height=&#8221;10px&#8221;][vc_column_text]<\/p>\n<p style=\"text-align: justify;\"><em>Con funciones de Comit\u00e9 de Integridad Acad\u00e9mica y Cient\u00edfica y Comit\u00e9 de \u00c9tica Ambiental. <\/em>En casos que involucren a miembros del Instituto de Geociencias.<\/p>\n<p>&nbsp;<\/p>\n<p><em>\u00bfSe cumplen las buenas pr\u00e1cticas cient\u00edficas, acad\u00e9micas o ambientales?<\/em><\/p>\n<p><em>\u00bfNo recibiste el cr\u00e9dito adecuado por tu trabajo?<\/em><\/p>\n<p><em>\u00bfHubo prejuicio o falta de equidad en tus evaluaciones?<\/em><\/p>\n<p>&nbsp;<\/p>\n<h5><a href=\"https:\/\/tellus.geociencias.unam.mx\/index.php\/codigo_de_etica-2\/\" target=\"_blank\" rel=\"noopener\"><em><span style=\"text-decoration: underline;\">C\u00f3digo de \u00e9tica de la Universidad<\/span><\/em><span style=\"text-decoration: underline;\"> Nacion<\/span><span style=\"text-decoration: underline;\">al<\/span><em><span style=\"text-decoration: underline;\"> Aut\u00f3noma de M\u00e9xico<\/span><\/em><\/a><\/h5>\n<p>[\/vc_column_text][vc_empty_space height=&#8221;12px&#8221;][\/vc_column][vc_column offset=&#8221;vc_col-lg-3 vc_col-md-6&#8243;][vc_single_image image=&#8221;7505&#8243; img_size=&#8221;full&#8221; qode_css_animation=&#8221;element_from_left&#8221;][vc_empty_space height=&#8221;12px&#8221;][vc_column_text]<\/p>\n<h2>Normatividad<\/h2>\n<p>[\/vc_column_text][vc_empty_space height=&#8221;5px&#8221;][vc_column_text]<\/p>\n<ul>\n<li><a href=\"http:\/\/abogadogeneral.unam.mx\/legislacion\/abogen\/documento.html?doc_id=84\" target=\"_blank\" rel=\"noopener\">C\u00f3digo de \u00e9tica de la UNAM.<\/a><\/li>\n<li style=\"text-align: justify;\"><a href=\"http:\/\/acervo.gaceta.unam.mx\/index.php\/gum10\/article\/view\/88929\" target=\"_blank\" rel=\"noopener\">Acuerdo por el que se establecen los lineamientos para la integraci\u00f3n, conformaci\u00f3n y registro de los comit\u00e9s de \u00e9tica en la UNAM.<\/a><\/li>\n<\/ul>\n<p>[\/vc_column_text][vc_empty_space height=&#8221;12px&#8221;][\/vc_column][vc_column offset=&#8221;vc_col-lg-3 vc_col-md-6&#8243;][vc_single_image image=&#8221;7516&#8243; img_size=&#8221;full&#8221; qode_css_animation=&#8221;element_from_right&#8221;][vc_empty_space height=&#8221;12px&#8221;][vc_column_text]<\/p>\n<h2 style=\"text-align: justify;\"><strong>Gu\u00eda de funcionamiento interno del comit\u00e9 de \u00e9tica en investigaci\u00f3n y docencia <\/strong><strong>del Instituto de Geociencias, UNAM<\/strong><\/h2>\n<p>[\/vc_column_text][vc_empty_space height=&#8221;5px&#8221;][vc_column_text]<a href=\"https:\/\/tellus.geociencias.unam.mx\/wp-content\/uploads\/2022\/03\/Guia_Funcionamiento_Comite_Etica_CGEO.pdf\" target=\"_blank\" rel=\"noopener\"><img loading=\"lazy\" decoding=\"async\" class=\"alignnone wp-image-7509\" src=\"https:\/\/tellus.geociencias.unam.mx\/wp-content\/uploads\/2022\/03\/PDF.jpg\" alt=\"\" width=\"33\" height=\"40\" \/><\/a>[\/vc_column_text][vc_empty_space height=&#8221;12px&#8221;][\/vc_column][vc_column offset=&#8221;vc_col-lg-3 vc_col-md-6&#8243;][vc_single_image image=&#8221;7517&#8243; img_size=&#8221;full&#8221; qode_css_animation=&#8221;element_from_top&#8221;][vc_empty_space height=&#8221;12px&#8221;][vc_empty_space height=&#8221;12px&#8221;][vc_empty_space height=&#8221;12px&#8221;][vc_empty_space height=&#8221;12px&#8221;][vc_column_text]<\/p>\n<h2><strong>Recursos sobre \u00e9tica e integridad acad\u00e9mica<\/strong><\/h2>\n<p>[\/vc_column_text][vc_empty_space height=&#8221;5px&#8221;][vc_empty_space height=&#8221;5px&#8221;][vc_column_text]<\/p>\n<ul>\n<li>Conferencia: &#8220;Inteligencia Artificial y \u00c9tica en las Publicaciones Cient\u00edficas: Desaf\u00edos y Oportunidades&#8221;<\/li>\n<\/ul>\n<p><a href=\"https:\/\/youtu.be\/mPHEVJEcb4o\" target=\"_blank\" rel=\"noopener\"><span style=\"text-decoration: underline;\"><em>Ver video<\/em> <\/span><img loading=\"lazy\" decoding=\"async\" class=\"alignnone wp-image-7552\" src=\"https:\/\/tellus.geociencias.unam.mx\/wp-content\/uploads\/2022\/03\/icono_video.jpg\" alt=\"\" width=\"30\" height=\"23\" \/><\/a><\/p>\n<p>&nbsp;<\/p>\n<ul>\n<li>Mesa redonda \u00c9tica Acad\u00e9mica.<\/li>\n<\/ul>\n<p><a href=\"https:\/\/www.youtube.com\/watch?v=L6jIS7sFPvc\" target=\"_blank\" rel=\"noopener\"><span style=\"text-decoration: underline;\"><em>Ver video<\/em> <\/span><\/a><a href=\"https:\/\/youtu.be\/L6jIS7sFPvc\" target=\"_blank\" rel=\"noopener\"><img loading=\"lazy\" decoding=\"async\" class=\"alignnone wp-image-7552\" src=\"https:\/\/tellus.geociencias.unam.mx\/wp-content\/uploads\/2022\/03\/icono_video.jpg\" alt=\"\" width=\"30\" height=\"23\" \/><\/a><\/p>\n<p>&nbsp;<\/p>\n<ul>\n<li><a href=\"http:\/\/www.libros.unam.mx\/plagioyetica.pdf\" target=\"_blank\" rel=\"noopener\"><span style=\"text-decoration: underline;\">Plagio y \u00e9tica.<\/span><\/a><\/li>\n<\/ul>\n<p>&nbsp;<\/p>\n<ul>\n<li><a href=\"https:\/\/www.geoethics.org\/ctsg\" target=\"_blank\" rel=\"noopener\"><span style=\"text-decoration: underline;\">Declaraci\u00f3n de Cape Town sobre Geo\u00e9tica.<\/span><\/a><\/li>\n<\/ul>\n<p>&nbsp;<\/p>\n<ul>\n<li><a href=\"https:\/\/wcrif.org\/guidance\/singapore-statement\" target=\"_blank\" rel=\"noopener\"><span style=\"text-decoration: underline;\">Declaraci\u00f3n de Singapur sobre la integridad en la investigaci\u00f3n.<\/span><\/a><\/li>\n<\/ul>\n<p>&nbsp;<\/p>\n<ul>\n<li><a href=\"https:\/\/www.geoethics.org\/\" target=\"_blank\" rel=\"noopener\"><span style=\"text-decoration: underline;\">International Association for Promoting Geoethics (IAPG).<\/span><\/a><\/li>\n<\/ul>\n<p>[\/vc_column_text][vc_empty_space height=&#8221;12px&#8221;][\/vc_column][\/vc_row][vc_row css_animation=&#8221;&#8221; row_type=&#8221;row&#8221; use_row_as_full_screen_section=&#8221;no&#8221; type=&#8221;grid&#8221; angled_section=&#8221;no&#8221; text_align=&#8221;left&#8221; background_image_as_pattern=&#8221;without_pattern&#8221; z_index=&#8221;&#8221; css=&#8221;.vc_custom_1552698153049{padding-top: 32px !important;padding-bottom: 32px !important;}&#8221;][vc_column offset=&#8221;vc_col-lg-3 vc_col-md-6&#8243;][vc_empty_space height=&#8221;10px&#8221;][vc_empty_space height=&#8221;12px&#8221;][\/vc_column][vc_column offset=&#8221;vc_col-lg-3 vc_col-md-6&#8243;][vc_column_text]<\/p>\n<h2><strong>Integrantes<\/strong><\/h2>\n<p><strong><img loading=\"lazy\" decoding=\"async\" class=\"wp-image-5855 alignleft\" src=\"https:\/\/tellus.geociencias.unam.mx\/wp-content\/uploads\/2020\/06\/dud-195-300x300.jpg\" alt=\"\" width=\"43\" height=\"43\" srcset=\"https:\/\/tellus.geociencias.unam.mx\/wp-content\/uploads\/2020\/06\/dud-195-300x300.jpg 300w, https:\/\/tellus.geociencias.unam.mx\/wp-content\/uploads\/2020\/06\/dud-195-150x150.jpg 150w, https:\/\/tellus.geociencias.unam.mx\/wp-content\/uploads\/2020\/06\/dud-195.jpg 400w\" sizes=\"auto, (max-width: 43px) 100vw, 43px\" \/><\/strong><\/p>\n<p style=\"text-align: left;\"><strong>D<\/strong><strong>r<\/strong><strong>. Uwe Martens<\/strong><\/p>\n<p>&nbsp;<\/p>\n<p style=\"text-align: left;\"><b>Presidente<\/b><\/p>\n<p style=\"text-align: left;\">Instituto de Geociencias, UNAM<\/p>\n<p style=\"text-align: left;\"><a class=\"moz-txt-link-abbreviated\" href=\"mailto:umartens@geociencias.unam.mx\">umartens@geociencias.unam.mx<\/a><\/p>\n<p>&nbsp;<\/p>\n<p><strong><img loading=\"lazy\" decoding=\"async\" class=\"wp-image-3267 alignleft\" src=\"https:\/\/tellus.geociencias.unam.mx\/wp-content\/uploads\/2019\/03\/dud-146.jpg\" alt=\"\" width=\"43\" height=\"43\" \/>Dra. Ma. Teresa Orozco Esquivel<\/strong><\/p>\n<p><strong>Secretaria<\/strong><\/p>\n<p>Instituto de Geociencias, UNAM<\/p>\n<p style=\"text-align: left;\"><a class=\"moz-txt-link-abbreviated\" href=\"mailto:torozco@geociencias.unam.mx\">torozco@geociencias.unam.mx<\/a><\/p>\n<p>&nbsp;<\/p>\n<p style=\"text-align: left;\"><strong><img loading=\"lazy\" decoding=\"async\" class=\"wp-image-7533 alignleft\" src=\"https:\/\/tellus.geociencias.unam.mx\/wp-content\/uploads\/2022\/03\/Photo-FJ-Cervantes-2022-300x249.jpg\" alt=\"\" width=\"47\" height=\"39\" srcset=\"https:\/\/tellus.geociencias.unam.mx\/wp-content\/uploads\/2022\/03\/Photo-FJ-Cervantes-2022-300x249.jpg 300w, https:\/\/tellus.geociencias.unam.mx\/wp-content\/uploads\/2022\/03\/Photo-FJ-Cervantes-2022-1024x851.jpg 1024w, https:\/\/tellus.geociencias.unam.mx\/wp-content\/uploads\/2022\/03\/Photo-FJ-Cervantes-2022-768x638.jpg 768w, https:\/\/tellus.geociencias.unam.mx\/wp-content\/uploads\/2022\/03\/Photo-FJ-Cervantes-2022-1536x1276.jpg 1536w, https:\/\/tellus.geociencias.unam.mx\/wp-content\/uploads\/2022\/03\/Photo-FJ-Cervantes-2022-2048x1701.jpg 2048w, https:\/\/tellus.geociencias.unam.mx\/wp-content\/uploads\/2022\/03\/Photo-FJ-Cervantes-2022-700x581.jpg 700w\" sizes=\"auto, (max-width: 47px) 100vw, 47px\" \/><\/strong><\/p>\n<p style=\"text-align: left;\"><strong>Dr. Francisco Javier Cervantes Carrillo<\/strong><\/p>\n<p style=\"text-align: left;\"><strong>Vocal<\/strong><\/p>\n<p style=\"text-align: left;\">Instituto de Ingenier\u00eda, UNAM<\/p>\n<p style=\"text-align: left;\"><a class=\"moz-txt-link-abbreviated\" href=\"mailto:fcervantesc@iingen.unam.mx\">fcervantesc@iingen.unam.mx<\/a><\/p>\n<p>&nbsp;<\/p>\n<p style=\"text-align: left;\"><strong>Dra. Pilar Navas Parejo <\/strong><\/p>\n<p style=\"text-align: left;\"><strong>Vocal<\/strong><\/p>\n<p style=\"text-align: left;\">Estaci\u00f3n Regional del Noroeste (ERNO), Instituto de Geolog\u00eda, UNAM<\/p>\n<p style=\"text-align: left;\"><a class=\"moz-txt-link-abbreviated\" href=\"mailto:pilarnpg@geologia.unam.mx\">pilarnpg@geologia.unam.mx<\/a><\/p>\n<p>&nbsp;<\/p>\n<p style=\"text-align: left;\"><strong>Dra. Adriana Hansberg Pastor<\/strong><\/p>\n<p style=\"text-align: left;\"><strong>Vocal<\/strong><\/p>\n<p style=\"text-align: left;\">Instituto de Matem\u00e1ticas, UNAM<\/p>\n<p style=\"text-align: left;\"><a class=\"moz-txt-link-abbreviated\" href=\"mailto:ahansberg@im.unam.mx\">ahansberg@im.unam.mx<\/a><\/p>\n<p>[\/vc_column_text][vc_empty_space height=&#8221;12px&#8221;][vc_empty_space height=&#8221;5px&#8221;][\/vc_column][vc_column offset=&#8221;vc_col-lg-3 vc_col-md-6&#8243;][vc_column_text]<\/p>\n<h2><strong>Contacto<\/strong><\/h2>\n<p><a href=\"mailto:eticacgeo@geociencias.unam.mx\">eticacgeo@geociencias.unam.mx<\/a>[\/vc_column_text][vc_empty_space height=&#8221;12px&#8221;][\/vc_column][\/vc_row][vc_row css_animation=&#8221;&#8221; row_type=&#8221;row&#8221; use_row_as_full_screen_section=&#8221;no&#8221; type=&#8221;full_width&#8221; angled_section=&#8221;no&#8221; text_align=&#8221;left&#8221; background_image_as_pattern=&#8221;without_pattern&#8221;][\/vc_row][vc_column width=&#8221;1\/4&#8243;][vc_column_text]<\/p>\n<p>[\/vc_column_text][\/vc_column][vc_column width=&#8221;3\/4&#8243;][\/vc_column][vc_row_inner row_type=&#8221;row&#8221; type=&#8221;full_width&#8221; text_align=&#8221;left&#8221; css_animation=&#8221;&#8221;][\/vc_row_inner][vc_column_inner width=&#8221;1\/6&#8243;][vc_empty_space][\/vc_column_inner][vc_column_inner width=&#8221;2\/3&#8243;][\/vc_column_inner][vc_row css_animation=&#8221;&#8221; row_type=&#8221;row&#8221; use_row_as_full_screen_section=&#8221;no&#8221; type=&#8221;full_width&#8221; angled_section=&#8221;no&#8221; text_align=&#8221;left&#8221; background_image_as_pattern=&#8221;without_pattern&#8221;][vc_column width=&#8221;1\/2&#8243;][\/vc_column][\/vc_row][vc_row css_animation=&#8221;&#8221; row_type=&#8221;row&#8221; use_row_as_full_screen_section=&#8221;no&#8221; type=&#8221;full_width&#8221; angled_section=&#8221;no&#8221; text_align=&#8221;left&#8221; background_image_as_pattern=&#8221;without_pattern&#8221;][vc_column][\/vc_column][\/vc_row][vc_row css_animation=&#8221;&#8221; row_type=&#8221;row&#8221; use_row_as_full_screen_section=&#8221;no&#8221; type=&#8221;full_width&#8221; angled_section=&#8221;no&#8221; text_align=&#8221;left&#8221; background_image_as_pattern=&#8221;without_pattern&#8221;][vc_column][\/vc_column][\/vc_row][vc_row css_animation=&#8221;&#8221; row_type=&#8221;row&#8221; use_row_as_full_screen_section=&#8221;no&#8221; type=&#8221;full_width&#8221; angled_section=&#8221;no&#8221; text_align=&#8221;left&#8221; background_image_as_pattern=&#8221;without_pattern&#8221;][vc_column][vc_empty_space][\/vc_column][\/vc_row]<\/p>\n","protected":false},"excerpt":{"rendered":"<p>[vc_row css_animation=&#8221;&#8221; row_type=&#8221;row&#8221; use_row_as_full_screen_section=&#8221;no&#8221; type=&#8221;full_width&#8221; angled_section=&#8221;no&#8221; text_align=&#8221;left&#8221; background_image_as_pattern=&#8221;without_pattern&#8221;][vc_column][vc_empty_space][vc_column_text] [\/vc_column_text][vc_column_text] Inicio &gt; Comit\u00e9 de \u00c9tica [\/vc_column_text][\/vc_column][\/vc_row][vc_row css_animation=&#8221;&#8221; row_type=&#8221;row&#8221; use_row_as_full_screen_section=&#8221;no&#8221; type=&#8221;grid&#8221; angled_section=&#8221;no&#8221; text_align=&#8221;left&#8221; background_image_as_pattern=&#8221;without_pattern&#8221; z_index=&#8221;&#8221; css=&#8221;.vc_custom_1552698153049{padding-top: 32px !important;padding-bottom: 32px !important;}&#8221;][vc_column offset=&#8221;vc_col-lg-3 vc_col-md-6&#8243;][vc_column_text] Comit\u00e9 de \u00c9tica en Investigaci\u00f3n y Docencia del Instituto de Geociencias, UNAM [\/vc_column_text][vc_empty_space height=&#8221;10px&#8221;][vc_column_text] Con&#8230;<\/p>\n","protected":false},"author":2,"featured_media":0,"parent":0,"menu_order":0,"comment_status":"closed","ping_status":"closed","template":"full_width.php","meta":{"footnotes":""},"class_list":["post-7490","page","type-page","status-publish","hentry"],"_links":{"self":[{"href":"https:\/\/tellus.geociencias.unam.mx\/index.php\/wp-json\/wp\/v2\/pages\/7490","targetHints":{"allow":["GET"]}}],"collection":[{"href":"https:\/\/tellus.geociencias.unam.mx\/index.php\/wp-json\/wp\/v2\/pages"}],"about":[{"href":"https:\/\/tellus.geociencias.unam.mx\/index.php\/wp-json\/wp\/v2\/types\/page"}],"author":[{"embeddable":true,"href":"https:\/\/tellus.geociencias.unam.mx\/index.php\/wp-json\/wp\/v2\/users\/2"}],"replies":[{"embeddable":true,"href":"https:\/\/tellus.geociencias.unam.mx\/index.php\/wp-json\/wp\/v2\/comments?post=7490"}],"version-history":[{"count":48,"href":"https:\/\/tellus.geociencias.unam.mx\/index.php\/wp-json\/wp\/v2\/pages\/7490\/revisions"}],"predecessor-version":[{"id":12925,"href":"https:\/\/tellus.geociencias.unam.mx\/index.php\/wp-json\/wp\/v2\/pages\/7490\/revisions\/12925"}],"wp:attachment":[{"href":"https:\/\/tellus.geociencias.unam.mx\/index.php\/wp-json\/wp\/v2\/media?parent=7490"}],"curies":[{"name":"wp","href":"https:\/\/api.w.org\/{rel}","templated":true}]}}