{"id":5089,"date":"2020-01-10T23:50:15","date_gmt":"2020-01-10T23:50:15","guid":{"rendered":"http:\/\/tellus.geociencias.unam.mx\/?page_id=5089"},"modified":"2025-10-28T21:32:31","modified_gmt":"2025-10-28T21:32:31","slug":"serie","status":"publish","type":"page","link":"https:\/\/tellus.geociencias.unam.mx\/index.php\/serie\/","title":{"rendered":"Serie"},"content":{"rendered":"<p>[vc_row css_animation=&#8221;&#8221; row_type=&#8221;row&#8221; use_row_as_full_screen_section=&#8221;no&#8221; type=&#8221;full_width&#8221; angled_section=&#8221;no&#8221; text_align=&#8221;left&#8221; background_image_as_pattern=&#8221;without_pattern&#8221; css=&#8221;.vc_custom_1578702381554{margin-top: -70px !important;border-top-width: -70px !important;padding-top: -70px !important;}&#8221; z_index=&#8221;&#8221;][vc_column][vc_single_image image=&#8221;5116&#8243; img_size=&#8221;full&#8221; qode_css_animation=&#8221;&#8221;][vc_empty_space][\/vc_column][\/vc_row][vc_row css_animation=&#8221;&#8221; row_type=&#8221;row&#8221; use_row_as_full_screen_section=&#8221;no&#8221; type=&#8221;full_width&#8221; angled_section=&#8221;no&#8221; text_align=&#8221;left&#8221; background_image_as_pattern=&#8221;without_pattern&#8221; css=&#8221;.vc_custom_1578700914888{margin-top: 0px !important;border-top-width: 0px !important;padding-top: 0px !important;}&#8221; z_index=&#8221;&#8221;][vc_column width=&#8221;1\/4&#8243; css=&#8221;.vc_custom_1553033182225{margin-top: 0px !important;border-top-width: 0px !important;padding-top: 0px !important;}&#8221;][vc_empty_space][\/vc_column][vc_column width=&#8221;3\/4&#8243;][vc_column_text]<\/p>\n<h6 style=\"text-align: center;\"><a href=\"http:\/\/tellus.geociencias.unam.mx\/index.php\/experimentos-simples\/\">Experimentos simples para entender una Tierra complicada<\/a> &gt; Los Libros de la Serie<\/h6>\n<p>[\/vc_column_text][\/vc_column][\/vc_row][vc_row css_animation=&#8221;&#8221; row_type=&#8221;row&#8221; use_row_as_full_screen_section=&#8221;no&#8221; type=&#8221;grid&#8221; anchor=&#8221;Posgrado&#8221; angled_section=&#8221;no&#8221; text_align=&#8221;left&#8221; background_image_as_pattern=&#8221;without_pattern&#8221; z_index=&#8221;&#8221; css=&#8221;.vc_custom_1578701321196{padding-top: 32px !important;}&#8221;][vc_column offset=&#8221;vc_col-lg-3 vc_col-md-6&#8243;][vc_column_text]<\/p>\n<h2>Los Libros de la Serie<\/h2>\n<p>[\/vc_column_text][vc_empty_space height=&#8221;10px&#8221;][vc_column_text]<\/p>\n<h5>Los Libros de la Serie &#8220;<strong>Experimentos simples para entender una Tierra complicada<\/strong>&#8221; est\u00e1n disponibles en <strong>formato PDF en su versi\u00f3n original en espa\u00f1ol. Para versiones traducidas recomendamos visitar la secci\u00f3n <a href=\"https:\/\/tellus.geociencias.unam.mx\/index.php\/lenguas-ciencia\"><span style=\"color: #173ea8;\"><strong>A la Ciencia por las Lenguas<\/strong><\/span><\/a>.<\/strong><\/h5>\n<h5><strong>\u00a0<\/strong><\/h5>\n<p>&nbsp;<\/p>\n<h5>Para tener la <strong>rese\u00f1a<\/strong> de los libros <strong>recomendamos deslizar el <em>mouse<\/em><\/strong> sobre la imagen de cada uno.<\/h5>\n<p>[\/vc_column_text][vc_empty_space][\/vc_column][vc_column offset=&#8221;vc_col-lg-3 vc_col-md-6&#8243;][vc_hoverbox image=&#8221;5143&#8243; primary_title=&#8221;&#8221; hover_title=&#8221;&#8221; shape=&#8221;square&#8221;]<\/p>\n<h6><strong>Experimentos sobre gravedad y propiedad de los gases.<br \/>\n<\/strong>En este libro se explica c\u00f3mo hacer cuatro de los experimentos ideados por Galileo para entender la ca\u00edda de los cuerpos.<\/h6>\n<p>[\/vc_hoverbox][vc_empty_space height=&#8221;12px&#8221;][vc_column_text]<strong>Libro 1. <a href=\"http:\/\/tellus.geociencias.unam.mx\/wp-content\/uploads\/2020\/01\/libro1_expgalileo.pdf\" target=\"_blank\" rel=\"noopener noreferrer\">La presi\u00f3n atmosf\u00e9rica y la ca\u00edda de los cuerpos<\/a><\/strong>[\/vc_column_text][\/vc_column][vc_column offset=&#8221;vc_col-lg-3 vc_col-md-6&#8243;][vc_hoverbox image=&#8221;5118&#8243; primary_title=&#8221;&#8221; hover_title=&#8221;&#8221; shape=&#8221;square&#8221;]<\/p>\n<h6><strong>Experimentos con la luz.<br \/>\n<\/strong>En este libro se explican los experimentos dise\u00f1ados por Newton para demostrar que los colores provienen de la luz y no de los materiales como se pensaba antes.<\/h6>\n<p>[\/vc_hoverbox][vc_empty_space height=&#8221;12px&#8221;][vc_column_text]<strong>Libro 2. <a href=\"http:\/\/tellus.geociencias.unam.mx\/wp-content\/uploads\/2020\/01\/libro2_-luz_color.pdf\" target=\"_blank\" rel=\"noopener noreferrer\">La luz y los colores<\/a><br \/>\n<\/strong><\/p>\n<p>[\/vc_column_text][vc_empty_space height=&#8221;12px&#8221;][\/vc_column][vc_column offset=&#8221;vc_col-lg-3 vc_col-md-6&#8243;][vc_hoverbox image=&#8221;5125&#8243; primary_title=&#8221;&#8221; hover_title=&#8221;&#8221; shape=&#8221;square&#8221;]<\/p>\n<h6><strong>Experimentos sobre la densidad y la flotabilidad.<br \/>\n<\/strong>En este libro se explica como llevar a cabo ocho experimentos relacionados con el principio de Arqu\u00edmedes, formulado hace m\u00e1s de 2000 a\u00f1os.<\/h6>\n<p>[\/vc_hoverbox][vc_empty_space height=&#8221;12px&#8221;][vc_column_text]<strong><span style=\"vertical-align: inherit;\"><span style=\"vertical-align: inherit;\"><span style=\"vertical-align: inherit;\"><span style=\"vertical-align: inherit;\"><span style=\"vertical-align: inherit;\"><span style=\"vertical-align: inherit;\"><span style=\"vertical-align: inherit;\"><span style=\"vertical-align: inherit;\"><span style=\"vertical-align: inherit;\"><span style=\"vertical-align: inherit;\">Libro 3. <\/span><\/span><\/span><\/span><\/span><\/span><\/span><\/span><\/span><\/span><a href=\"https:\/\/tellus.geociencias.unam.mx\/wp-content\/uploads\/2021\/07\/Libro3_arquimedes3.pdf\" target=\"_blank\" rel=\"noopener noreferrer\"><span style=\"vertical-align: inherit;\"><span style=\"vertical-align: inherit;\"><span style=\"vertical-align: inherit;\"><span style=\"vertical-align: inherit;\"><span style=\"vertical-align: inherit;\"><span style=\"vertical-align: inherit;\"><span style=\"vertical-align: inherit;\"><span style=\"vertical-align: inherit;\"><span style=\"vertical-align: inherit;\"><span style=\"vertical-align: inherit;\">\u00a1Eureka! <\/span><\/span><\/span><\/span><\/span><\/span><\/span><\/span><\/span><span style=\"vertical-align: inherit;\"><span style=\"vertical-align: inherit;\"><span style=\"vertical-align: inherit;\"><span style=\"vertical-align: inherit;\"><span style=\"vertical-align: inherit;\"><span style=\"vertical-align: inherit;\"><span style=\"vertical-align: inherit;\"><span style=\"vertical-align: inherit;\"><span style=\"vertical-align: inherit;\">Los continentes y los oc\u00e9anos flotan<\/span><\/span><\/span><\/span><\/span><\/span><\/span><\/span><\/span><\/span><\/a><\/strong>[\/vc_column_text][vc_empty_space height=&#8221;12px&#8221;][\/vc_column][\/vc_row][vc_row css_animation=&#8221;&#8221; row_type=&#8221;row&#8221; use_row_as_full_screen_section=&#8221;no&#8221; type=&#8221;grid&#8221; anchor=&#8221;Posgrado&#8221; angled_section=&#8221;no&#8221; text_align=&#8221;left&#8221; background_image_as_pattern=&#8221;without_pattern&#8221; z_index=&#8221;&#8221; css=&#8221;.vc_custom_1578701321196{padding-top: 32px !important;}&#8221;][vc_column offset=&#8221;vc_col-lg-3 vc_col-md-6&#8243;][vc_column_text][\/vc_column_text][vc_empty_space height=&#8221;10px&#8221;][\/vc_column][vc_column offset=&#8221;vc_col-lg-3 vc_col-md-6&#8243;][vc_hoverbox image=&#8221;5136&#8243; primary_title=&#8221;&#8221; hover_title=&#8221;&#8221; shape=&#8221;square&#8221;]<\/p>\n<h6><strong>Experimentos para entender el clima.<\/strong><\/h6>\n<h6>Entre los temas que trata este libro est\u00e1 la \u00fanica demostraci\u00f3n que se ha propuesto de la rotaci\u00f3n de la Tierra sin ver los astros (con el P\u00e9ndulo de Foucault).<\/h6>\n<p>[\/vc_hoverbox][vc_empty_space height=&#8221;12px&#8221;][vc_column_text]<strong>Libro 4. <a href=\"http:\/\/tellus.geociencias.unam.mx\/wp-content\/uploads\/2020\/01\/libro4_foucault.pdf\" target=\"_blank\" rel=\"noopener noreferrer\">El Clima pendiendo de un hilo<\/a><br \/>\n<\/strong><\/p>\n<p>[\/vc_column_text][vc_empty_space height=&#8221;12px&#8221;][\/vc_column][vc_column offset=&#8221;vc_col-lg-3 vc_col-md-6&#8243;][vc_hoverbox image=&#8221;5139&#8243; primary_title=&#8221;&#8221; hover_title=&#8221;&#8221; shape=&#8221;square&#8221;]<\/p>\n<h6><strong>Sismos y tsunamis.<\/strong><\/h6>\n<h6>El libro est\u00e1 dividido por experimentos de ondas que se propagan en el agua, en s\u00f3lidos, en aire y en el vac\u00edo.<\/h6>\n<p>[\/vc_hoverbox][vc_empty_space height=&#8221;12px&#8221;][vc_column_text]<strong>Libro 5. <a href=\"http:\/\/tellus.geociencias.unam.mx\/wp-content\/uploads\/2020\/01\/libro5_ondastierra.pdf\" target=\"_blank\" rel=\"noopener noreferrer\">La Tierra y sus ondas<\/a><br \/>\n<\/strong><\/p>\n<p>[\/vc_column_text][vc_empty_space height=&#8221;12px&#8221;][\/vc_column][vc_column offset=&#8221;vc_col-lg-3 vc_col-md-6&#8243;][vc_hoverbox image=&#8221;5144&#8243; primary_title=&#8221;&#8221; hover_title=&#8221;&#8221; shape=&#8221;square&#8221;]<\/p>\n<h6><strong>Experimentos de Erat\u00f3stenes para medir la Tierra.<\/strong><\/h6>\n<h6>Este libro explica con sencillos experimentos c\u00f3mo hacer un mapa, c\u00f3mo llevar a cabo las mediciones de Erat\u00f3stenes hoy en d\u00eda, y presenta otros experimentos relacionados con la medici\u00f3n de objetos terrestres.<\/h6>\n<p>[\/vc_hoverbox][vc_empty_space height=&#8221;12px&#8221;][vc_column_text]<strong>Libro 6. <a href=\"http:\/\/tellus.geociencias.unam.mx\/wp-content\/uploads\/2020\/01\/libro6_medicion_tierra.pdf\" target=\"_blank\" rel=\"noopener noreferrer\">La medici\u00f3n de la Tierra<\/a><br \/>\n<\/strong><\/p>\n<p>[\/vc_column_text][vc_empty_space height=&#8221;12px&#8221;][\/vc_column][\/vc_row][vc_row css_animation=&#8221;&#8221; row_type=&#8221;row&#8221; use_row_as_full_screen_section=&#8221;no&#8221; type=&#8221;grid&#8221; anchor=&#8221;Posgrado&#8221; angled_section=&#8221;no&#8221; text_align=&#8221;left&#8221; background_image_as_pattern=&#8221;without_pattern&#8221; z_index=&#8221;&#8221; css=&#8221;.vc_custom_1578701321196{padding-top: 32px !important;}&#8221;][vc_column offset=&#8221;vc_col-lg-3 vc_col-md-6&#8243;][vc_column_text][\/vc_column_text][vc_empty_space height=&#8221;10px&#8221;][\/vc_column][vc_column offset=&#8221;vc_col-lg-3 vc_col-md-6&#8243;][vc_hoverbox image=&#8221;5147&#8243; primary_title=&#8221;&#8221; hover_title=&#8221;&#8221; shape=&#8221;square&#8221;]<\/p>\n<h6><strong>La edad de la Tierra.<\/strong><\/h6>\n<h6>Entre los temas que se tratan en este libro est\u00e1n las leyes de la gen\u00e9tica, la transmisi\u00f3n del calor, la diferencia entre mezcla y disoluci\u00f3n, la sedimentaci\u00f3n y erosi\u00f3n, la salinidad del mar y la desintegraci\u00f3n radiactiva.<\/h6>\n<p>[\/vc_hoverbox][vc_empty_space height=&#8221;12px&#8221;][vc_column_text]<strong>Libro 7. <a href=\"http:\/\/tellus.geociencias.unam.mx\/wp-content\/uploads\/2020\/01\/libro7_edad_tierra.pdf\" target=\"_blank\" rel=\"noopener noreferrer\">La edad de la Tierra<\/a><br \/>\n<\/strong><\/p>\n<p>[\/vc_column_text][vc_empty_space height=&#8221;12px&#8221;][\/vc_column][vc_column offset=&#8221;vc_col-lg-3 vc_col-md-6&#8243;][vc_hoverbox image=&#8221;5148&#8243; primary_title=&#8221;&#8221; hover_title=&#8221;&#8221; shape=&#8221;square&#8221;]<\/p>\n<h6><strong>Experimentos sobre electricidad y magnetismo.<\/strong><br \/>\nEn este libro se explican los fundamentos de la electricidad y su relaci\u00f3n con magnetismo con sencillos experimentos.<\/h6>\n<p>[\/vc_hoverbox][vc_empty_space height=&#8221;12px&#8221;][vc_column_text]<strong>Libro 8. <a href=\"http:\/\/tellus.geociencias.unam.mx\/wp-content\/uploads\/2020\/01\/libro8_electr.pdf\" target=\"_blank\" rel=\"noopener noreferrer\">\u00a1A la Carga!<\/a><\/strong>[\/vc_column_text][vc_empty_space height=&#8221;12px&#8221;][\/vc_column][vc_column offset=&#8221;vc_col-lg-3 vc_col-md-6&#8243;][vc_hoverbox image=&#8221;12634&#8243; primary_title=&#8221;&#8221; hover_title=&#8221;&#8221; shape=&#8221;square&#8221; el_width=&#8221;60&#8243;]Recetas de reacciones qu\u00edmicas que cambiaron la historia de la Tierra[\/vc_hoverbox][vc_empty_space height=&#8221;12px&#8221;][vc_column_text]<strong>Libro 9. <a href=\"https:\/\/tellus.geociencias.unam.mx\/wp-content\/uploads\/2025\/10\/Libro9Quimica-ESTC_UNAM.pdf\">Recetas de reacciones qu\u00edmicas que cambiaron la historia de la Tierra<\/a><br \/>\n<\/strong>[\/vc_column_text][vc_empty_space height=&#8221;12px&#8221;][\/vc_column][\/vc_row][vc_row css_animation=&#8221;&#8221; row_type=&#8221;row&#8221; use_row_as_full_screen_section=&#8221;no&#8221; type=&#8221;grid&#8221; anchor=&#8221;Posgrado&#8221; angled_section=&#8221;no&#8221; text_align=&#8221;left&#8221; background_image_as_pattern=&#8221;without_pattern&#8221; z_index=&#8221;&#8221; css=&#8221;.vc_custom_1598478902506{padding-top: 32px !important;}&#8221;][vc_column offset=&#8221;vc_col-lg-3 vc_col-md-6&#8243;][vc_column_text]<\/p>\n<h2>Ediciones Especiales<\/h2>\n<p>[\/vc_column_text][vc_empty_space height=&#8221;10px&#8221;][\/vc_column][vc_column offset=&#8221;vc_col-lg-3 vc_col-md-6&#8243;][vc_hoverbox image=&#8221;5146&#8243; primary_title=&#8221;&#8221; hover_title=&#8221;&#8221; shape=&#8221;square&#8221;]<\/p>\n<h6><strong>EDICI\u00d3N ESPECIAL.<\/strong><\/h6>\n<h6>&#8220;De la br\u00fajula al motor el\u00e9ctrico&#8221; contiene ligas a videos de los experimentos.<\/h6>\n<p>&nbsp;<\/p>\n<p>&nbsp;<\/p>\n<p>[\/vc_hoverbox][vc_empty_space height=&#8221;12px&#8221;][vc_column_text]<strong><a href=\"https:\/\/tellus.geociencias.unam.mx\/wp-content\/uploads\/2020\/01\/brujula_completo_impreso.pdf\" target=\"_blank\" rel=\"noopener noreferrer\">\u00a0&#8220;De la br\u00fajula al motor el\u00e9ctrico&#8221;<\/a><br \/>\n<\/strong>[\/vc_column_text][\/vc_column][vc_column offset=&#8221;vc_col-lg-3 vc_col-md-6&#8243;][vc_hoverbox image=&#8221;5953&#8243; primary_title=&#8221;&#8221; hover_title=&#8221;&#8221; shape=&#8221;square&#8221;]<\/p>\n<h6 style=\"text-align: center;\"><strong>EDICI\u00d3N ESPECIAL<\/strong><\/h6>\n<h6>Este libro compila cinco de los ocho fasc\u00edculos de la Serie y pretende dar una idea general de c\u00f3mo funciona la ciencia a trav\u00e9s de experimentos propuestos por grandes cient\u00edficos.<\/h6>\n<p>[\/vc_hoverbox][vc_empty_space height=&#8221;12px&#8221;][vc_column_text]<a href=\"https:\/\/tellus.geociencias.unam.mx\/wp-content\/uploads\/2020\/01\/serie_seleccion_experimentos.pdf\" target=\"_blank\" rel=\"noopener noreferrer\"><strong>&#8220;Selecci\u00f3n de Experimentos simples para entender una Tierra complicada&#8221;<\/strong><\/a>[\/vc_column_text][vc_empty_space height=&#8221;12px&#8221;][\/vc_column][\/vc_row][vc_row css_animation=&#8221;&#8221; row_type=&#8221;row&#8221; use_row_as_full_screen_section=&#8221;no&#8221; type=&#8221;grid&#8221; anchor=&#8221;Posgrado&#8221; angled_section=&#8221;no&#8221; text_align=&#8221;left&#8221; background_image_as_pattern=&#8221;without_pattern&#8221; z_index=&#8221;&#8221; css=&#8221;.vc_custom_1578701321196{padding-top: 32px !important;}&#8221;][vc_column offset=&#8221;vc_col-lg-3 vc_col-md-6&#8243;][vc_column_text]<\/p>\n<h2><b>Experimentos para las materias de Ciencias Naturales y Geograf\u00eda de Primaria<\/b><\/h2>\n<p>[\/vc_column_text][vc_column_text][\/vc_column_text][vc_empty_space height=&#8221;10px&#8221;][\/vc_column][vc_column offset=&#8221;vc_col-lg-3 vc_col-md-6&#8243;][vc_single_image image=&#8221;5167&#8243; img_size=&#8221;full&#8221; alignment=&#8221;center&#8221; qode_css_animation=&#8221;&#8221; qode_hover_animation=&#8221;zoom_in&#8221;][vc_empty_space height=&#8221;12px&#8221;][vc_column_text]<strong>Libro para 4\u00b0 de Primaria<br \/>\n<\/strong><\/p>\n<p>Disponible en <strong><a href=\"http:\/\/tellus.geociencias.unam.mx\/wp-content\/uploads\/2020\/01\/libro_cuarto-1.pdf\" target=\"_blank\" rel=\"noopener noreferrer\">espa\u00f1ol<\/a><\/strong>.<\/p>\n<p><a href=\"https:\/\/tellus.geociencias.unam.mx\/wp-content\/uploads\/2021\/12\/INDICE_LIBRO-4to.pdf\"><strong>\u00cdndice ilustrado con videos<\/strong><\/a>[\/vc_column_text][\/vc_column][vc_column offset=&#8221;vc_col-lg-3 vc_col-md-6&#8243;][vc_single_image image=&#8221;5170&#8243; img_size=&#8221;full&#8221; alignment=&#8221;center&#8221; qode_css_animation=&#8221;&#8221; qode_hover_animation=&#8221;zoom_in&#8221;][vc_empty_space height=&#8221;12px&#8221;][vc_column_text]<strong>Libro para 5\u00b0 de Primaria<br \/>\n<\/strong><\/p>\n<p>Disponible en <strong><a href=\"http:\/\/tellus.geociencias.unam.mx\/wp-content\/uploads\/2020\/01\/libro_quinto-1.pdf\" target=\"_blank\" rel=\"noopener noreferrer\">espa\u00f1ol<\/a><\/strong>.<\/p>\n<p><a href=\"https:\/\/tellus.geociencias.unam.mx\/wp-content\/uploads\/2021\/12\/INDICE_LIBRO-5to.pdf\" target=\"_blank\" rel=\"noopener noreferrer\"><strong>\u00cdndice ilustrado con videos<\/strong><\/a>[\/vc_column_text][vc_empty_space height=&#8221;12px&#8221;][\/vc_column][vc_column offset=&#8221;vc_col-lg-3 vc_col-md-6&#8243;][vc_single_image image=&#8221;5172&#8243; img_size=&#8221;full&#8221; alignment=&#8221;center&#8221; qode_css_animation=&#8221;&#8221; qode_hover_animation=&#8221;zoom_in&#8221;][vc_empty_space height=&#8221;12px&#8221;][vc_column_text]<strong>Libro para 6\u00b0 de Primaria<br \/>\n<\/strong><\/p>\n<p>Disponible en <strong><a href=\"http:\/\/tellus.geociencias.unam.mx\/wp-content\/uploads\/2020\/01\/libro_sexto-1.pdf\" target=\"_blank\" rel=\"noopener noreferrer\">espa\u00f1ol<\/a><\/strong>.[\/vc_column_text][vc_empty_space height=&#8221;12px&#8221;][\/vc_column][\/vc_row][vc_row css_animation=&#8221;&#8221; row_type=&#8221;row&#8221; use_row_as_full_screen_section=&#8221;no&#8221; type=&#8221;full_width&#8221; angled_section=&#8221;no&#8221; text_align=&#8221;left&#8221; background_image_as_pattern=&#8221;without_pattern&#8221;][vc_column][vc_empty_space][\/vc_column][\/vc_row]<\/p>\n","protected":false},"excerpt":{"rendered":"<p>[vc_row css_animation=&#8221;&#8221; row_type=&#8221;row&#8221; use_row_as_full_screen_section=&#8221;no&#8221; type=&#8221;full_width&#8221; angled_section=&#8221;no&#8221; text_align=&#8221;left&#8221; background_image_as_pattern=&#8221;without_pattern&#8221; css=&#8221;.vc_custom_1578702381554{margin-top: -70px !important;border-top-width: -70px !important;padding-top: -70px !important;}&#8221; z_index=&#8221;&#8221;][vc_column][vc_single_image image=&#8221;5116&#8243; img_size=&#8221;full&#8221; qode_css_animation=&#8221;&#8221;][vc_empty_space][\/vc_column][\/vc_row][vc_row css_animation=&#8221;&#8221; row_type=&#8221;row&#8221; use_row_as_full_screen_section=&#8221;no&#8221; type=&#8221;full_width&#8221; angled_section=&#8221;no&#8221; text_align=&#8221;left&#8221; background_image_as_pattern=&#8221;without_pattern&#8221; css=&#8221;.vc_custom_1578700914888{margin-top: 0px !important;border-top-width: 0px !important;padding-top: 0px !important;}&#8221; z_index=&#8221;&#8221;][vc_column width=&#8221;1\/4&#8243; css=&#8221;.vc_custom_1553033182225{margin-top: 0px !important;border-top-width: 0px !important;padding-top: 0px !important;}&#8221;][vc_empty_space][\/vc_column][vc_column width=&#8221;3\/4&#8243;][vc_column_text] Experimentos simples&#8230;<\/p>\n","protected":false},"author":2,"featured_media":0,"parent":0,"menu_order":0,"comment_status":"closed","ping_status":"closed","template":"full_width.php","meta":{"footnotes":""},"class_list":["post-5089","page","type-page","status-publish","hentry"],"_links":{"self":[{"href":"https:\/\/tellus.geociencias.unam.mx\/index.php\/wp-json\/wp\/v2\/pages\/5089","targetHints":{"allow":["GET"]}}],"collection":[{"href":"https:\/\/tellus.geociencias.unam.mx\/index.php\/wp-json\/wp\/v2\/pages"}],"about":[{"href":"https:\/\/tellus.geociencias.unam.mx\/index.php\/wp-json\/wp\/v2\/types\/page"}],"author":[{"embeddable":true,"href":"https:\/\/tellus.geociencias.unam.mx\/index.php\/wp-json\/wp\/v2\/users\/2"}],"replies":[{"embeddable":true,"href":"https:\/\/tellus.geociencias.unam.mx\/index.php\/wp-json\/wp\/v2\/comments?post=5089"}],"version-history":[{"count":86,"href":"https:\/\/tellus.geociencias.unam.mx\/index.php\/wp-json\/wp\/v2\/pages\/5089\/revisions"}],"predecessor-version":[{"id":12635,"href":"https:\/\/tellus.geociencias.unam.mx\/index.php\/wp-json\/wp\/v2\/pages\/5089\/revisions\/12635"}],"wp:attachment":[{"href":"https:\/\/tellus.geociencias.unam.mx\/index.php\/wp-json\/wp\/v2\/media?parent=5089"}],"curies":[{"name":"wp","href":"https:\/\/api.w.org\/{rel}","templated":true}]}}