{"id":5005,"date":"2020-01-08T21:20:33","date_gmt":"2020-01-08T21:20:33","guid":{"rendered":"http:\/\/tellus.geociencias.unam.mx\/?page_id=5005"},"modified":"2024-04-01T18:19:49","modified_gmt":"2024-04-01T18:19:49","slug":"experimentos-simples","status":"publish","type":"page","link":"https:\/\/tellus.geociencias.unam.mx\/index.php\/experimentos-simples\/","title":{"rendered":"Experimentos Simples"},"content":{"rendered":"<p>[vc_row css_animation=&#8221;&#8221; row_type=&#8221;row&#8221; use_row_as_full_screen_section=&#8221;no&#8221; type=&#8221;full_width&#8221; angled_section=&#8221;no&#8221; text_align=&#8221;left&#8221; background_image_as_pattern=&#8221;without_pattern&#8221;][vc_column][\/vc_column][\/vc_row][vc_row css_animation=&#8221;&#8221; row_type=&#8221;row&#8221; use_row_as_full_screen_section=&#8221;no&#8221; type=&#8221;grid&#8221; angled_section=&#8221;no&#8221; text_align=&#8221;left&#8221; background_image_as_pattern=&#8221;without_pattern&#8221; z_index=&#8221;&#8221; css=&#8221;.vc_custom_1578518161750{padding-top: 0px !important;padding-bottom: 70px !important;}&#8221;][vc_column width=&#8221;1\/4&#8243; offset=&#8221;vc_col-lg-3 vc_col-md-6&#8243;][vc_column_text]<\/p>\n<h2>Lugar perfecto para ni\u00f1os y j\u00f3venes<\/h2>\n<p>[\/vc_column_text][vc_empty_space height=&#8221;10px&#8221;][vc_column_text]<\/p>\n<h5>&#8220;Experimentos simples para entender una Tierra complicada&#8221; producida por el Instituto de Geociencias de la UNAM, est\u00e1 basada en los &#8220;<strong><a href=\"http:\/\/tellus.geociencias.unam.mx\/wp-content\/uploads\/2020\/01\/experimentos_historia.pdf\" target=\"_blank\" rel=\"noopener noreferrer\"><span style=\"color: #173ea8;\"><strong>Diez experimentos m\u00e1s bellos de la historia<\/strong><\/span><\/a>&#8220;<\/strong>, lista publicada por la revista Physics World en su n\u00famero de septiembre del 2002.<\/h5>\n<p>&nbsp;<\/p>\n<h6>Responsable del Proyecto:<br \/>\nDra. Susana Alaniz \u00c1lvarez<\/h6>\n<h6>experimentitos@geociencias.unam.mx<\/h6>\n<p>[\/vc_column_text][vc_empty_space height=&#8221;43px&#8221;][\/vc_column][vc_column width=&#8221;1\/4&#8243; offset=&#8221;vc_col-lg-3 vc_col-md-6&#8243;][vc_single_image image=&#8221;5214&#8243; img_size=&#8221;full&#8221; qode_css_animation=&#8221;&#8221;][vc_empty_space height=&#8221;12px&#8221;][vc_column_text]<\/p>\n<h2>Experimentos Cient\u00edficos<\/h2>\n<p>[\/vc_column_text][vc_empty_space height=&#8221;5px&#8221;][vc_column_text]Nuestro prop\u00f3sito es lograr que los estudiantes <strong>entiendan a trav\u00e9s de la experimentaci\u00f3n<\/strong> fen\u00f3menos que\u00a0 ocurren tanto en nuestra vida cotidiana<br \/>\ncomo en nuestro planeta.[\/vc_column_text][vc_empty_space height=&#8221;17px&#8221;]\n\n\t<a href=\"https:\/\/www.youtube.com\/watch?v=0O_TRDxCQ6Q\" target=\"_blank\" style=\"color: #97774e\" class=\"qode-btn qode-btn-medium qode-btn-simple qode-btn-custom-hover-color qode-btn-icon qode-btn-default-hover\" data-hover-color=\"#97774e\" >\n\t    <span class=\"qode-btn-text\">Ver aqu\u00ed el Video<\/span><span class=\"qode-button-v2-icon-holder\"  ><i class=\"qode_icon_font_awesome fa fa-caret-right qode-button-v2-icon-holder-inner\" ><\/i><\/span>\t<\/a>\n\n[vc_empty_space height=&#8221;40px&#8221;][\/vc_column][vc_column width=&#8221;1\/4&#8243;][vc_single_image image=&#8221;5046&#8243; img_size=&#8221;full&#8221; qode_css_animation=&#8221;&#8221;][vc_empty_space height=&#8221;12px&#8221;][vc_column_text]<\/p>\n<h2><a href=\"http:\/\/tellus.geociencias.unam.mx\/index.php\/serie\/\">Los Libros de la Serie<\/a><\/h2>\n<p>[\/vc_column_text][vc_empty_space height=&#8221;5px&#8221;][vc_column_text]Los Libros de la Serie est\u00e1n disponibles en espa\u00f1ol y pueden descargarse en formato PDF.<strong><br \/>\n<\/strong><\/p>\n<p>Todos los experimentos mencionados se hacen con material muy sencillo.[\/vc_column_text][vc_empty_space height=&#8221;17px&#8221;]\n\n\t<a href=\"http:\/\/tellus.geociencias.unam.mx\/index.php\/serie\/\" target=\"_self\" style=\"color: #97774e\" class=\"qode-btn qode-btn-medium qode-btn-simple qode-btn-custom-hover-color qode-btn-icon qode-btn-default-hover\" data-hover-color=\"#97774e\" >\n\t    <span class=\"qode-btn-text\">Consulte y descargue los Libros<\/span><span class=\"qode-button-v2-icon-holder\"  ><i class=\"qode_icon_font_awesome fa fa-caret-right qode-button-v2-icon-holder-inner\" ><\/i><\/span>\t<\/a>\n\n[vc_empty_space height=&#8221;40px&#8221;][\/vc_column][vc_column width=&#8221;1\/4&#8243;][vc_single_image image=&#8221;5363&#8243; img_size=&#8221;full&#8221; qode_css_animation=&#8221;&#8221;][vc_empty_space height=&#8221;12px&#8221;][vc_column_text]<\/p>\n<h2><a href=\"http:\/\/tellus.geociencias.unam.mx\/index.php\/lenguas-ciencia\/\">A la Ciencia por las Lenguas<\/a><\/h2>\n<p>[\/vc_column_text][vc_empty_space height=&#8221;5px&#8221;][vc_column_text]Los Libros de la Serie han sido <strong>traducidos al ingl\u00e9s, franc\u00e9s, italiano, alem\u00e1n y chino.<\/strong><\/p>\n<p>[\/vc_column_text][vc_empty_space height=&#8221;17px&#8221;]\n\n\t<a href=\"http:\/\/tellus.geociencias.unam.mx\/index.php\/lenguas-ciencia\/\" target=\"_self\" style=\"color: #97774e\" class=\"qode-btn qode-btn-medium qode-btn-simple qode-btn-custom-hover-color qode-btn-icon qode-btn-default-hover\" data-hover-color=\"#97774e\" >\n\t    <span class=\"qode-btn-text\">M\u00e1s informaci\u00f3n<\/span><span class=\"qode-button-v2-icon-holder\"  ><i class=\"qode_icon_font_awesome fa fa-caret-right qode-button-v2-icon-holder-inner\" ><\/i><\/span>\t<\/a>\n\n[vc_empty_space height=&#8221;40px&#8221;][\/vc_column][\/vc_row][vc_row row_type=&#8221;parallax&#8221; parallax_content_width=&#8221;in_grid&#8221; text_align=&#8221;center&#8221; background_image=&#8221;5202&#8243; full_screen_section_height=&#8221;no&#8221; css=&#8221;.vc_custom_1579291522653{padding-top: 64px !important;padding-bottom: 64px !important;}&#8221;][vc_column][qode_elements_holder number_of_columns=&#8221;one_column&#8221;][qode_elements_holder_item item_padding=&#8221;125px 0% 70px&#8221; advanced_animations=&#8221;no&#8221; item_padding_1280_1440=&#8221;125px 18% 110px&#8221; item_padding_1024_1280=&#8221;125px 15% 110px&#8221; item_padding_768_1024=&#8221;125px 15% 110px&#8221;][vc_row_inner row_type=&#8221;row&#8221; type=&#8221;full_width&#8221; text_align=&#8221;left&#8221; css_animation=&#8221;&#8221;][vc_column_inner width=&#8221;1\/2&#8243; offset=&#8221;vc_col-md-3&#8243;]<div class=\"q_counter_holder  left boxed_counter\" style=\"border-color:rgba(0,0,0,0.01);\"><span class=\"counter  zero\" style=\"color: #ffffff;font-size: 60px;font-weight: 600;\">280000<\/span><p class=\"counter_text\" style=\"font-size: 25px;font-weight: 500;text-transform: none;color: #ffffff;\">Libros impresos<\/p><\/div>[vc_empty_space height=&#8221;40px&#8221;][\/vc_column_inner][vc_column_inner width=&#8221;1\/2&#8243; offset=&#8221;vc_col-md-3&#8243;]<div class=\"q_counter_holder  left boxed_counter\" style=\"border-color:rgba(0,0,0,0.01);\"><span class=\"counter  zero\" style=\"color: #ffffff;font-size: 60px;font-weight: 600;\">1500<\/span><p class=\"counter_text\" style=\"font-size: 25px;font-weight: 500;text-transform: none;color: #ffffff;\">Escuelas atendidas<\/p><\/div>[vc_empty_space height=&#8221;40px&#8221;][\/vc_column_inner][vc_column_inner width=&#8221;1\/2&#8243; offset=&#8221;vc_col-md-3&#8243;]<div class=\"q_counter_holder  left boxed_counter\" style=\"border-color:rgba(0,0,0,0.01);\"><span class=\"counter  zero\" style=\"color: #ffffff;font-size: 60px;font-weight: 600;\">1700<\/span><p class=\"counter_text\" style=\"font-size: 25px;font-weight: 500;text-transform: none;color: #ffffff;\">Maestros capacitados<\/p><\/div>[vc_empty_space height=&#8221;40px&#8221;][\/vc_column_inner][vc_column_inner width=&#8221;1\/2&#8243; offset=&#8221;vc_col-md-3&#8243;]<div class=\"q_counter_holder  left boxed_counter\" style=\"border-color:rgba(0,0,0,0.01);\"><span class=\"counter  zero\" style=\"color: #ffffff;font-size: 60px;font-weight: 600;\">45000<\/span><p class=\"counter_text\" style=\"font-size: 25px;font-weight: 500;text-transform: none;color: #ffffff;\">Ni\u00f1os y j\u00f3venes participantes<\/p><\/div>[vc_empty_space height=&#8221;40px&#8221;][\/vc_column_inner][\/vc_row_inner][\/qode_elements_holder_item][\/qode_elements_holder][\/vc_column][\/vc_row][vc_row css_animation=&#8221;&#8221; row_type=&#8221;row&#8221; use_row_as_full_screen_section=&#8221;no&#8221; type=&#8221;full_width&#8221; angled_section=&#8221;no&#8221; text_align=&#8221;left&#8221; background_image_as_pattern=&#8221;without_pattern&#8221;][vc_column][vc_empty_space][\/vc_column][\/vc_row][vc_row css_animation=&#8221;&#8221; row_type=&#8221;row&#8221; use_row_as_full_screen_section=&#8221;no&#8221; type=&#8221;full_width&#8221; angled_section=&#8221;no&#8221; text_align=&#8221;left&#8221; background_image_as_pattern=&#8221;without_pattern&#8221;][vc_column][vc_column_text]<\/p>\n<h1 style=\"text-align: center;\">Videos sobre Ciencias de la Tierra<\/h1>\n<p>[\/vc_column_text][\/vc_column][\/vc_row][vc_row css_animation=&#8221;&#8221; row_type=&#8221;row&#8221; use_row_as_full_screen_section=&#8221;no&#8221; type=&#8221;grid&#8221; angled_section=&#8221;no&#8221; text_align=&#8221;left&#8221; background_image_as_pattern=&#8221;without_pattern&#8221; z_index=&#8221;&#8221; css=&#8221;.vc_custom_1578538453721{padding-top: 32px !important;padding-bottom: 60px !important;}&#8221;][vc_column offset=&#8221;vc_col-md-6&#8243;][qode_elements_holder number_of_columns=&#8221;one_column&#8221;][qode_elements_holder_item horizontal_alignment=&#8221;center&#8221; advanced_animations=&#8221;no&#8221; custom_class=&#8221;eh-shadow&#8221;]<div class=\"qode_video_box disabled_hover_overlay disabled_hover_zoom\">\r\n\t<a itemprop=\"image\" class=\"qode_video_image\" href=\"https:\/\/www.youtube.com\/watch?v=EClpvClNAp8\" data-rel=\"prettyPhoto\">\r\n\t\t\t\r\n\t\t\t<img decoding=\"async\" src=\"https:\/\/tellus.geociencias.unam.mx\/wp-content\/uploads\/2020\/01\/video_deriva2.jpg\" \/>\r\n\t\t\t<span class=\"qode_video_box_button_holder\">\r\n\t\t\t\t<span class=\"qode_video_box_button\">\r\n\t\t\t\t\t<span class=\"qode_video_box_button_arrow\">\r\n\t\t\t\t\t<\/span>\r\n\t\t\t\t<\/span>\r\n\t\t\t<\/span>\r\n\t\t\t<\/a>\r\n<\/div>[\/qode_elements_holder_item][\/qode_elements_holder][vc_empty_space height=&#8221;40px&#8221;][\/vc_column][vc_column offset=&#8221;vc_col-md-6&#8243;][qode_elements_holder number_of_columns=&#8221;one_column&#8221;][qode_elements_holder_item item_padding=&#8221;0px 0px 0px 2%&#8221; advanced_animations=&#8221;no&#8221; item_padding_768_1024=&#8221;0px&#8221; item_padding_600_768=&#8221;0px&#8221; item_padding_480_600=&#8221;0px&#8221; item_padding_480=&#8221;0px&#8221;][vc_column_text]<\/p>\n<h3>En el video de la izquierda se muestra uno de los m\u00e1s grandes descubrimientos del siglo XX en las Ciencias de la Tierra, la <strong>Deriva Continental<\/strong>, explicada de una manera sencilla, l\u00fadica y amena. Tambi\u00e9n habla sobre la Pangea, la Tect\u00f3nica de Placas y por qu\u00e9 flotan los continentes.<\/h3>\n<h2><strong>\u00a0<\/strong><\/h2>\n<p>[\/vc_column_text][vc_column_text]<\/p>\n<h5><strong>Recomendamos ver los videos adicionales.<\/strong><\/h5>\n<h2><strong>\u00a0<\/strong><\/h2>\n<p>[\/vc_column_text]<a  itemprop=\"url\" href=\"https:\/\/www.youtube.com\/watch?v=ErEHc3H3ic8\" target=\"_blank\" data-hover-background-color=#233faa data-hover-border-color=#233faa  class=\"qbutton  small default\" style=\"border-color: #94774b; font-size: 20px; letter-spacing: 0px; border-radius: 0px;-moz-border-radius: 0px;-webkit-border-radius: 0px; background-color: #94774b;\">La edad de la Tierra<i class=\"qode_icon_font_awesome fa fa-youtube qode_button_icon_element\" style=\"\" ><\/i><\/a>[vc_empty_space height=&#8221;18px&#8221;]<a  itemprop=\"url\" href=\"https:\/\/www.youtube.com\/watch?v=QSgDMFedpbs\" target=\"_blank\" data-hover-background-color=#233faa data-hover-border-color=#233faa  class=\"qbutton  small default\" style=\"border-color: #94774b; font-size: 20px; letter-spacing: 0px; border-radius: 0px;-moz-border-radius: 0px;-webkit-border-radius: 0px; background-color: #94774b;\">La Luz y los Colores<i class=\"qode_icon_font_awesome fa fa-youtube qode_button_icon_element\" style=\"\" ><\/i><\/a>[vc_empty_space height=&#8221;40px&#8221;][\/qode_elements_holder_item][\/qode_elements_holder][\/vc_column][\/vc_row]<\/p>\n","protected":false},"excerpt":{"rendered":"<p>[vc_row css_animation=&#8221;&#8221; row_type=&#8221;row&#8221; use_row_as_full_screen_section=&#8221;no&#8221; type=&#8221;full_width&#8221; angled_section=&#8221;no&#8221; text_align=&#8221;left&#8221; background_image_as_pattern=&#8221;without_pattern&#8221;][vc_column][\/vc_column][\/vc_row][vc_row css_animation=&#8221;&#8221; row_type=&#8221;row&#8221; use_row_as_full_screen_section=&#8221;no&#8221; type=&#8221;grid&#8221; angled_section=&#8221;no&#8221; text_align=&#8221;left&#8221; background_image_as_pattern=&#8221;without_pattern&#8221; z_index=&#8221;&#8221; css=&#8221;.vc_custom_1578518161750{padding-top: 0px !important;padding-bottom: 70px !important;}&#8221;][vc_column width=&#8221;1\/4&#8243; offset=&#8221;vc_col-lg-3 vc_col-md-6&#8243;][vc_column_text] Lugar perfecto para ni\u00f1os y j\u00f3venes [\/vc_column_text][vc_empty_space height=&#8221;10px&#8221;][vc_column_text] &#8220;Experimentos simples para entender una Tierra complicada&#8221; producida por el Instituto de Geociencias&#8230;<\/p>\n","protected":false},"author":2,"featured_media":0,"parent":0,"menu_order":0,"comment_status":"closed","ping_status":"closed","template":"full_width.php","meta":{"footnotes":""},"class_list":["post-5005","page","type-page","status-publish","hentry"],"_links":{"self":[{"href":"https:\/\/tellus.geociencias.unam.mx\/index.php\/wp-json\/wp\/v2\/pages\/5005","targetHints":{"allow":["GET"]}}],"collection":[{"href":"https:\/\/tellus.geociencias.unam.mx\/index.php\/wp-json\/wp\/v2\/pages"}],"about":[{"href":"https:\/\/tellus.geociencias.unam.mx\/index.php\/wp-json\/wp\/v2\/types\/page"}],"author":[{"embeddable":true,"href":"https:\/\/tellus.geociencias.unam.mx\/index.php\/wp-json\/wp\/v2\/users\/2"}],"replies":[{"embeddable":true,"href":"https:\/\/tellus.geociencias.unam.mx\/index.php\/wp-json\/wp\/v2\/comments?post=5005"}],"version-history":[{"count":47,"href":"https:\/\/tellus.geociencias.unam.mx\/index.php\/wp-json\/wp\/v2\/pages\/5005\/revisions"}],"predecessor-version":[{"id":10549,"href":"https:\/\/tellus.geociencias.unam.mx\/index.php\/wp-json\/wp\/v2\/pages\/5005\/revisions\/10549"}],"wp:attachment":[{"href":"https:\/\/tellus.geociencias.unam.mx\/index.php\/wp-json\/wp\/v2\/media?parent=5005"}],"curies":[{"name":"wp","href":"https:\/\/api.w.org\/{rel}","templated":true}]}}