{"id":3855,"date":"2019-04-10T21:23:38","date_gmt":"2019-04-10T21:23:38","guid":{"rendered":"http:\/\/tellus.geociencias.unam.mx\/?page_id=3855"},"modified":"2026-05-07T19:28:32","modified_gmt":"2026-05-07T19:28:32","slug":"quienes-somos","status":"publish","type":"page","link":"https:\/\/tellus.geociencias.unam.mx\/index.php\/quienes-somos\/","title":{"rendered":"Quienes Somos"},"content":{"rendered":"<p>[vc_row css_animation=&#8221;&#8221; row_type=&#8221;row&#8221; use_row_as_full_screen_section=&#8221;no&#8221; type=&#8221;full_width&#8221; angled_section=&#8221;no&#8221; text_align=&#8221;left&#8221; background_image_as_pattern=&#8221;without_pattern&#8221;][vc_column][vc_single_image image=&#8221;5918&#8243; img_size=&#8221;full&#8221; alignment=&#8221;center&#8221; qode_css_animation=&#8221;&#8221; css=&#8221;.vc_custom_1597889357538{margin-top: -70px !important;border-top-width: -70px !important;padding-top: -70px !important;}&#8221;][vc_empty_space][vc_column_text]<\/p>\n<h1 style=\"text-align: center;\">Qui\u00e9nes Somos<\/h1>\n<p>[\/vc_column_text][\/vc_column][\/vc_row][vc_row css_animation=&#8221;&#8221; row_type=&#8221;row&#8221; use_row_as_full_screen_section=&#8221;no&#8221; type=&#8221;grid&#8221; angled_section=&#8221;no&#8221; text_align=&#8221;left&#8221; background_image_as_pattern=&#8221;without_pattern&#8221; z_index=&#8221;&#8221; css=&#8221;.vc_custom_1552698153049{padding-top: 32px !important;padding-bottom: 32px !important;}&#8221;][vc_column offset=&#8221;vc_col-lg-3 vc_col-md-6&#8243;][vc_column_text]<\/p>\n<h1>Un polo de desarrollo regional<\/h1>\n<p>[\/vc_column_text][vc_empty_space height=&#8221;10px&#8221;][vc_column_text]<\/p>\n<h3>Con una visi\u00f3n interdisciplinaria<br \/>\ny moderna de las<br \/>\nCiencias de la Tierra<\/h3>\n<p>[\/vc_column_text][vc_empty_space height=&#8221;12px&#8221;][\/vc_column][vc_column offset=&#8221;vc_col-lg-3 vc_col-md-6&#8243;][vc_single_image image=&#8221;924&#8243; img_size=&#8221;full&#8221; qode_css_animation=&#8221;element_from_top&#8221;][vc_empty_space height=&#8221;12px&#8221;][vc_column_text]<\/p>\n<h2>Objetivo<\/h2>\n<p>[\/vc_column_text][vc_empty_space height=&#8221;5px&#8221;][vc_column_text]<\/p>\n<p style=\"text-align: justify;\">Realizar investigaci\u00f3n cient\u00edfica de calidad, tanto de tipo b\u00e1sico como aplicado, en \u00e1reas estrat\u00e9gicas de las Geociencias, que contribuya a un mejor conocimiento del territorio nacional, al aprovechamiento de sus recursos naturales y a la protecci\u00f3n del medio ambiente, formar recursos humanos de alto nivel y difundir el conocimiento de las Geociencias<\/p>\n<p>[\/vc_column_text][vc_empty_space height=&#8221;12px&#8221;][\/vc_column][vc_column offset=&#8221;vc_col-lg-3 vc_col-md-6&#8243;][vc_single_image image=&#8221;3390&#8243; img_size=&#8221;full&#8221; qode_css_animation=&#8221;element_from_left&#8221;][vc_empty_space height=&#8221;12px&#8221;][vc_column_text]<\/p>\n<h2>Misi\u00f3n<\/h2>\n<p>[\/vc_column_text][vc_empty_space height=&#8221;5px&#8221;][vc_column_text]<\/p>\n<p style=\"text-align: justify;\">El Instituto de Geociencias es una instituci\u00f3n que genera conocimiento geocient\u00edfico de frontera para enfrentar los principales retos de la sociedad en el siglo XXI, incide en la formaci\u00f3n de profesionales de las Ciencias de la Tierra altamente especializados y colabora sustantivamente al desarrollo sostenible de la sociedad.<\/p>\n<p>[\/vc_column_text][vc_empty_space height=&#8221;12px&#8221;][\/vc_column][vc_column offset=&#8221;vc_col-lg-3 vc_col-md-6&#8243;][vc_single_image image=&#8221;3395&#8243; img_size=&#8221;full&#8221; qode_css_animation=&#8221;element_from_right&#8221;][vc_empty_space height=&#8221;12px&#8221;][vc_column_text]<\/p>\n<h2>Visi\u00f3n<\/h2>\n<p>[\/vc_column_text][vc_empty_space height=&#8221;5px&#8221;][vc_column_text]<\/p>\n<p style=\"text-align: justify;\">Ser una instituci\u00f3n l\u00edder en el campo de las geociencias, incluyente e igualitaria, con amplio reconocimiento a nivel nacional e internacional, que genera conocimiento fundamental para el establecimiento de los principales paradigmas geocient\u00edficos del siglo XXI y contribuye a la soluci\u00f3n de los principales problemas de la sociedad.<\/p>\n<div><\/div>\n<p>[\/vc_column_text][vc_empty_space height=&#8221;12px&#8221;][\/vc_column][\/vc_row][vc_row css_animation=&#8221;&#8221; row_type=&#8221;row&#8221; use_row_as_full_screen_section=&#8221;no&#8221; type=&#8221;full_width&#8221; angled_section=&#8221;no&#8221; text_align=&#8221;left&#8221; background_image_as_pattern=&#8221;without_pattern&#8221;][vc_column width=&#8221;1\/4&#8243;][vc_column_text]<\/p>\n<p>[\/vc_column_text][\/vc_column][vc_column width=&#8221;3\/4&#8243;][vc_column_text]<\/p>\n<h2 style=\"text-align: center;\">Nuestro Trabajo<\/h2>\n<p>[\/vc_column_text][vc_row_inner row_type=&#8221;row&#8221; type=&#8221;full_width&#8221; text_align=&#8221;left&#8221; css_animation=&#8221;&#8221;][vc_column_inner width=&#8221;1\/6&#8243;][vc_single_image image=&#8221;4710&#8243; img_size=&#8221;230&#215;500&#8243; qode_css_animation=&#8221;&#8221;][vc_empty_space][\/vc_column_inner][vc_column_inner width=&#8221;2\/3&#8243;][vc_column_text]<\/p>\n<p style=\"text-align: justify;\">El campo de las Geociencias est\u00e1 en continua evoluci\u00f3n, con un incremento en la competitividad en cuanto al avance en los conocimientos cient\u00edficos, as\u00ed como en la demanda por parte de la sociedad para atender los problemas y proponer soluciones para atender fen\u00f3menos naturales, problemas ambientales y de recursos naturales y energ\u00e9ticos.<\/p>\n<p>&nbsp;<\/p>\n<p style=\"text-align: justify;\">Para poder atacar estos puntos, es necesaria una labor sobre diferentes frentes, con un enfoque multi, inter, e inclusive trans, disciplinario. Si entendemos la Tierra como un sistema, mejor podremos entender los procesos a diferente escala espacio-temporal, y hacer predicciones v\u00e1lidas con importantes implicaciones hacia la sociedad.<\/p>\n<p>&nbsp;<\/p>\n<p style=\"text-align: justify;\">En esta perspectiva, el futuro del Instituto de Geociencias ser\u00e1 de manera preponderante interdisciplinario, con desarrollo de investigaci\u00f3n de frontera en las geociencias, manteniendo su liderazgo en investigaci\u00f3n y docencia a trav\u00e9s de la calidad de sus aportaciones y el reconocimiento de los investigadores o especialistas formados en la entidad.<\/p>\n<p>[\/vc_column_text][vc_empty_space][\/vc_column_inner][vc_column_inner width=&#8221;1\/6&#8243;][\/vc_column_inner][\/vc_row_inner][\/vc_column][\/vc_row]<\/p>\n","protected":false},"excerpt":{"rendered":"<p>[vc_row css_animation=&#8221;&#8221; row_type=&#8221;row&#8221; use_row_as_full_screen_section=&#8221;no&#8221; type=&#8221;full_width&#8221; angled_section=&#8221;no&#8221; text_align=&#8221;left&#8221; background_image_as_pattern=&#8221;without_pattern&#8221;][vc_column][vc_single_image image=&#8221;5918&#8243; img_size=&#8221;full&#8221; alignment=&#8221;center&#8221; qode_css_animation=&#8221;&#8221; css=&#8221;.vc_custom_1597889357538{margin-top: -70px !important;border-top-width: -70px !important;padding-top: -70px !important;}&#8221;][vc_empty_space][vc_column_text] Qui\u00e9nes Somos [\/vc_column_text][\/vc_column][\/vc_row][vc_row css_animation=&#8221;&#8221; row_type=&#8221;row&#8221; use_row_as_full_screen_section=&#8221;no&#8221; type=&#8221;grid&#8221; angled_section=&#8221;no&#8221; text_align=&#8221;left&#8221; background_image_as_pattern=&#8221;without_pattern&#8221; z_index=&#8221;&#8221; css=&#8221;.vc_custom_1552698153049{padding-top: 32px !important;padding-bottom: 32px !important;}&#8221;][vc_column offset=&#8221;vc_col-lg-3 vc_col-md-6&#8243;][vc_column_text] Un polo de desarrollo regional [\/vc_column_text][vc_empty_space height=&#8221;10px&#8221;][vc_column_text] Con&#8230;<\/p>\n","protected":false},"author":2,"featured_media":0,"parent":0,"menu_order":0,"comment_status":"closed","ping_status":"closed","template":"full_width.php","meta":{"footnotes":""},"class_list":["post-3855","page","type-page","status-publish","hentry"],"_links":{"self":[{"href":"https:\/\/tellus.geociencias.unam.mx\/index.php\/wp-json\/wp\/v2\/pages\/3855","targetHints":{"allow":["GET"]}}],"collection":[{"href":"https:\/\/tellus.geociencias.unam.mx\/index.php\/wp-json\/wp\/v2\/pages"}],"about":[{"href":"https:\/\/tellus.geociencias.unam.mx\/index.php\/wp-json\/wp\/v2\/types\/page"}],"author":[{"embeddable":true,"href":"https:\/\/tellus.geociencias.unam.mx\/index.php\/wp-json\/wp\/v2\/users\/2"}],"replies":[{"embeddable":true,"href":"https:\/\/tellus.geociencias.unam.mx\/index.php\/wp-json\/wp\/v2\/comments?post=3855"}],"version-history":[{"count":23,"href":"https:\/\/tellus.geociencias.unam.mx\/index.php\/wp-json\/wp\/v2\/pages\/3855\/revisions"}],"predecessor-version":[{"id":13036,"href":"https:\/\/tellus.geociencias.unam.mx\/index.php\/wp-json\/wp\/v2\/pages\/3855\/revisions\/13036"}],"wp:attachment":[{"href":"https:\/\/tellus.geociencias.unam.mx\/index.php\/wp-json\/wp\/v2\/media?parent=3855"}],"curies":[{"name":"wp","href":"https:\/\/api.w.org\/{rel}","templated":true}]}}