{"id":3539,"date":"2019-03-27T04:55:51","date_gmt":"2019-03-27T04:55:51","guid":{"rendered":"http:\/\/132.248.142.103\/?page_id=3539"},"modified":"2026-04-16T16:11:25","modified_gmt":"2026-04-16T16:11:25","slug":"directorio-de-comites","status":"publish","type":"page","link":"https:\/\/tellus.geociencias.unam.mx\/index.php\/directorio-de-comites\/","title":{"rendered":"Directorio de Comit\u00e9s"},"content":{"rendered":"<p>[vc_row css_animation=&#8221;&#8221; row_type=&#8221;row&#8221; use_row_as_full_screen_section=&#8221;no&#8221; type=&#8221;full_width&#8221; angled_section=&#8221;no&#8221; text_align=&#8221;left&#8221; background_image_as_pattern=&#8221;without_pattern&#8221; css=&#8221;.vc_custom_1553025617399{margin-top: 0px !important;border-top-width: 0px !important;padding-top: 32px !important;}&#8221; z_index=&#8221;&#8221;][vc_column][vc_column_text]<\/p>\n<h1 style=\"text-align: center;\">Comit\u00e9s y Comisiones del Instituto de Geociencias<\/h1>\n<p>[\/vc_column_text][vc_column_text]<\/p>\n<h6 style=\"text-align: center;\"><a href=\"https:\/\/tellus.geociencias.unam.mx\/index.php\/quienes-somos\/\">Qui\u00e9nes Somos<\/a> &gt; Comit\u00e9s y Comisiones<\/h6>\n<p>[\/vc_column_text][vc_empty_space height=&#8221;12px&#8221;][vc_row_inner row_type=&#8221;row&#8221; type=&#8221;full_width&#8221; text_align=&#8221;left&#8221; css_animation=&#8221;&#8221; css=&#8221;.vc_custom_1543014662187{margin-top: 0px !important;margin-bottom: 36px !important;}&#8221;][vc_column_inner][vc_empty_space height=&#8221;12px&#8221;][vc_column_text]<\/p>\n<h5><strong>Tel\u00e9fonos Conmutador:\u00a0 55 56234000 y 442 2381000 + ext. XXXXX (5 digitos), Red UNAM<\/strong><strong>: ext. XXXXX (5 digitos)<\/strong><\/h5>\n<p>[\/vc_column_text][\/vc_column_inner][\/vc_row_inner][\/vc_column][\/vc_row][vc_row css_animation=&#8221;&#8221; row_type=&#8221;row&#8221; use_row_as_full_screen_section=&#8221;no&#8221; type=&#8221;full_width&#8221; angled_section=&#8221;no&#8221; text_align=&#8221;left&#8221; background_image_as_pattern=&#8221;without_pattern&#8221;][vc_column width=&#8221;1\/3&#8243;][vc_column_text]<\/p>\n<h4>Comit\u00e9 de Educaci\u00f3n Continua<\/h4>\n<p>[\/vc_column_text][vc_empty_space height=&#8221;16px&#8221;][vc_column_text]<strong>Jaime Jes\u00fas Carrera Hern\u00e1ndez<\/strong><\/p>\n<p><strong>Marina Manea<\/strong><\/p>\n<p><strong>Paulina Casta\u00f1eda<\/strong><\/p>\n<p><strong>Berlaine Ortega Flores<\/strong><\/p>\n<p><strong>Mariano Cerca Martinez<\/strong><\/p>\n<p><strong>Ofelia Perez Arvizu<\/strong>[\/vc_column_text][vc_empty_space][vc_column_text]<\/p>\n<h4>Comit\u00e9 de Superaci\u00f3n Acad\u00e9mica<\/h4>\n<p>[\/vc_column_text][vc_empty_space height=&#8221;16px&#8221;][vc_column_text]<strong>Marco Guzm\u00e1n Speziale<\/strong><\/p>\n<p><strong>Alejandro J. Carrillo Ch\u00e1vez<\/strong><\/p>\n<p><strong>Gerardo Carrasco Nu\u00f1ez<\/strong><\/p>\n<p><strong>Mariano Cerca Mart\u00ednez<\/strong><\/p>\n<p><strong>Jos\u00e9 Jorge Aranda<\/strong>[\/vc_column_text][vc_empty_space height=&#8221;16px&#8221;][vc_column_text]<\/p>\n<h4>Comit\u00e9 de \u00c9tica en Investigaci\u00f3n y Docencia<\/h4>\n<p>[\/vc_column_text][vc_empty_space height=&#8221;16px&#8221;][vc_column_text]<strong>Uwe Martens<\/strong><\/p>\n<p>(Presidente)<\/p>\n<p><strong>Ma. Teresa Orozco Esquivel<\/strong><\/p>\n<p>(Secretaria)<\/p>\n<p><strong>Pilar Navas-Parejo Garc\u00eda<\/strong><\/p>\n<p>(ERNO, UNAM)<\/p>\n<p><strong>Adriana Hansberg Pastor<\/strong><\/p>\n<p>(IM, UNAM)<\/p>\n<p><strong>Francisco Cervantes Carrillo<\/strong><\/p>\n<p>(LIPATA, UNAM)[\/vc_column_text][vc_empty_space][\/vc_column][vc_column width=&#8221;1\/3&#8243;][vc_column_text]<\/p>\n<h4>Comit\u00e9 de Becas<\/h4>\n<p>[\/vc_column_text][vc_empty_space height=&#8221;16px&#8221;][vc_column_text]<strong>Pierre Gilles Lacan<\/strong><\/p>\n<p><strong>Francisco Ram\u00f3n Z\u00fa\u00f1iga D\u00e1vila-Madrid<\/strong><\/p>\n<p><strong>Jaime Jes\u00fas Carrera Hern\u00e1ndez<\/strong><\/p>\n<p><strong>Marina Manea<\/strong>[\/vc_column_text][vc_empty_space][vc_column_text]<\/p>\n<h4>Comit\u00e9 Editorial<\/h4>\n<p>[\/vc_column_text][vc_empty_space height=&#8221;16px&#8221;][vc_column_text]<strong>Juan Pablo Bernal Uruchurtu<\/strong><\/p>\n<p><strong>Angel Nieto Samaniego<\/strong><\/p>\n<p><strong>Susana Alaniz \u00c1lvarez<\/strong><\/p>\n<p><strong>Jes\u00fas Silva Corona<\/strong><\/p>\n<p><strong>Enrique Arturo Cantoral Uriza<\/strong><\/p>\n<p>(FCUNAM)<\/p>\n<p><strong>T\u00e9rcia Ces\u00e1ria R\u00e9is de Souza<\/strong><\/p>\n<p>(UAQ)[\/vc_column_text][vc_empty_space height=&#8221;16px&#8221;][vc_column_text]<\/p>\n<h4>Comisi\u00f3n de Igualdad de G\u00e9nero<\/h4>\n<p>[\/vc_column_text][vc_empty_space height=&#8221;16px&#8221;][vc_column_text]<strong>Marina Vega Gonz\u00e1lez<br \/>\n<\/strong><\/p>\n<p><strong>Ana Paulina Casta\u00f1eda \u00c1lvarez<\/strong><\/p>\n<p><strong>Marina Manea<\/strong><\/p>\n<p><strong>Berengere Mougel<\/strong><\/p>\n<p><strong>Andr\u00e9s Manuel C\u00e1rdenas Castro<\/strong><\/p>\n<p><strong>Itzel Mandujano Paulino<\/strong><\/p>\n<p><span style=\"text-decoration: underline;\">Persona Orientadora Comunitaria (POC)\u00a0 del IGc<\/span><\/p>\n<p><strong>Pen\u00e9lope L\u00f3pez Quiroz<\/strong>[\/vc_column_text][vc_empty_space][\/vc_column][vc_column width=&#8221;1\/3&#8243;][vc_column_text]<\/p>\n<h4>Comisi\u00f3n Dictaminadora<\/h4>\n<p>[\/vc_column_text][vc_empty_space height=&#8221;16px&#8221;][vc_column_text]<strong>Carles Canet Miquel<\/strong><\/p>\n<p>Designado por CAACFMI<\/p>\n<p><strong>Laura Eugenia Beramendi Orosco<\/strong><\/p>\n<p>Designado por CAACFMI<\/p>\n<p><strong>Lucy Natividad Mora Palomino<\/strong><\/p>\n<p>Designado por CAACFMI<\/p>\n<p><strong>Miguel Alcubierre Moya<\/strong><\/p>\n<p>Designado por Consejo Interno<\/p>\n<p><strong>Jos\u00e9 Luis Arce Salda\u00f1a<\/strong><\/p>\n<p>Designado por Consejo -Interno<\/p>\n<p><strong>Mar\u00eda Aurora Armienta Hern\u00e1ndez<\/strong><\/p>\n<p>Designado por Personal Acad\u00e9mico<\/p>\n<p><strong>Carlos Miguel Vald\u00e9s Gonz\u00e1lez<\/strong><\/p>\n<p>Designado por Personal Acad\u00e9mico[\/vc_column_text][vc_empty_space][vc_column_text]<\/p>\n<h4>Comisi\u00f3n Evaluadora<\/h4>\n<p>[\/vc_column_text][vc_empty_space height=&#8221;16px&#8221;][vc_column_text]<strong>Flor Elisa del Rosario Arcega Cabrera<\/strong><\/p>\n<p>Designado por CAACFMI<\/p>\n<p><strong>Marie-No\u00eblle Guilbaud<\/strong><\/p>\n<p>Designado por CAACFMI<\/p>\n<p><strong>Beatriz Marcela Mill\u00e1n Malo<\/strong><\/p>\n<p>Designado por CAACFMI<\/p>\n<p><strong>Luis Alonso Gallardo Delgado<\/strong><\/p>\n<p>Designado por Consejo Interno<\/p>\n<p><strong>Juan Alonso Ram\u00edrez Fern\u00e1ndez<\/strong><\/p>\n<p>Designado por Consejo Interno[\/vc_column_text][vc_empty_space][\/vc_column][\/vc_row][vc_row css_animation=&#8221;&#8221; row_type=&#8221;row&#8221; use_row_as_full_screen_section=&#8221;no&#8221; type=&#8221;full_width&#8221; angled_section=&#8221;no&#8221; text_align=&#8221;left&#8221; background_image_as_pattern=&#8221;without_pattern&#8221;][vc_column][vc_empty_space height=&#8221;16px&#8221;][\/vc_column][\/vc_row]<\/p>\n","protected":false},"excerpt":{"rendered":"<p>[vc_row css_animation=&#8221;&#8221; row_type=&#8221;row&#8221; use_row_as_full_screen_section=&#8221;no&#8221; type=&#8221;full_width&#8221; angled_section=&#8221;no&#8221; text_align=&#8221;left&#8221; background_image_as_pattern=&#8221;without_pattern&#8221; css=&#8221;.vc_custom_1553025617399{margin-top: 0px !important;border-top-width: 0px !important;padding-top: 32px !important;}&#8221; z_index=&#8221;&#8221;][vc_column][vc_column_text] Comit\u00e9s y Comisiones del Instituto de Geociencias [\/vc_column_text][vc_column_text] Qui\u00e9nes Somos &gt; Comit\u00e9s y Comisiones [\/vc_column_text][vc_empty_space height=&#8221;12px&#8221;][vc_row_inner row_type=&#8221;row&#8221; type=&#8221;full_width&#8221; text_align=&#8221;left&#8221; css_animation=&#8221;&#8221; css=&#8221;.vc_custom_1543014662187{margin-top: 0px !important;margin-bottom: 36px !important;}&#8221;][vc_column_inner][vc_empty_space height=&#8221;12px&#8221;][vc_column_text] Tel\u00e9fonos Conmutador:\u00a0 55&#8230;<\/p>\n","protected":false},"author":2,"featured_media":0,"parent":0,"menu_order":0,"comment_status":"closed","ping_status":"closed","template":"","meta":{"footnotes":""},"class_list":["post-3539","page","type-page","status-publish","hentry"],"_links":{"self":[{"href":"https:\/\/tellus.geociencias.unam.mx\/index.php\/wp-json\/wp\/v2\/pages\/3539","targetHints":{"allow":["GET"]}}],"collection":[{"href":"https:\/\/tellus.geociencias.unam.mx\/index.php\/wp-json\/wp\/v2\/pages"}],"about":[{"href":"https:\/\/tellus.geociencias.unam.mx\/index.php\/wp-json\/wp\/v2\/types\/page"}],"author":[{"embeddable":true,"href":"https:\/\/tellus.geociencias.unam.mx\/index.php\/wp-json\/wp\/v2\/users\/2"}],"replies":[{"embeddable":true,"href":"https:\/\/tellus.geociencias.unam.mx\/index.php\/wp-json\/wp\/v2\/comments?post=3539"}],"version-history":[{"count":57,"href":"https:\/\/tellus.geociencias.unam.mx\/index.php\/wp-json\/wp\/v2\/pages\/3539\/revisions"}],"predecessor-version":[{"id":12927,"href":"https:\/\/tellus.geociencias.unam.mx\/index.php\/wp-json\/wp\/v2\/pages\/3539\/revisions\/12927"}],"wp:attachment":[{"href":"https:\/\/tellus.geociencias.unam.mx\/index.php\/wp-json\/wp\/v2\/media?parent=3539"}],"curies":[{"name":"wp","href":"https:\/\/api.w.org\/{rel}","templated":true}]}}