{"id":2034,"date":"2019-01-25T20:08:59","date_gmt":"2019-01-25T20:08:59","guid":{"rendered":"http:\/\/132.248.142.103\/?page_id=2034"},"modified":"2025-02-18T18:54:16","modified_gmt":"2025-02-18T18:54:16","slug":"microtomografia-de-rayos-x","status":"publish","type":"page","link":"https:\/\/tellus.geociencias.unam.mx\/index.php\/microtomografia-de-rayos-x\/","title":{"rendered":"Microtomograf\u00eda de Rayos X"},"content":{"rendered":"<p>[vc_row css_animation=&#8221;&#8221; row_type=&#8221;row&#8221; use_row_as_full_screen_section=&#8221;no&#8221; type=&#8221;full_width&#8221; angled_section=&#8221;no&#8221; text_align=&#8221;left&#8221; background_image_as_pattern=&#8221;without_pattern&#8221; css=&#8221;.vc_custom_1553191535975{margin-top: 32px !important;border-top-width: 32px !important;padding-top: 32px !important;}&#8221; z_index=&#8221;&#8221;][vc_column][vc_column_text]<\/p>\n<h2 style=\"text-align: center;\"><strong>Laboratorio Universitario de Microtomograf\u00eda de Rayos X<\/strong><\/h2>\n<p>[\/vc_column_text][vc_column_text]<\/p>\n<h6 style=\"text-align: center;\" align=\"center\"><a href=\"https:\/\/tellus.geociencias.unam.mx\/index.php\/area-de-conocimiento\/\">Investigaci\u00f3n<\/a> &gt;\u00a0 <a href=\"https:\/\/tellus.geociencias.unam.mx\/index.php\/lab_taller\/\">Laboratorios y Talleres<\/a> &gt; <a href=\"http:\/\/tellus.geociencias.unam.mx\/index.php\/laboratorio-por-area\/\">Laboratorios por \u00c1rea<\/a> &gt; Microtomograf\u00eda de Rayos X<\/h6>\n<p>[\/vc_column_text][vc_empty_space][\/vc_column][\/vc_row][vc_row css_animation=&#8221;&#8221; row_type=&#8221;row&#8221; use_row_as_full_screen_section=&#8221;no&#8221; type=&#8221;grid&#8221; angled_section=&#8221;no&#8221; text_align=&#8221;left&#8221; background_image_as_pattern=&#8221;without_pattern&#8221; z_index=&#8221;&#8221;][vc_column]<div class=\"qode-advanced-tabs qode-advanced-tabs qode-advanced-horizontal-tab clearfix qode-advanced-tab-without-icon qode-advanced-tabs-column-7 clearfix\">\n\t<ul class=\"qode-advanced-tabs-nav\">\n\t\t\t\t\t<li>\n\t\t\t\t<h6>\n\t\t\t\t\t<a href=\"#tab-informacion-general\">\n\t\t\t\t\t\t\n\t\t\t\t\t\t\t\t\t\t\t\t\t<span class=\"qode-advanced-tab-text-after-icon\">\n\t\t\t\t\t\t\t\tINFORMACI\u00d3N GENERAL\t\t\t\t\t\t\t<\/span>\n\t\t\t\t\t\t\t\t\t\t\t<\/a>\n\t\t\t\t<\/h6>\n\t\t\t<\/li>\n\t\t\t\t\t<li>\n\t\t\t\t<h6>\n\t\t\t\t\t<a href=\"#tab-infraestructura\">\n\t\t\t\t\t\t\n\t\t\t\t\t\t\t\t\t\t\t\t\t<span class=\"qode-advanced-tab-text-after-icon\">\n\t\t\t\t\t\t\t\tINFRAESTRUCTURA\t\t\t\t\t\t\t<\/span>\n\t\t\t\t\t\t\t\t\t\t\t<\/a>\n\t\t\t\t<\/h6>\n\t\t\t<\/li>\n\t\t\t\t\t<li>\n\t\t\t\t<h6>\n\t\t\t\t\t<a href=\"#tab-servicios\">\n\t\t\t\t\t\t\n\t\t\t\t\t\t\t\t\t\t\t\t\t<span class=\"qode-advanced-tab-text-after-icon\">\n\t\t\t\t\t\t\t\tSERVICIOS\t\t\t\t\t\t\t<\/span>\n\t\t\t\t\t\t\t\t\t\t\t<\/a>\n\t\t\t\t<\/h6>\n\t\t\t<\/li>\n\t\t\t\t\t<li>\n\t\t\t\t<h6>\n\t\t\t\t\t<a href=\"#tab-investigacion\">\n\t\t\t\t\t\t\n\t\t\t\t\t\t\t\t\t\t\t\t\t<span class=\"qode-advanced-tab-text-after-icon\">\n\t\t\t\t\t\t\t\tINVESTIGACI\u00d3N\t\t\t\t\t\t\t<\/span>\n\t\t\t\t\t\t\t\t\t\t\t<\/a>\n\t\t\t\t<\/h6>\n\t\t\t<\/li>\n\t\t\t\t\t<li>\n\t\t\t\t<h6>\n\t\t\t\t\t<a href=\"#tab-publicaciones\">\n\t\t\t\t\t\t\n\t\t\t\t\t\t\t\t\t\t\t\t\t<span class=\"qode-advanced-tab-text-after-icon\">\n\t\t\t\t\t\t\t\tPUBLICACIONES\t\t\t\t\t\t\t<\/span>\n\t\t\t\t\t\t\t\t\t\t\t<\/a>\n\t\t\t\t<\/h6>\n\t\t\t<\/li>\n\t\t\t\t\t<li>\n\t\t\t\t<h6>\n\t\t\t\t\t<a href=\"#tab-presentaciones\">\n\t\t\t\t\t\t\n\t\t\t\t\t\t\t\t\t\t\t\t\t<span class=\"qode-advanced-tab-text-after-icon\">\n\t\t\t\t\t\t\t\tPRESENTACIONES\t\t\t\t\t\t\t<\/span>\n\t\t\t\t\t\t\t\t\t\t\t<\/a>\n\t\t\t\t<\/h6>\n\t\t\t<\/li>\n\t\t\t\t\t<li>\n\t\t\t\t<h6>\n\t\t\t\t\t<a href=\"#tab-contacto\">\n\t\t\t\t\t\t\n\t\t\t\t\t\t\t\t\t\t\t\t\t<span class=\"qode-advanced-tab-text-after-icon\">\n\t\t\t\t\t\t\t\tCONTACTO\t\t\t\t\t\t\t<\/span>\n\t\t\t\t\t\t\t\t\t\t\t<\/a>\n\t\t\t\t<\/h6>\n\t\t\t<\/li>\n\t\t\t<\/ul>\n\t<div class=\"qode-advanced-tab-container\" id=\"tab-informacion-general-7\" data-icon-pack=\"\" data-icon-html=\"\">[vc_row_inner row_type=&#8221;row&#8221; type=&#8221;full_width&#8221; text_align=&#8221;left&#8221; side_padding=&#8221;0&#8243; padding_top=&#8221;auto&#8221; padding_bottom=&#8221;auto&#8221; css_animation=&#8221;&#8221;][vc_column_inner width=&#8221;1\/2&#8243;][vc_column_text]<\/p>\n<p style=\"text-align: justify;\">La Micro-Tomograf\u00eda Computarizada de Rayos X es una t\u00e9cnica para el an\u00e1lisis de materiales que permite obtener im\u00e1genes del interior de la muestra <strong>sin destruirla<\/strong>, en alta resoluci\u00f3n (micr\u00f3metros) y alto contraste, permitiendo elaborar una <strong>reconstrucci\u00f3n tridimensional<\/strong> de la misma, con una resoluci\u00f3n de hasta <strong>0.7 micras<\/strong>, a trav\u00e9s del impacto de los <strong>rayos X<\/strong> con varios materiales, aprovechando su contraste de <strong>densidades<\/strong>.<\/p>\n<p style=\"text-align: justify;\"><em>\u00a0<\/em><\/p>\n<p style=\"text-align: justify;\">El Laboratorio Universitario de Microtomograf\u00eda de Rayos X (<strong>LUMIR<\/strong>) se enfoca a la investigaci\u00f3n, visualizaci\u00f3n y caracterizaci\u00f3n, tanto cualitativa como cuantitativa, de medios porosos.<\/p>\n<p style=\"text-align: justify;\">El laboratorio LUMIR fue financiado como parte del proyecto transversal de laboratorios del Consorcio CeMie-GEO del Fondo de Sustentabilidad CONACYT-SENER No. 207032.<\/p>\n<p>[\/vc_column_text][vc_empty_space][\/vc_column_inner][vc_column_inner width=&#8221;1\/2&#8243;][vc_single_image image=&#8221;10257&#8243; img_size=&#8221;full&#8221; alignment=&#8221;right&#8221; qode_css_animation=&#8221;&#8221; css=&#8221;.vc_custom_1706038560623{margin-left: 30px !important;}&#8221;][vc_empty_space][vc_column_text]<img loading=\"lazy\" decoding=\"async\" class=\"wp-image-10259 size-medium aligncenter\" src=\"https:\/\/tellus.geociencias.unam.mx\/wp-content\/uploads\/2024\/01\/Lumirimg_informacion-300x196.jpg\" alt=\"\" width=\"300\" height=\"196\" srcset=\"https:\/\/tellus.geociencias.unam.mx\/wp-content\/uploads\/2024\/01\/Lumirimg_informacion-300x196.jpg 300w, https:\/\/tellus.geociencias.unam.mx\/wp-content\/uploads\/2024\/01\/Lumirimg_informacion-570x375.jpg 570w, https:\/\/tellus.geociencias.unam.mx\/wp-content\/uploads\/2024\/01\/Lumirimg_informacion-400x260.jpg 400w, https:\/\/tellus.geociencias.unam.mx\/wp-content\/uploads\/2024\/01\/Lumirimg_informacion.jpg 575w\" sizes=\"auto, (max-width: 300px) 100vw, 300px\" \/><\/p>\n<p style=\"text-align: center;\"><a href=\"https:\/\/youtu.be\/kM5UWWWKqCY?si=vQp69GB4D-t0LsWm\" target=\"_blank\" rel=\"noopener\">Ver Video<\/a><\/p>\n<p>[\/vc_column_text][\/vc_column_inner][\/vc_row_inner]<\/div><div class=\"qode-advanced-tab-container\" id=\"tab-infraestructura-231\" data-icon-pack=\"\" data-icon-html=\"\">[vc_row_inner row_type=&#8221;row&#8221; type=&#8221;full_width&#8221; text_align=&#8221;left&#8221; css_animation=&#8221;&#8221;][vc_column_inner width=&#8221;1\/2&#8243;][vc_column_text]El Laboratorio Universitario de Microscop\u00eda de Rayos X (<strong>LUMIR<\/strong>) cuenta<br \/>\ncon el siguiente equipo:<\/p>\n<p>&nbsp;<\/p>\n<p>&#8211; Microtom\u00f3grafo Xradia Versa 510<\/p>\n<p>&nbsp;<\/p>\n<p>&#8211; Computadora Dell Precision T7610 con 256 GB de memoria RAM y<br \/>\n3 tarjetas gr\u00e1ficas NVIDIA<\/p>\n<p>&nbsp;<\/p>\n<p>&#8211; Impresora 3D MAkerbot Z18<\/p>\n<p>&nbsp;<\/p>\n<p>-Microscopio Nikon LV100N P con c\u00e1mara Qimaging y software<br \/>\nImage Pro Premier[\/vc_column_text][\/vc_column_inner][vc_column_inner width=&#8221;1\/2&#8243; css=&#8221;.vc_custom_1540504670904{margin-left: 0px !important;}&#8221;][vc_single_image image=&#8221;2041&#8243; img_size=&#8221;full&#8221; alignment=&#8221;right&#8221; qode_css_animation=&#8221;&#8221; css=&#8221;.vc_custom_1548798316071{margin-left: 30px !important;}&#8221;][\/vc_column_inner][\/vc_row_inner]<\/div><div class=\"qode-advanced-tab-container\" id=\"tab-servicios-935\" data-icon-pack=\"\" data-icon-html=\"\">[vc_row_inner row_type=&#8221;row&#8221; type=&#8221;full_width&#8221; text_align=&#8221;left&#8221; css_animation=&#8221;&#8221;][vc_column_inner width=&#8221;1\/2&#8243;][vc_column_text]<\/p>\n<div>\n<div style=\"text-align: justify;\">LUMIR se enfoca en la investigaci\u00f3n, visualizaci\u00f3n y caracterizaci\u00f3n, tanto cualitativa como cuantitativa, de medios porosos. Ofrecemos servicios de microfotograf\u00edas de materiales biol\u00f3gicos y no-biol\u00f3gicos.<\/div>\n<div style=\"text-align: justify;\"><\/div>\n<div style=\"text-align: justify;\">Espec\u00edficamente\u00a0ofrecemos:<\/div>\n<div style=\"text-align: justify;\">&#8211; Adquisici\u00f3n de im\u00e1genes de microtomograf\u00eda<\/div>\n<div style=\"text-align: justify;\">&#8211; Procesamiento de im\u00e1genes<\/div>\n<div style=\"text-align: justify;\">&#8211; Impresi\u00f3n 3D<\/div>\n<div style=\"text-align: justify;\"><\/div>\n<div style=\"text-align: justify;\">* Contamos con precios reducidos para cient\u00edficos\u00a0y educadores de Instituciones\u00a0Educativas en M\u00e9xico.<\/div>\n<div style=\"text-align: justify;\"><\/div>\n<\/div>\n<div style=\"text-align: justify;\"><\/div>\n<div style=\"text-align: justify;\"><\/div>\n<h4 style=\"text-align: justify;\"><span style=\"text-decoration: underline;\"><a href=\"https:\/\/tellus.geociencias.unam.mx\/wp-content\/uploads\/2024\/10\/Precios_LUMIR_WEB_IGC.pdf\" rel=\"noopener\">Costos de an\u00e1lisis.<\/a><\/span><\/h4>\n<div style=\"text-align: justify;\"><\/div>\n<p>[\/vc_column_text][vc_empty_space][vc_empty_space][vc_single_image image=&#8221;2044&#8243; img_size=&#8221;medium&#8221; qode_css_animation=&#8221;&#8221; css=&#8221;.vc_custom_1706132643759{margin-left: 30px !important;}&#8221;][\/vc_column_inner][vc_column_inner width=&#8221;1\/2&#8243;][vc_video link=&#8221;https:\/\/youtu.be\/QU3y_UN2L-o?si=Tz979gjmj5mmkByd&#8221; el_width=&#8221;70&#8243;][vc_empty_space][vc_video link=&#8221;https:\/\/youtu.be\/ZFyA0hxVi_A?si=xAdJ5iEqY7FNsFPq&#8221; el_width=&#8221;70&#8243;][vc_empty_space][\/vc_column_inner][\/vc_row_inner]<\/div><div class=\"qode-advanced-tab-container\" id=\"tab-investigacion-446\" data-icon-pack=\"\" data-icon-html=\"\">[vc_row_inner row_type=&#8221;row&#8221; type=&#8221;full_width&#8221; text_align=&#8221;left&#8221; css_animation=&#8221;&#8221;][vc_column_inner width=&#8221;1\/2&#8243;][vc_column_text]<\/p>\n<p style=\"text-align: justify;\">En LUMIR constantemente trabajamos en diferentes proyectos de investigaci\u00f3n:<\/p>\n<p style=\"text-align: justify;\">&#8211; Proyecto CeMIEGeo 05: Innovaci\u00f3n en la aplicaci\u00f3n de t\u00e9cnicas modernas de prospecci\u00f3n geot\u00e9rmica a partir de la integraci\u00f3n de m\u00e9todos geol\u00f3gicos, geoqu\u00edmicos y geof\u00edsicos, caso estudio del campo volc\u00e1nico geot\u00e9rmico de Los Humeros (2014-2018).<\/p>\n<p>&nbsp;<\/p>\n<p style=\"text-align: justify;\">&#8211; Proyecto GEMEX 268074 SENER-CONACYT M\u00e9xico\u2013Uni\u00f3n Europea: Proyecto 4.5. Relaci\u00f3n entre el fracturamiento y la trayectoria de los fluidos en sistemas activos (2017-2021).<\/p>\n<p>&nbsp;<\/p>\n<p style=\"text-align: justify;\">&#8211; Proyecto PAPIIT IA104919: Caracterizaci\u00f3n y diferenciaci\u00f3n de la conducci\u00f3n t\u00e9rmica y de fluidos en medios porosos y fracturados (2019 &amp; 2020).<\/p>\n<p>&nbsp;<\/p>\n<p style=\"text-align: justify;\">&#8211; Proyecto PAPIIT IA103821: Estudio del escalamiento de la permeabilidad y la conductividad t\u00e9rmica en rocas volc\u00e1nicas (2021 &amp; 2022).<\/p>\n<p>&nbsp;<\/p>\n<p style=\"text-align: justify;\">&#8211; Proyecto PAPIIT IA106123: Estudio de la estructura interna de rocas volc\u00e1nicas a trav\u00e9s de la integraci\u00f3n de microfotograf\u00edas de muestras de afloramientos, aut\u00f3matas celulares y machine learning (2023 &#8211; presente).<\/p>\n<p>&nbsp;<\/p>\n<p style=\"text-align: justify;\">Y colaboramos en varios proyectos de investigaci\u00f3n (ej.):<br \/>\n&#8211; Proyecto SENER-CONACyT Hidrocarburos: Caracterizaci\u00f3n sedimentol\u00f3gica y estudio de propiedades petrof\u00edsicas y de flujo de fluidos en n\u00facleos y\/o muestras de canal de rocas provenientes de yacimientos convencionales y no convencionales de M\u00e9xico (este proyecto corresponde a la segunda fase de la Litoteca de Pachuca) (2021 &amp; 2022).<\/p>\n<p>[\/vc_column_text][\/vc_column_inner][vc_column_inner width=&#8221;1\/2&#8243;][vc_single_image image=&#8221;2044&#8243; img_size=&#8221;full&#8221; alignment=&#8221;right&#8221; qode_css_animation=&#8221;&#8221; css=&#8221;.vc_custom_1706051287836{margin-left: 30px !important;}&#8221;][\/vc_column_inner][\/vc_row_inner]<\/div><div class=\"qode-advanced-tab-container\" id=\"tab-publicaciones-820\" data-icon-pack=\"\" data-icon-html=\"\">[vc_row_inner row_type=&#8221;row&#8221; type=&#8221;full_width&#8221; text_align=&#8221;left&#8221; css_animation=&#8221;&#8221;][vc_column_inner width=&#8221;1\/2&#8243;][vc_column_text]<\/p>\n<h4 style=\"text-align: justify;\"><strong>Art\u00edculos cient\u00edficos:<\/strong><\/h4>\n<p style=\"text-align: justify;\">H.E. Cid, G. Carrasco-N\u00fa\u00f1ez, V.C. Manea, 2017, Improved method for effective rock microporosity estimation using X-ray microtomography: Micron, 97, \u00a011-21. <a href=\"https:\/\/doi.org\/10.1016\/j.micron.2017.01.003\" target=\"_blank\" rel=\"noopener\">https:\/\/doi.org\/10.1016\/j.micron.2017.01.003<\/a><\/p>\n<p>&nbsp;<\/p>\n<p>&nbsp;<\/p>\n<p style=\"text-align: justify;\">H.E. Cid, G. Carrasco-N\u00fa\u00f1ez, V.C. Manea, S. Vega, V. Casta\u00f1o, 2021, The role of microporosity on the permeability of volcanic-hosted geothermal reservoirs: A case study from Los Humeros, Mexico: Geothermics, 90, 102020.<\/p>\n<p>&nbsp;<\/p>\n<p>&nbsp;<\/p>\n<p style=\"text-align: justify;\"><a href=\"https:\/\/doi.org\/10.1016\/j.geothermics.2020.102020\" target=\"_blank\" rel=\"noopener\">https:\/\/doi.org\/10.1016\/j.geothermics.2020.102020<\/a><\/p>\n<div style=\"text-align: justify;\">\n<p>De la Rosa Maldonado J, Vega, S, 2023, A view of the internal pore structure of a volcanic rock: Xaltipan ignimbrite: Album of Porous Media Structure and Dynamics, p. 42, Springer. <a href=\"https:\/\/doi.org\/10.1007\/978-3-031-23800-0_30\" target=\"_blank\" rel=\"noopener\" data-saferedirecturl=\"https:\/\/www.google.com\/url?q=https:\/\/doi.org\/10.1007\/978-3-031-23800-0_30&amp;source=gmail&amp;ust=1706124772467000&amp;usg=AOvVaw3kp_SvWPBNpgNlGOtZVQa5\">https:\/\/doi.org\/10.<wbr \/>1007\/978-3-031-23800-0_30<\/a><\/p>\n<p>&nbsp;<\/p>\n<p>&nbsp;<\/p>\n<p>Arteaga D, Vega S, 2023, Scaling and resolution effect of an andesite sample: Album of Porous Media Structure and Dynamics, p. 33, Springer. <a href=\"https:\/\/doi.org\/10.1007\/978-3-031-23800-0_21\" target=\"_blank\" rel=\"noopener\" data-saferedirecturl=\"https:\/\/www.google.com\/url?q=https:\/\/doi.org\/10.1007\/978-3-031-23800-0_21&amp;source=gmail&amp;ust=1706124772467000&amp;usg=AOvVaw3Tim_H2wopq0UONi_7l-AO\">https:\/\/doi.org\/10.<wbr \/>1007\/978-3-031-23800-0_21<\/a><\/p>\n<\/div>\n<p>&nbsp;<\/p>\n<p>&nbsp;<\/p>\n<div style=\"text-align: justify;\">\n<p>Manea VC, Arteaga D, Manea M, Lazar D, Vega S, Carrasco-Nu\u00f1ez G, 2023, Trovants: the \u201cliving\u201d stones of Romania formed as high porosity spherical sandstone concretions developed around a fossil: Album of Porous Media Structure and Dynamics, p. 28, Springer. <a href=\"https:\/\/doi.org\/10.1007\/978-3-031-23800-0_19\" target=\"_blank\" rel=\"noopener\" data-saferedirecturl=\"https:\/\/www.google.com\/url?q=https:\/\/doi.org\/10.1007\/978-3-031-23800-0_19&amp;source=gmail&amp;ust=1706124772467000&amp;usg=AOvVaw2WX5WXn-3KhfCmpaX9YE39\">https:\/\/doi.org\/10.<wbr \/>1007\/978-3-031-23800-0_19<\/a><\/p>\n<\/div>\n<p>&nbsp;<\/p>\n<div style=\"text-align: justify;\">\n<p><strong>Divulgaci\u00f3n:<\/strong><\/p>\n<\/div>\n<p style=\"text-align: justify;\"><a href=\"https:\/\/tellus.geociencias.unam.mx\/wp-content\/uploads\/2022\/11\/NTHE20_Vega_2018.pdf\" target=\"_blank\" rel=\"noopener\"><img loading=\"lazy\" decoding=\"async\" class=\"alignnone wp-image-7509 alignleft\" src=\"https:\/\/tellus.geociencias.unam.mx\/wp-content\/uploads\/2022\/03\/PDF.jpg\" alt=\"\" width=\"54\" height=\"66\" \/><\/a> <a href=\"https:\/\/tellus.geociencias.unam.mx\/wp-content\/uploads\/2022\/11\/NTHE20_Vega_2018.pdf\" target=\"_blank\" rel=\"noopener\">Microtomograf\u00eda de rayos X: preparaci\u00f3n de muestras de rocas para una mejor visualizaci\u00f3n y caracterizaci\u00f3n del espacio poroso.<\/a><\/p>\n<p>[\/vc_column_text][\/vc_column_inner][vc_column_inner width=&#8221;1\/2&#8243;][vc_single_image image=&#8221;8234&#8243; img_size=&#8221;full&#8221; alignment=&#8221;right&#8221; qode_css_animation=&#8221;&#8221; css=&#8221;.vc_custom_1669738689229{margin-left: 30px !important;}&#8221;][\/vc_column_inner][\/vc_row_inner]<\/div><div class=\"qode-advanced-tab-container\" id=\"tab-presentaciones-983\" data-icon-pack=\"\" data-icon-html=\"\">[vc_row_inner row_type=&#8221;row&#8221; type=&#8221;full_width&#8221; text_align=&#8221;left&#8221; css_animation=&#8221;&#8221;][vc_column_inner width=&#8221;1\/2&#8243;][vc_video link=&#8221;https:\/\/youtu.be\/EyanNqJXN48&#8243;][vc_empty_space][vc_video link=&#8221;https:\/\/youtu.be\/r1EC-UTdTMk&#8221;][vc_empty_space][vc_video link=&#8221;https:\/\/zeiss.wistia.com\/medias\/cikfaurcll&#8221;][vc_empty_space][\/vc_column_inner][vc_column_inner width=&#8221;1\/2&#8243;][vc_single_image image=&#8221;10261&#8243; img_size=&#8221;medium&#8221; alignment=&#8221;right&#8221; qode_css_animation=&#8221;&#8221; css=&#8221;.vc_custom_1706050632053{margin-left: 30px !important;}&#8221;][\/vc_column_inner][\/vc_row_inner]<\/div><div class=\"qode-advanced-tab-container\" id=\"tab-contacto-883\" data-icon-pack=\"\" data-icon-html=\"\">[vc_row_inner row_type=&#8221;row&#8221; type=&#8221;full_width&#8221; text_align=&#8221;left&#8221; css_animation=&#8221;&#8221;][vc_column_inner width=&#8221;1\/2&#8243;][vc_column_text]<strong>Responsable del Laboratorio<\/strong><br \/>\n<strong>Ing. Dante Arteaga<\/strong><br \/>\nInstituto de Geociencias, UNAM<\/p>\n<p>darteaga@geociencias.unam.mx<br \/>\nTel\u00e9fono: 442 2381000 Ext. 34180<\/p>\n<p>laboratorio: Ext. 34552[\/vc_column_text][\/vc_column_inner][vc_column_inner width=&#8221;1\/2&#8243;][vc_single_image image=&#8221;2045&#8243; img_size=&#8221;full&#8221; alignment=&#8221;right&#8221; qode_css_animation=&#8221;&#8221; css=&#8221;.vc_custom_1548798355854{margin-left: 30px !important;}&#8221;][\/vc_column_inner][\/vc_row_inner]<\/div><\/div>[\/vc_column][\/vc_row]<\/p>\n","protected":false},"excerpt":{"rendered":"<p>[vc_row css_animation=&#8221;&#8221; row_type=&#8221;row&#8221; use_row_as_full_screen_section=&#8221;no&#8221; type=&#8221;full_width&#8221; angled_section=&#8221;no&#8221; text_align=&#8221;left&#8221; background_image_as_pattern=&#8221;without_pattern&#8221; css=&#8221;.vc_custom_1553191535975{margin-top: 32px !important;border-top-width: 32px !important;padding-top: 32px !important;}&#8221; z_index=&#8221;&#8221;][vc_column][vc_column_text] Laboratorio Universitario de Microtomograf\u00eda de Rayos X [\/vc_column_text][vc_column_text] Investigaci\u00f3n &gt;\u00a0 Laboratorios y Talleres &gt; Laboratorios por \u00c1rea &gt; Microtomograf\u00eda de Rayos X [\/vc_column_text][vc_empty_space][\/vc_column][\/vc_row][vc_row css_animation=&#8221;&#8221; row_type=&#8221;row&#8221; use_row_as_full_screen_section=&#8221;no&#8221; type=&#8221;grid&#8221; angled_section=&#8221;no&#8221; text_align=&#8221;left&#8221;&#8230;<\/p>\n","protected":false},"author":2,"featured_media":0,"parent":0,"menu_order":0,"comment_status":"closed","ping_status":"closed","template":"","meta":{"footnotes":""},"class_list":["post-2034","page","type-page","status-publish","hentry"],"_links":{"self":[{"href":"https:\/\/tellus.geociencias.unam.mx\/index.php\/wp-json\/wp\/v2\/pages\/2034","targetHints":{"allow":["GET"]}}],"collection":[{"href":"https:\/\/tellus.geociencias.unam.mx\/index.php\/wp-json\/wp\/v2\/pages"}],"about":[{"href":"https:\/\/tellus.geociencias.unam.mx\/index.php\/wp-json\/wp\/v2\/types\/page"}],"author":[{"embeddable":true,"href":"https:\/\/tellus.geociencias.unam.mx\/index.php\/wp-json\/wp\/v2\/users\/2"}],"replies":[{"embeddable":true,"href":"https:\/\/tellus.geociencias.unam.mx\/index.php\/wp-json\/wp\/v2\/comments?post=2034"}],"version-history":[{"count":59,"href":"https:\/\/tellus.geociencias.unam.mx\/index.php\/wp-json\/wp\/v2\/pages\/2034\/revisions"}],"predecessor-version":[{"id":3942,"href":"https:\/\/tellus.geociencias.unam.mx\/index.php\/wp-json\/wp\/v2\/pages\/2034\/revisions\/3942"}],"wp:attachment":[{"href":"https:\/\/tellus.geociencias.unam.mx\/index.php\/wp-json\/wp\/v2\/media?parent=2034"}],"curies":[{"name":"wp","href":"https:\/\/api.w.org\/{rel}","templated":true}]}}