{"id":11337,"date":"2022-03-10T19:16:46","date_gmt":"2022-03-10T19:16:46","guid":{"rendered":"https:\/\/tellus.geociencias.unam.mx\/index.php\/comite_de_etica-2\/"},"modified":"2024-10-31T20:11:18","modified_gmt":"2024-10-31T20:11:18","slug":"codigo-de-etica","status":"publish","type":"page","link":"https:\/\/tellus.geociencias.unam.mx\/index.php\/codigo-de-etica\/","title":{"rendered":"c\u00f3digo de \u00e9tica"},"content":{"rendered":"<p>[vc_row css_animation=&#8221;&#8221; row_type=&#8221;row&#8221; use_row_as_full_screen_section=&#8221;no&#8221; type=&#8221;full_width&#8221; angled_section=&#8221;no&#8221; text_align=&#8221;left&#8221; background_image_as_pattern=&#8221;without_pattern&#8221;][vc_column width=&#8221;1\/4&#8243;][vc_empty_space][vc_empty_space][vc_empty_space][vc_column_text]<\/p>\n<h1 style=\"text-align: center;\"><\/h1>\n<p>[\/vc_column_text][vc_column_text]<\/p>\n<h2 class=\"fusion-responsive-typography-calculated\" style=\"text-align: left;\" data-fontsize=\"34\" data-lineheight=\"49.98px\">C\u00f3digo de \u00e9tica de la Universidad Nacional Aut\u00f3noma de M\u00e9xico<\/h2>\n<p>[\/vc_column_text][\/vc_column][vc_column width=&#8221;3\/4&#8243;][vc_empty_space][vc_empty_space][vc_empty_space][vc_column_text]<span id=\"page327R_mcid724\" class=\"markedContent\"><span dir=\"ltr\" role=\"presentation\">El Consejo Universitario, en\u00a0<a href=\"http:\/\/www.ifc.unam.mx\/pdf\/codigo-etica-unam.pdf\" target=\"_blank\" rel=\"noopener noreferrer\">su sesi\u00f3n ordinaria del 1\u00b0\u00a0<\/a><\/span><\/span><span id=\"page327R_mcid725\" class=\"markedContent\"><span dir=\"ltr\" role=\"presentation\">de julio de 2015, aprob\u00f3 el siguiente ordenamiento:<\/span><\/span><\/p>\n<p><strong>Pre\u00e1mbulo<\/strong><\/p>\n<p>El C\u00f3digo de \u00c9tica de la Universidad Nacional Aut\u00f3noma de M\u00e9xico establece principios y valores que deben guiar la conducta de los universitarios, as\u00ed como de quienes realizan alguna actividad en la Universidad.<\/p>\n<p>Los miembros de la comunidad universitaria constituyen una muestra de la pluralidad social, \u00e9tnica y cultural de nuestro pa\u00eds y esta gran diversidad conforma el baluarte intelectual de la UNAM. Es un deber valorar y respetar esta riqueza humana concentrada en la vida universitaria y sus variadas expresiones cient\u00edficas, acad\u00e9micas, culturales, art\u00edsticas, sociales, pol\u00edticas y deportivas.<\/p>\n<p>Este C\u00f3digo de \u00c9tica recoge los valores que deben orientar a los fines de la universidad p\u00fablica y que los universitarios reconocemos como propios:<\/p>\n<p>\u0095 Formar profesionistas, investigadores, profesores universitarios y t\u00e9cnicos de excelencia e integridad acad\u00e9mica, \u00fatiles a la sociedad, con conciencia cr\u00edtica, \u00e9tica, social y ambiental, y comprometidos con la justicia, la cooperaci\u00f3n y la solidaridad humana;<\/p>\n<p>\u0095 Contribuir con racionalidad, objetividad y veracidad a la generaci\u00f3n y transmisi\u00f3n del conocimiento cient\u00edfico y human\u00edstico, as\u00ed como al estudio de las condiciones y la soluci\u00f3n de los problemas nacionales o globales, y<\/p>\n<p>\u0095 Difundir y divulgar con la mayor amplitud posible los beneficios del conocimiento cient\u00edfico y human\u00edstico, as\u00ed como de la cultura en general, con responsabilidad social.<\/p>\n<p><strong>Principios de \u00c9tica de la Universidad Nacional Aut\u00f3noma de M\u00e9xico<\/strong><\/p>\n<p>o Convivencia pac\u00edfica y respeto a la diversidad cultural, \u00e9tnica y personal.<\/p>\n<p>o Igualdad.<\/p>\n<p>o Libertad de pensamiento y de expresi\u00f3n.<\/p>\n<p>o Respeto y tolerancia.<\/p>\n<p>o Laicidad en las actividades universitarias.<\/p>\n<p>o Integridad y honestidad acad\u00e9mica.<\/p>\n<p>o Reconocimiento y protecci\u00f3n de la autor\u00eda intelectual.<\/p>\n<p>o Responsabilidad social y ambiental en el quehacer universitario.<\/p>\n<p>o Objetividad, honestidad e imparcialidad en las evaluaciones acad\u00e9micas.<\/p>\n<p>o Cuidado, uso honesto y responsable del patrimonio universitario.<\/p>\n<p>o Transparencia en el uso de la informaci\u00f3n y de los recursos p\u00fablicos de la Universidad.<\/p>\n<p>o Privacidad y protecci\u00f3n de la informaci\u00f3n personal.<\/p>\n<p>&nbsp;<\/p>\n<p><strong>o Convivencia pac\u00edfica y respeto a la diversidad cultural, \u00e9tnica y personal.<\/strong><\/p>\n<p>Los miembros de la comunidad universitaria tienen derecho a defender su pensamiento, a que se reconozcan y acepten sus diferencias; a disentir de la mayor\u00eda y a buscar su propia identidad dentro del crisol m\u00faltiple de la Universidad, pues en ella pueden convivir y converger corrientes de pensamiento, teor\u00edas y paradigmas pr\u00e1cticos, t\u00e9cnicos y cient\u00edficos, as\u00ed como tradiciones culturales, creencias e ideolog\u00edas sociales o pol\u00edticas. Por ello, no tienen cabida en su seno las expresiones discriminatorias o que hagan una apolog\u00eda de la violencia o de la intolerancia, ni actos impositivos que impidan o contravengan los prop\u00f3sitos inherentes a la vida universitaria. La convivencia arm\u00f3nica y la solidaridad entre los universitarios exigen prevenir cualquier manifestaci\u00f3n violenta. En consecuencia, es deber y responsabilidad de todos mantener relaciones pac\u00edficas, procurar el di\u00e1logo equitativo y respetuoso como un mecanismo para superar los diferendos, y evitar el ejercicio de la violencia.<\/p>\n<p><strong>o Igualdad.<\/strong><\/p>\n<p>Para poder desarrollarse en igualdad de derechos en la Universidad nadie puede ser discriminado por su origen nacional o \u00e9tnico, sus opiniones, g\u00e9nero, orientaci\u00f3n o preferencia sexual, religi\u00f3n, edad, estado civil, condici\u00f3n social, laboral o de salud, discapacidades o cualquier otro motivo que atente contra la dignidad humana.<\/p>\n<p><strong>o Libertad de pensamiento y de expresi\u00f3n.<\/strong><\/p>\n<p>La libertad de pensamiento y de expresi\u00f3n son principios fundamentales protegidos y garantizados por la Universidad. Todos los miembros de la comunidad universitaria tienen el derecho de pensar libremente y de expresarse respetando los derechos de terceros que establece la Legislaci\u00f3n Universitaria. Al mismo tiempo, todos los miembros se comprometen a dirimir las diferencias de opini\u00f3n y de pensamiento por medio del di\u00e1logo y del consenso argumentado.<\/p>\n<p><strong>o Respeto y tolerancia.<\/strong><\/p>\n<p>El respeto es un principio fundamental para la convivencia universitaria que conlleva el imperativo de la tolerancia. Ello supone el reconocimiento de la diversidad, el respeto de las diferencias e impone la obligaci\u00f3n de comprender el contexto de pluralidad en el que vivimos y la responsabilidad de aceptar la relatividad de las propias convicciones, pr\u00e1cticas e ideas.<\/p>\n<p><strong>o Laicidad en las actividades universitarias.<\/strong><\/p>\n<p>La laicidad es un principio irrenunciable de la Universidad y todos sus miembros se obligan a protegerla y conservarla. El derecho a creer o a no creer en una deidad o religi\u00f3n determinada es un derecho fundamental protegido por dicho principio.<\/p>\n<p>La laicidad se refuerza con la tolerancia y fundamenta la convivencia pac\u00edfica, respetuosa y dialogante entre personas que tienen creencias distintas y, en paralelo, exige de los universitarios una aproximaci\u00f3n antidogm\u00e1tica y ajena a todo fundamentalismo en el quehacer universitario.<\/p>\n<p><strong>o Integridad y honestidad acad\u00e9mica.<\/strong><\/p>\n<p>La integridad y la honestidad son principios del quehacer universitario. Por ello, todos los miembros de la comunidad acad\u00e9mica deben apegarse en todas sus actividades al rigor acad\u00e9mico en la b\u00fasqueda, ejercicio, construcci\u00f3n y transmisi\u00f3n del conocimiento, as\u00ed como ser honestos sobre el origen y las fuentes de la informaci\u00f3n que empleen, generen o difundan.<\/p>\n<p>La integridad y la honestidad acad\u00e9mica implican:<\/p>\n<p>Citar las fuentes de ideas, textos, im\u00e1genes, gr\u00e1ficos u obras art\u00edsticas que se empleen en el trabajo universitario, y no sustraer o tomar la informaci\u00f3n generada por otros o por s\u00ed mismo sin se\u00f1alar la cita correspondiente u obtener su consentimiento y acuerdo.<\/p>\n<p>No falsificar, alterar, manipular, fabricar, inventar o fingir la autenticidad de datos, resultados, im\u00e1genes o informaci\u00f3n en los trabajos acad\u00e9micos, proyectos de investigaci\u00f3n, ex\u00e1menes, ensayos, informes, reportes, tesis, audiencias, procedimientos de orden disciplinario o en cualquier documento inherente a la vida acad\u00e9mica universitaria.<\/p>\n<p><strong>o Reconocimiento y protecci\u00f3n de la autor\u00eda intelectual.<\/strong><\/p>\n<p>El reconocimiento de la autor\u00eda intelectual debe realizarse en todas las evaluaciones acad\u00e9micas o laborales de la Universidad, as\u00ed como en el otorgamiento de premios, distinciones o nombramientos honor\u00edficos.<\/p>\n<p>Por ende, la UNAM debe salvaguardar la autor\u00eda intelectual de todo tipo de obras e invenciones que se desarrollen individual o colectivamente por los miembros de la comunidad universitaria. Debe por tanto, promover su registro para el reconocimiento de la autor\u00eda intelectual y actuar contra toda persona o instituci\u00f3n que haga uso indebido de las mismas.<\/p>\n<p>La titularidad de la propiedad intelectual de las creaciones e invenciones que se generen en la Universidad le pertenece a la misma. La Universidad promover\u00e1 su registro tomando en cuenta la responsabilidad social que le corresponde y salvaguardando los derechos de todos los actores involucrados.<\/p>\n<p><strong>o Responsabilidad social y ambiental en el quehacer universitario.<\/strong><\/p>\n<p>La investigaci\u00f3n, la docencia, la difusi\u00f3n de la cultura y la extensi\u00f3n universitaria ser\u00e1n social y ambientalmente responsables.<\/p>\n<p>Cuando corresponda deber\u00e1n observarse los principios y est\u00e1ndares universitarios, nacionales e internacionales en materia de bio\u00e9tica.<\/p>\n<p><strong>o Objetividad, honestidad e imparcialidad en las evaluaciones acad\u00e9micas.<\/strong><\/p>\n<p>Los miembros de la comunidad universitaria que participen en procesos de evaluaci\u00f3n acad\u00e9mica se comprometen a conducirse con objetividad, honestidad e imparcialidad y a declarar si tienen conflicto de inter\u00e9s, en cuyo caso deben renunciar o abstenerse de participar en un proceso acad\u00e9mico o disciplinario. Por su parte, los universitarios que se sometan a las diversas instancias de evaluaci\u00f3n deben conducirse con absoluto apego a la veracidad en cuanto a la documentaci\u00f3n y la informaci\u00f3n que proporcionan para sustentar su participaci\u00f3n en dichos procesos.<\/p>\n<p><strong>o Cuidado, uso honesto y responsable del patrimonio universitario.<\/strong><\/p>\n<p>El patrimonio material e intangible de la UNAM o que est\u00e1 bajo su custodia es de todos los mexicanos y, en \u00faltima instancia, de toda la humanidad. Los miembros de la comunidad universitaria tienen la responsabilidad de su cuidado y de brindarle un uso adecuado.<\/p>\n<p>Del mismo modo, todos los miembros de la comunidad deben proteger y preservar el patrimonio natural, ambiente, flora y fauna de los espacios, reservas naturales y recintos universitarios, as\u00ed como el patrimonio art\u00edstico, monumentos, murales, esculturas y toda obra de arte p\u00fablico que constituye parte del entorno de la Universidad.<\/p>\n<p>La responsabilidad de los universitarios frente al patrimonio de la Universidad, implica no emplear los bienes para beneficio personal al margen de las labores universitarias o lucrar con ellos.<\/p>\n<p><strong>o Transparencia en el uso de la informaci\u00f3n y de los recursos p\u00fablicos de la Universidad.<\/strong><\/p>\n<p>Los miembros de la comunidad universitaria que tengan responsabilidades institucionales o acad\u00e9micas en el manejo y administraci\u00f3n de bienes, informaci\u00f3n o recursos de la Universidad deben actuar de manera transparente y observar el principio de m\u00e1xima publicidad.<\/p>\n<p>La reserva o confidencialidad de una informaci\u00f3n espec\u00edfica s\u00f3lo procede en los supuestos contemplados por la Constituci\u00f3n General y las leyes federales aplicables, cuando se trate del manejo y uso de datos personales y, dada la naturaleza de las investigaciones realizadas mediante convenio, cuando la Universidad as\u00ed lo haya acordado.<\/p>\n<p><strong>o Privacidad y protecci\u00f3n de la informaci\u00f3n personal.<\/strong><\/p>\n<p>La privacidad es un derecho fundamental y un principio que la Universidad valora. Por ello, los universitarios se comprometen a respetar los datos personales, la informaci\u00f3n personal de los miembros de la comunidad universitaria y la vida privada de las personas.<\/p>\n<p><strong>PUNTOS DE ACUERDO PARA LA IMPLEMENTACI\u00d3N DEL C\u00d3DIGO DE \u00c9TICA DE LA UNIVERSIDAD NACIONAL AUT\u00d3NOMA DE M\u00c9XICO<\/strong><\/p>\n<p>El Consejo Universitario, en su sesi\u00f3n ordinaria del 1 de julio de 2015, aprob\u00f3 los siguientes:<\/p>\n<p><strong>PRIMERO.<\/strong>\u2013 Los c\u00f3digos de \u00e9tica de las entidades acad\u00e9micas y dependencias universitarias, aprobados por los consejos t\u00e9cnicos, internos y\/o asesores, seguir\u00e1n vigentes y ser\u00e1n complementarios con el C\u00f3digo de \u00c9tica de la Universidad Nacional Aut\u00f3noma de M\u00e9xico en cuanto sean compatibles.<\/p>\n<p><strong>SEGUNDO.<\/strong>\u2013 Las entidades acad\u00e9micas y dependencias universitarias podr\u00e1n elaborar sus propios c\u00f3digos de \u00e9tica tomando como base el C\u00f3digo de \u00c9tica de la Universidad Nacional Aut\u00f3noma de M\u00e9xico, con el objeto de regular cuestiones particulares y espec\u00edficas a nivel interno.<\/p>\n<p><strong>TERCERO.-<\/strong>\u00a0Cada entidad acad\u00e9mica o dependencia universitaria deber\u00e1 contar con una Comisi\u00f3n de \u00c9tica, misma que promover\u00e1 y cuidar\u00e1 el cumplimiento de los principios de \u00e9tica universitarios. La organizaci\u00f3n y funcionamiento de estas comisiones se ajustar\u00e1n a las reglas o c\u00f3digos de \u00e9tica que, en su caso, aprueben los consejos t\u00e9cnicos, internos o asesores.<\/p>\n<p><strong>CUARTO.-<\/strong>\u00a0La interpretaci\u00f3n del C\u00f3digo de \u00c9tica de la Universidad Nacional Aut\u00f3noma de M\u00e9xico quedar\u00e1 a cargo del Abogado General.<\/p>\n<p><strong>QUINTO.<\/strong>\u2013 El C\u00f3digo de \u00c9tica de la Universidad Nacional Aut\u00f3noma de M\u00e9xico se dar\u00e1 a conocer a la comunidad universitaria mediante su publicaci\u00f3n en Gaceta UNAM, acompa\u00f1ado de estos puntos de acuerdo.<\/p>\n<p>&nbsp;<\/p>\n<p><strong>TRANSITORIO<\/strong><\/p>\n<p>\u00daNICO.- El C\u00f3digo de \u00c9tica de la Universidad Nacional Aut\u00f3noma de M\u00e9xico y los puntos de acuerdo para su implementaci\u00f3n, entrar\u00e1n en vigor al d\u00eda siguiente de su publicaci\u00f3n en Gaceta UNAM.<\/p>\n<p><strong>Aprobado por el Consejo Universitario en su sesi\u00f3n ordinaria del 1 de julio de 2015<\/strong><\/p>\n<p><strong>Publicado en Gaceta UNAM el d\u00eda 30 de julio de 2015<\/strong>[\/vc_column_text][\/vc_column][\/vc_row][vc_row css_animation=&#8221;&#8221; row_type=&#8221;row&#8221; use_row_as_full_screen_section=&#8221;no&#8221; type=&#8221;full_width&#8221; angled_section=&#8221;no&#8221; text_align=&#8221;left&#8221; background_image_as_pattern=&#8221;without_pattern&#8221;][\/vc_row][vc_column width=&#8221;1\/4&#8243;][vc_column_text]<\/p>\n<p>[\/vc_column_text][\/vc_column][vc_column width=&#8221;3\/4&#8243;][\/vc_column][vc_row_inner row_type=&#8221;row&#8221; type=&#8221;full_width&#8221; text_align=&#8221;left&#8221; css_animation=&#8221;&#8221;][\/vc_row_inner][vc_column_inner width=&#8221;1\/6&#8243;][vc_empty_space][\/vc_column_inner][vc_column_inner width=&#8221;2\/3&#8243;][\/vc_column_inner][vc_row css_animation=&#8221;&#8221; row_type=&#8221;row&#8221; use_row_as_full_screen_section=&#8221;no&#8221; type=&#8221;full_width&#8221; angled_section=&#8221;no&#8221; text_align=&#8221;left&#8221; background_image_as_pattern=&#8221;without_pattern&#8221;][vc_column width=&#8221;1\/2&#8243;][\/vc_column][\/vc_row][vc_row css_animation=&#8221;&#8221; row_type=&#8221;row&#8221; use_row_as_full_screen_section=&#8221;no&#8221; type=&#8221;full_width&#8221; angled_section=&#8221;no&#8221; text_align=&#8221;left&#8221; background_image_as_pattern=&#8221;without_pattern&#8221;][vc_column][\/vc_column][\/vc_row][vc_row css_animation=&#8221;&#8221; row_type=&#8221;row&#8221; use_row_as_full_screen_section=&#8221;no&#8221; type=&#8221;full_width&#8221; angled_section=&#8221;no&#8221; text_align=&#8221;left&#8221; background_image_as_pattern=&#8221;without_pattern&#8221;][vc_column][\/vc_column][\/vc_row][vc_row css_animation=&#8221;&#8221; row_type=&#8221;row&#8221; use_row_as_full_screen_section=&#8221;no&#8221; type=&#8221;full_width&#8221; angled_section=&#8221;no&#8221; text_align=&#8221;left&#8221; background_image_as_pattern=&#8221;without_pattern&#8221;][vc_column][vc_empty_space][\/vc_column][\/vc_row]<\/p>\n","protected":false},"excerpt":{"rendered":"<p>[vc_row css_animation=&#8221;&#8221; row_type=&#8221;row&#8221; use_row_as_full_screen_section=&#8221;no&#8221; type=&#8221;full_width&#8221; angled_section=&#8221;no&#8221; text_align=&#8221;left&#8221; background_image_as_pattern=&#8221;without_pattern&#8221;][vc_column width=&#8221;1\/4&#8243;][vc_empty_space][vc_empty_space][vc_empty_space][vc_column_text] [\/vc_column_text][vc_column_text] C\u00f3digo de \u00e9tica de la Universidad Nacional Aut\u00f3noma de M\u00e9xico [\/vc_column_text][\/vc_column][vc_column width=&#8221;3\/4&#8243;][vc_empty_space][vc_empty_space][vc_empty_space][vc_column_text]El Consejo Universitario, en\u00a0su sesi\u00f3n ordinaria del 1\u00b0\u00a0de julio de 2015, aprob\u00f3 el siguiente ordenamiento: Pre\u00e1mbulo El C\u00f3digo de \u00c9tica de la Universidad Nacional&#8230;<\/p>\n","protected":false},"author":2,"featured_media":0,"parent":0,"menu_order":0,"comment_status":"closed","ping_status":"closed","template":"full_width.php","meta":{"footnotes":""},"class_list":["post-11337","page","type-page","status-publish","hentry"],"_links":{"self":[{"href":"https:\/\/tellus.geociencias.unam.mx\/index.php\/wp-json\/wp\/v2\/pages\/11337","targetHints":{"allow":["GET"]}}],"collection":[{"href":"https:\/\/tellus.geociencias.unam.mx\/index.php\/wp-json\/wp\/v2\/pages"}],"about":[{"href":"https:\/\/tellus.geociencias.unam.mx\/index.php\/wp-json\/wp\/v2\/types\/page"}],"author":[{"embeddable":true,"href":"https:\/\/tellus.geociencias.unam.mx\/index.php\/wp-json\/wp\/v2\/users\/2"}],"replies":[{"embeddable":true,"href":"https:\/\/tellus.geociencias.unam.mx\/index.php\/wp-json\/wp\/v2\/comments?post=11337"}],"version-history":[{"count":2,"href":"https:\/\/tellus.geociencias.unam.mx\/index.php\/wp-json\/wp\/v2\/pages\/11337\/revisions"}],"predecessor-version":[{"id":11365,"href":"https:\/\/tellus.geociencias.unam.mx\/index.php\/wp-json\/wp\/v2\/pages\/11337\/revisions\/11365"}],"wp:attachment":[{"href":"https:\/\/tellus.geociencias.unam.mx\/index.php\/wp-json\/wp\/v2\/media?parent=11337"}],"curies":[{"name":"wp","href":"https:\/\/api.w.org\/{rel}","templated":true}]}}