{"id":11258,"date":"2024-10-19T04:34:46","date_gmt":"2024-10-19T04:34:46","guid":{"rendered":"https:\/\/tellus.geociencias.unam.mx\/?page_id=11258"},"modified":"2026-04-13T16:24:41","modified_gmt":"2026-04-13T16:24:41","slug":"posdocs","status":"publish","type":"page","link":"https:\/\/tellus.geociencias.unam.mx\/index.php\/posdocs\/","title":{"rendered":"Directorio Investigadores Posdoctorales"},"content":{"rendered":"<p>[vc_row css_animation=&#8221;&#8221; row_type=&#8221;row&#8221; use_row_as_full_screen_section=&#8221;no&#8221; type=&#8221;full_width&#8221; angled_section=&#8221;no&#8221; text_align=&#8221;left&#8221; background_image_as_pattern=&#8221;without_pattern&#8221; css=&#8221;.vc_custom_1553032723529{margin-top: 0px !important;border-top-width: 0px !important;padding-top: 32px !important;}&#8221; z_index=&#8221;&#8221;][vc_column][vc_column_text]<\/p>\n<h1 style=\"text-align: center;\">Investigadores PosDoctorales<\/h1>\n<p>[\/vc_column_text][vc_column_text]<\/p>\n<h6 style=\"text-align: center;\"><a href=\"https:\/\/tellus.geociencias.unam.mx\/index.php\/quienes-somos\/\">Quien\u00e9s Somos<\/a>&gt; PosDocs<strong><br \/>\n<\/strong><\/h6>\n<p>[\/vc_column_text][vc_empty_space height=&#8221;12px&#8221;][vc_row_inner row_type=&#8221;row&#8221; type=&#8221;full_width&#8221; text_align=&#8221;left&#8221; css_animation=&#8221;&#8221; css=&#8221;.vc_custom_1551847087209{margin-top: 0px !important;margin-bottom: 8px !important;}&#8221;][vc_column_inner][vc_column_text]<\/p>\n<div class=\"vc_row wpb_row section vc_row-fluid vc_inner vc_custom_1551847087209\">\n<div class=\" full_section_inner clearfix\">\n<div class=\"wpb_column vc_column_container vc_col-sm-12\">\n<div class=\"vc_column-inner \">\n<div class=\"wpb_wrapper\">\n<div class=\"wpb_text_column wpb_content_element \">\n<div class=\"wpb_wrapper\">\n<h5><strong>Tel\u00e9fonos Conmutador:\u00a0 55 56234000 y 442 2381000 + Ext. XXXXX (5 digitos)\u00a0 \u2022 Red UNAM: Ext. XXXXX (5 digitos)<\/strong><\/h5>\n<\/div>\n<\/div>\n<\/div>\n<\/div>\n<\/div>\n<\/div>\n<\/div>\n<div class=\"wpb_text_column wpb_content_element \">\n<div class=\"wpb_wrapper\"><\/div>\n<\/div>\n<p>[\/vc_column_text][vc_empty_space height=&#8221;12px&#8221;][\/vc_column_inner][\/vc_row_inner][vc_column_text]<\/p>\n<h5 style=\"text-align: center;\"><strong><span style=\"vertical-align: inherit;\"><span style=\"vertical-align: inherit;\"><span style=\"vertical-align: inherit;\"><span style=\"vertical-align: inherit;\">La b\u00fasqueda puede hacerse por apellido.<\/span><\/span><\/span><\/span><\/strong><\/h5>\n<h4 style=\"text-align: center;\"><\/h4>\n<p>[\/vc_column_text][\/vc_column][\/vc_row][vc_row css_animation=&#8221;&#8221; row_type=&#8221;row&#8221; use_row_as_full_screen_section=&#8221;no&#8221; type=&#8221;full_width&#8221; angled_section=&#8221;no&#8221; text_align=&#8221;left&#8221; background_image_as_pattern=&#8221;without_pattern&#8221;][vc_column][vc_empty_space][vc_column_text]<\/p>\n<p style=\"text-align: center;\"><span style=\"vertical-align: inherit;\"><span style=\"vertical-align: inherit;\">DIRECTORIO<\/span><\/span><\/p>\n<p>[\/vc_column_text][vc_empty_space][\/vc_column][\/vc_row][vc_row css_animation=&#8221;&#8221; row_type=&#8221;row&#8221; use_row_as_full_screen_section=&#8221;no&#8221; type=&#8221;full_width&#8221; angled_section=&#8221;no&#8221; text_align=&#8221;left&#8221; background_image_as_pattern=&#8221;without_pattern&#8221;][vc_column][vc_empty_space][vc_accordion active_tab=&#8221;false&#8221; collapsible=&#8221;yes&#8221; style=&#8221;accordion&#8221;][vc_accordion_tab title=&#8221;C&#8221;][vc_empty_space][vc_single_image image=&#8221;7087&#8243; qode_css_animation=&#8221;&#8221; title=&#8221;Cavazos \u00c1lvarez Jaime Alberto&#8221;][vc_column_text]<em>L\u00ednea de investigaci\u00f3n: Estudio de la evoluci\u00f3n geol\u00f3gica de campos volc\u00e1nicos y volcanosedimentarios a partir de la estratigraf\u00eda, cartograf\u00eda, petrolog\u00eda y Sistemas de Informaci\u00f3n Geogr\u00e1fica.<\/em>[\/vc_column_text][vc_empty_space][vc_column_text]<\/p>\n<div><span dir=\"auto\"><span style=\"vertical-align: inherit;\"><span style=\"vertical-align: inherit;\">jcavazos[at]geociencias[dot]unam[dot]mx<\/span><\/span><\/span><\/div>\n<div class=\"dud_line_2\"><span class=\"dud_label\"><span style=\"vertical-align: inherit;\"><span style=\"vertical-align: inherit;\">Ext. 34551<\/span><\/span><\/span><\/div>\n<div class=\"dud_line_3\">Investigador Posdoctoral<\/div>\n<div class=\"dud_line_4\"><span class=\"dud_field_4\"><span style=\"vertical-align: inherit;\"><span style=\"vertical-align: inherit;\">SNI I<\/span><\/span><\/span><\/div>\n<div class=\"dud_line_8\"><a href=\"https:\/\/orcid.org\/0000-0002-3021-3432\" target=\"_blank\" rel=\"noopener noreferrer\">https:\/\/orcid.org\/0000-0002-3021-3432<\/a><\/div>\n<p>[\/vc_column_text][vc_empty_space][\/vc_accordion_tab][vc_accordion_tab title=&#8221;E&#8221;][vc_single_image image=&#8221;10645&#8243; qode_css_animation=&#8221;&#8221; title=&#8221;Espejo Bautista Guillermo&#8221;][vc_column_text]<\/p>\n<div><em>L\u00ednea de investigaci\u00f3n:\u00a0Me dedico al estudio de basamentos cristalinos principalmente en el sur de M\u00e9xico. Sobre su evoluci\u00f3n geol\u00f3gica durante el Prec\u00e1mbrico, Paleozoico y Mesozoico.<\/em><\/div>\n<p>[\/vc_column_text][vc_empty_space][vc_column_text]<\/p>\n<div>gespejo[at]geociencias[dot]unam[dot]mx<\/div>\n<div class=\"dud_line_2\"><span class=\"dud_label\">Ext. 34545<\/span><\/div>\n<div>Investigador posdoctoral<\/div>\n<div><b>Disciplinas:<\/b> Petrolog\u00eda \u00edgnea y metam\u00f3rfica; geolog\u00eda estructural y microtect\u00f3nica; geocronolog\u00eda e isotop\u00eda.<\/div>\n<div><\/div>\n<div class=\"dud_line_4\">ORCID: <a href=\"https:\/\/orcid.org\/0000-0001-9206-5108\" target=\"_blank\" rel=\"noopener\">https:\/\/orcid.org\/0000-0001-9206-5108<\/a><\/div>\n<p>[\/vc_column_text][vc_empty_space][vc_single_image image=&#8221;12903&#8243; qode_css_animation=&#8221;&#8221; title=&#8221;Esquivel Mendiola Leonarda Isabel&#8221;][vc_column_text]Doctora en Ciencias de la Tierra por la Universidad Nacional Aut\u00f3noma de M\u00e9xico (UNAM). Su investigaci\u00f3n se especializa en Sismolog\u00eda, con \u00e9nfasis en el an\u00e1lisis de ruido s\u00edsmico ambiental y la optimizaci\u00f3n de redes de monitoreo. En el instituto desarrollar\u00e1 modelos num\u00e9ricos orientados a la evaluaci\u00f3n del riesgo s\u00edsmico en la Faja Volc\u00e1nica Transmexicana.[\/vc_column_text][vc_empty_space][vc_column_text]<\/p>\n<div>leonardaesquivel[at]geociencias[dot]unam[dot]mx<\/div>\n<div class=\"dud_line_2\"><span class=\"dud_label\">Ext. 34545<\/span><\/div>\n<div>Investigadora posdoctoral<\/div>\n<div><b>Disciplinas:<\/b> Sismolog\u00eda, con \u00e9nfasis en el an\u00e1lisis de ruido s\u00edsmico ambiental y la optimizaci\u00f3n de redes de monitoreo.<\/div>\n<p>[\/vc_column_text][vc_empty_space][\/vc_accordion_tab][vc_accordion_tab title=&#8221;J&#8221;][vc_single_image image=&#8221;11511&#8243; qode_css_animation=&#8221;&#8221; title=&#8221;Ju\u00e1rez Arriaga Edgar&#8221;][vc_column_text]<em>L\u00ednea de investigaci\u00f3n: Evoluci\u00f3n estratigr\u00e1fica y sedimentol\u00f3gica de cuencas sedimentarias asociadas a cinturones orog\u00e9nicos y a ambientes extensionales. <\/em><em>Mi inter\u00e9s se\u00a0centra en el estudio de sucesiones sedimentarias a trav\u00e9s del trabajo de campo, el an\u00e1lisis petrogr\u00e1fico y t\u00e9cnicas anal\u00edticas modernas.<\/em><\/p>\n<div>\n<div>\n<div><\/div>\n<\/div>\n<\/div>\n<p>[\/vc_column_text][vc_empty_space][vc_column_text]<\/p>\n<div>ejarriaga[at]geociencias[dot]unam[dot]mx<\/div>\n<div class=\"dud_line_2\">\n<div>Ext. 34551<\/div>\n<div>Investigador\u00a0<span style=\"font-family: arial, sans-serif;\">Posdoctoral<\/span><\/div>\n<div>SNI I<\/div>\n<\/div>\n<div><\/div>\n<div class=\"dud_line_4\">ORCID:<a href=\"https:\/\/orcid.org\/0000-0002-3010-0788\" target=\"_blank\" rel=\"noopener\"> https:\/\/orcid.org\/0000-0002-3010-0788<\/a><\/div>\n<p>[\/vc_column_text][vc_empty_space][\/vc_accordion_tab][vc_accordion_tab title=&#8221;K&#8221;][vc_single_image image=&#8221;12499&#8243; qode_css_animation=&#8221;&#8221; title=&#8221;Klose Jennifer&#8221;][vc_column_text]<em>L\u00ednea de investigaci\u00f3n: Gequ\u00edmica, Geocronolog\u00eda y Paleoclima, as\u00ed como la reconstrucci\u00f3n del clima pasado con espeleotemas.<\/em><\/p>\n<div>\n<div>\n<div><\/div>\n<\/div>\n<\/div>\n<p>[\/vc_column_text][vc_empty_space][vc_column_text]<\/p>\n<div>jklose[at]geociencias[dot]unam[dot]mx<\/div>\n<div class=\"dud_line_2\">\n<div>Ext.<\/div>\n<div>Investigadora <span style=\"font-family: arial, sans-serif;\">Posdoctoral<\/span><\/div>\n<\/div>\n<p>[\/vc_column_text][vc_empty_space][\/vc_accordion_tab][vc_accordion_tab title=&#8221;L&#8221;][vc_single_image image=&#8221;12566&#8243; qode_css_animation=&#8221;&#8221; title=&#8221;Lechuga Lagos Francisco Miguel&#8221;][vc_column_text]Especialista en inversi\u00f3n multif\u00edsica y modelado computacional aplicados a la evaluaci\u00f3n de yacimientos petroleros, con aportes en algoritmos de inversi\u00f3n conjunta y en el modelado de Rayos Gamma Espectral. Actualmente desarrolla una investigaci\u00f3n enfocada en la predicci\u00f3n de porosidad y permeabilidad 3D a partir de esquirlas mediante Aut\u00f3matas Celulares y Redes de Grafos.<\/p>\n<div>\n<div>\n<div><\/div>\n<\/div>\n<\/div>\n<p>[\/vc_column_text][vc_empty_space][vc_column_text]<\/p>\n<div>francisco.lechuga[at]geociencias[dot]unam[dot]mx<\/div>\n<div class=\"dud_line_2\">Ext. 34549<br \/>\nInvestigador Posdoctoral<\/div>\n<div class=\"dud_line_2\">Geof\u00edsico<br \/>\nL\u00ednea de investigaci\u00f3n: Petrof\u00edsica<\/div>\n<p>[\/vc_column_text][vc_empty_space][vc_single_image image=&#8221;12071&#8243; qode_css_animation=&#8221;&#8221; title=&#8221;Leal Cuellar V\u00edctor Alejandro&#8221;][vc_column_text]<em>Enfocado en el estudio del origen y evoluci\u00f3n\u00a0de las rocas del basamento en el Complejo Sierra de Ju\u00e1rez mediante el empleo de t\u00e9cnicas\u00a0anal\u00edticas como geoqu\u00edmica, geocronolog\u00eda e isotop\u00eda.<\/em><\/p>\n<div>\n<div>\n<div><\/div>\n<\/div>\n<\/div>\n<p>[\/vc_column_text][vc_empty_space][vc_column_text]<\/p>\n<div>leal.cuellar[at]geociencias[dot]unam[dot]mx<\/div>\n<div class=\"dud_line_2\">\n<div>Ext. 34545<br \/>\nInvestigador Posdoctoral<br \/>\nL\u00ednea de investigaci\u00f3n: Petrolog\u00eda \u00edgnea y metam\u00f3rfica mediante mediante el an\u00e1lisis de petrograf\u00eda, geoqu\u00edmica, geocronolog\u00eda e isotop\u00eda.<br \/>\norcid: <a href=\"https:\/\/orcid.org\/0000-0003-2394-1033\">https:\/\/orcid.org\/0000-0003-2394-1033<\/a><\/div>\n<\/div>\n<p>[\/vc_column_text][vc_empty_space][\/vc_accordion_tab][vc_accordion_tab title=&#8221;N&#8221;][vc_single_image image=&#8221;12070&#8243; qode_css_animation=&#8221;&#8221; title=&#8221;Nava Fern\u00e1ndez Cinthya Esther&#8221;][vc_column_text]<\/p>\n<div><em>Mi investigaci\u00f3n est\u00e1 centrada en la reconstrucci\u00f3n de la variabilidad clim\u00e1tica asociada al Monz\u00f3n de Norte Am\u00e9rica antes del \u00faltimo periodo glacial, usando indicadores geoqu\u00edmicos extra\u00eddos de estalagmitas de cuevas de Sonora, M\u00e9xico. <\/em>Investigadora Posdoctoral<\/div>\n<p>[\/vc_column_text][vc_empty_space][vc_column_text]<\/p>\n<div><b><\/b>\u00a0cinthyanava[at]geociencias[dot]unam[dot]mx<\/div>\n<div class=\"dud_line_2\"><span class=\"dud_label\"><span style=\"vertical-align: inherit;\"><span style=\"vertical-align: inherit;\"><span style=\"vertical-align: inherit;\"><span style=\"vertical-align: inherit;\"><span style=\"vertical-align: inherit;\"><span style=\"vertical-align: inherit;\">Ext. 34548<\/span><\/span><\/span><\/span><\/span><\/span><\/span><\/div>\n<div>\n<div><span class=\"dud_field_3\"><span style=\"vertical-align: inherit;\">Investigadora Posdoctoral<\/span><\/span><\/div>\n<div>Palabras clave: speleothem science, paleoclimate, isotopic geochemistry, trace elements, hydrology, U-Th dating, North American Monsoon, El Ni\u00f1o-Southern Oscillation<\/div>\n<div>\n<p>orcid: <a href=\"https:\/\/orcid.org\/0009-0005-6422-1747\">https:\/\/orcid.org\/0009-0005-6422-1747<\/a><\/p>\n<\/div>\n<\/div>\n<p>[\/vc_column_text][vc_empty_space][\/vc_accordion_tab][vc_accordion_tab title=&#8221;R&#8221;][vc_empty_space][vc_single_image image=&#8221;5552&#8243; qode_css_animation=&#8221;&#8221; title=&#8221;Rodr\u00edguez Trejo Alejandro&#8221;][vc_column_text]<\/p>\n<div class=\"dud_line_1\"><span class=\"dud_field_1\">alexrt[at]geociencias[dot]unam[dot]mx<\/span><\/div>\n<div class=\"dud_line_2\"><span class=\"dud_label\"><b>Ext.<\/b><\/span> 34549<\/div>\n<div class=\"dud_line_3\"><span class=\"dud_field_3\">Posdoctorante<\/span><\/div>\n<div class=\"dud_line_4\"><span class=\"dud_field_4\">Geof\u00edsica<\/span><\/div>\n<div class=\"dud_line_5\"><span class=\"dud_field_5\">Paleomagnetismo, Magnetismo de rocas, An\u00e1lisis estad\u00edstico<\/span><\/div>\n<div class=\"dud_line_6\"><span class=\"dud_field_6\">Variaci\u00f3n paleosecular del campo magn\u00e9tico de la Tierra.<\/span><\/div>\n<div class=\"dud_line_7\"><span class=\"dud_field_7\"><a href=\"https:\/\/orcid.org\/0000-0002-6849-1876\" target=\"_blank\" rel=\"noopener noreferrer\">https:\/\/orcid.org\/0000-0002-6849-1876<\/a><\/span><\/div>\n<p>[\/vc_column_text][vc_empty_space][vc_single_image image=&#8221;10910&#8243; qode_css_animation=&#8221;&#8221; title=&#8221;Rueda Garzon Luisa Fernanda&#8221;][vc_column_text]<em>L\u00ednea de investigaci\u00f3n: Geoqu\u00edmica ambiental, evaluaci\u00f3n de contaminaci\u00f3n por <\/em><em>metales y su movilidad en suelos, sedimentos y agua, modelado geoqu\u00edmico.<\/em>[\/vc_column_text][vc_empty_space][vc_column_text]<\/p>\n<div>lfrueda[at]geociencias[dot]unam[dot]mx<\/div>\n<div class=\"dud_line_2\"><span class=\"dud_label\">Ext. 34672<\/span><\/div>\n<div class=\"dud_line_3\">Investigadora Postdoctoral<\/div>\n<div class=\"dud_line_4\">\n<p>ORCID: <a href=\"https:\/\/orcid.org\/0000-0002-7542-6167\" target=\"_blank\" rel=\"noopener\">https:\/\/orcid.org\/0000-0002-7542-6167<\/a><\/p>\n<\/div>\n<div class=\"dud_line_7\"><\/div>\n<p>[\/vc_column_text][\/vc_accordion_tab][vc_accordion_tab title=&#8221;S&#8221;][vc_single_image image=&#8221;8378&#8243; qode_css_animation=&#8221;&#8221; title=&#8221;S\u00e1nchez Ramos Luis Enrique&#8221;][vc_column_text]<em>Su l\u00ednea de investigaci\u00f3n se enfoca en los efectos de la actividad volc\u00e1nica sobre la diversidad biol\u00f3gica. Actualmente, su proyecto se centra en la descripci\u00f3n de patrones ecol\u00f3gicos-evolutivos reflejados en los ensambles de polen neotropicales modernos, sirviendo como modelo para la identificaci\u00f3n de las condiciones paleoclim\u00e1ticas y paleobiogeogr\u00e1ficas de los sitios donde se han colectado muestras f\u00f3siles de polen.<\/em>[\/vc_column_text][vc_empty_space][vc_column_text]<\/p>\n<div class=\"dud_line_1\"><span class=\"dud_field_1\">sanchez_ramos[at]geociencias[dot]unam[dot]mx<\/span><\/div>\n<div class=\"dud_line_2\"><span class=\"dud_label\"><b>Ext.<\/b><\/span> 34549<\/div>\n<div class=\"dud_line_3\"><span class=\"dud_field_3\">Investigador Posdoctoral<\/span><\/div>\n<div>Linea de investigaci\u00f3n: Efectos de la actividad volc\u00e1nica sobre la diversidad biol\u00f3gica.<\/div>\n<div class=\"dud_line_3\">Palabras clave: Paleocolog\u00eda, disturbio ambiental, ecolog\u00eda, biogeograf\u00eda, biodiversidad.<\/div>\n<div class=\"dud_line_3\">ORCID: <a href=\"https:\/\/orcid.org\/0000-0003-3824-5452\" target=\"_blank\" rel=\"noopener\">https:\/\/orcid.org\/0000-0003-3824-5452<\/a><\/div>\n<p>[\/vc_column_text][vc_empty_space][\/vc_accordion_tab][vc_accordion_tab title=&#8221;T&#8221;][vc_single_image image=&#8221;10441&#8243; qode_css_animation=&#8221;&#8221; title=&#8221;Torres G\u00f3mez Mariano&#8221;][vc_column_text]<em>Se desarrollar\u00e1 un sistema de cartograf\u00eda digital de suelos para proveer informaci\u00f3n que permita promover el manejo sostenible de suelos\u00a0del territorio municipal de Quer\u00e9taro.<\/em>[\/vc_column_text][vc_empty_space][vc_column_text]<\/p>\n<div class=\"dud_line_1\"><span class=\"dud_field_1\">mtorres[at]geociencias[dot]unam[dot]mx<\/span><\/div>\n<div class=\"dud_line_2\"><span class=\"dud_label\">Ext.: 34545<\/span><\/div>\n<div class=\"dud_line_3\"><span class=\"dud_field_3\">Investigador Posdoctoral<\/span><\/div>\n<div>\n<p>Linea de investigaci\u00f3n: Cartograf\u00eda digital de suelos y materiales granulares del Municipio de Quer\u00e9taro.<\/p>\n<div>ORCID:: <a href=\"https:\/\/orcid.org\/0000-0002-9425-5818\" target=\"_blank\" rel=\"noopener\">https:\/\/orcid.org\/0000-0002-9425-5818<\/a><\/div>\n<\/div>\n<div><a href=\"https:\/\/scholar.google.com\/citations?user=QNak_vYAAAAJ&amp;hl=es\" target=\"_blank\" rel=\"noopener\">https:\/\/scholar.google.com\/citations?user=QNak_vYAAAAJ&amp;hl=es<\/a><\/div>\n<p>[\/vc_column_text][vc_empty_space][vc_single_image image=&#8221;10450&#8243; qode_css_animation=&#8221;&#8221; title=&#8221;Torres S\u00e1nchez Dar\u00edo&#8221;][vc_column_text]<em>Su investigaci\u00f3n se enfoca en el estudio geoqu\u00edmico y\u00a0 petrol\u00f3gico de rocas volc\u00e1nicas\u00a0\u00a0<\/em>[\/vc_column_text][vc_empty_space][vc_column_text]<\/p>\n<div class=\"dud_line_1\"><span class=\"dud_field_1\">dtorressan[at]geociencias[dot]unam[dot]mx<\/span><\/div>\n<div class=\"dud_line_2\"><span class=\"dud_label\">Ext.: 34545<\/span><\/div>\n<div class=\"dud_line_3\"><span class=\"dud_field_3\">Investigador Posdoctoral<\/span><\/div>\n<div>\n<p>L\u00ednea de investigaci\u00f3n: Su investigaci\u00f3n se enfoca en el estudio geoqu\u00edmico y petrol\u00f3gico de rocas volc\u00e1nicas<br \/>\nPalabras clave : Geoqu\u00edmica, Petrolog\u00eda, Petrog\u00e9nesis, Rocas Volc\u00e1nicas<br \/>\nSNI I<br \/>\nOrcid: <a href=\"https:\/\/orcid.org\/0000-0001-9530-1188\" target=\"_blank\" rel=\"noopener\">https:\/\/orcid.org\/0000-0001-9530-1188<\/a><\/p>\n<\/div>\n<p>[\/vc_column_text][\/vc_accordion_tab][vc_accordion_tab title=&#8221;V&#8221;][vc_single_image image=&#8221;12685&#8243; qode_css_animation=&#8221;&#8221; title=&#8221;V\u00e1zquez Ram\u00edrez Daniel&#8221;][vc_column_text]Soy ingeniero geof\u00edsico por la Benem\u00e9rita Universidad Aut\u00f3noma de Puebla, con experiencia en geoestad\u00edstica, inversi\u00f3n geof\u00edsica y simulaci\u00f3n estoc\u00e1stica. Mi investigaci\u00f3n se centra en integrar m\u00e9todos de inteligencia artificial con t\u00e9cnicas de inversi\u00f3n s\u00edsmica para la caracterizaci\u00f3n de yacimientos. En el Instituto de Geociencias colaboro en proyectos que combinan inteligencia artificial y simulaci\u00f3n estoc\u00e1stica para la caracterizaci\u00f3n avanzada de rocas digitales.[\/vc_column_text][vc_empty_space][vc_column_text]<\/p>\n<div class=\"dud_line_1\"><span class=\"dud_field_1\">danielgeofisico89[at]geociencias[dot]unam[dot]mx<\/span><\/div>\n<div class=\"dud_line_2\"><span class=\"dud_label\"><strong>Ext.:<\/strong> 34550<\/span><\/div>\n<div class=\"dud_line_3\"><span class=\"dud_field_3\">Investigador Posdoctoral<\/span><\/div>\n<div>\n<div><b>L\u00edneas de investigaci\u00f3n<\/b>: Caracterizaci\u00f3n\u00a0de yacimientos mediante m\u00e9todos geoestad\u00edsticos\u00a0y estoc\u00e1sticos,\u00a0 Secuestro\u00a0de carbono, Inversi\u00f3n s\u00edsmica,\u00a0 Ciencia de datos.<\/div>\n<div><b>ORCID<\/b>:\u00a0<a href=\"https:\/\/orcid.org\/0000-0002-6326-9141\" target=\"_blank\" rel=\"noopener noreferrer\" data-saferedirecturl=\"https:\/\/www.google.com\/url?q=https:\/\/orcid.org\/0000-0002-6326-9141&amp;source=gmail&amp;ust=1763742149804000&amp;usg=AOvVaw0rt-4EidshcY7YBYPwbU2Y\">https:\/\/orcid.org\/0000-0002-<wbr \/>6326-9141<\/a><\/div>\n<\/div>\n<p>[\/vc_column_text][vc_empty_space][\/vc_accordion_tab][\/vc_accordion][vc_empty_space][\/vc_column][\/vc_row][vc_row css_animation=&#8221;&#8221; row_type=&#8221;row&#8221; use_row_as_full_screen_section=&#8221;no&#8221; type=&#8221;full_width&#8221; angled_section=&#8221;no&#8221; text_align=&#8221;left&#8221; background_image_as_pattern=&#8221;without_pattern&#8221;][vc_column][vc_empty_space][\/vc_column][\/vc_row][vc_row css_animation=&#8221;&#8221; row_type=&#8221;row&#8221; use_row_as_full_screen_section=&#8221;no&#8221; type=&#8221;full_width&#8221; angled_section=&#8221;no&#8221; text_align=&#8221;left&#8221; background_image_as_pattern=&#8221;without_pattern&#8221;][vc_column][vc_empty_space][\/vc_column][\/vc_row][vc_row css_animation=&#8221;&#8221; row_type=&#8221;row&#8221; use_row_as_full_screen_section=&#8221;no&#8221; type=&#8221;full_width&#8221; angled_section=&#8221;no&#8221; text_align=&#8221;left&#8221; background_image_as_pattern=&#8221;without_pattern&#8221;][vc_column][vc_empty_space][\/vc_column][\/vc_row][vc_row css_animation=&#8221;&#8221; row_type=&#8221;row&#8221; use_row_as_full_screen_section=&#8221;no&#8221; type=&#8221;full_width&#8221; angled_section=&#8221;no&#8221; text_align=&#8221;left&#8221; background_image_as_pattern=&#8221;without_pattern&#8221;][vc_column][\/vc_column][\/vc_row]<\/p>\n","protected":false},"excerpt":{"rendered":"<p>[vc_row css_animation=&#8221;&#8221; row_type=&#8221;row&#8221; use_row_as_full_screen_section=&#8221;no&#8221; type=&#8221;full_width&#8221; angled_section=&#8221;no&#8221; text_align=&#8221;left&#8221; background_image_as_pattern=&#8221;without_pattern&#8221; css=&#8221;.vc_custom_1553032723529{margin-top: 0px !important;border-top-width: 0px !important;padding-top: 32px !important;}&#8221; z_index=&#8221;&#8221;][vc_column][vc_column_text] Investigadores PosDoctorales [\/vc_column_text][vc_column_text] Quien\u00e9s Somos&gt; PosDocs [\/vc_column_text][vc_empty_space height=&#8221;12px&#8221;][vc_row_inner row_type=&#8221;row&#8221; type=&#8221;full_width&#8221; text_align=&#8221;left&#8221; css_animation=&#8221;&#8221; css=&#8221;.vc_custom_1551847087209{margin-top: 0px !important;margin-bottom: 8px !important;}&#8221;][vc_column_inner][vc_column_text] Tel\u00e9fonos Conmutador:\u00a0 55 56234000 y 442 2381000 + Ext. XXXXX (5 digitos)\u00a0&#8230;<\/p>\n","protected":false},"author":1,"featured_media":0,"parent":0,"menu_order":0,"comment_status":"closed","ping_status":"closed","template":"","meta":{"footnotes":""},"class_list":["post-11258","page","type-page","status-publish","hentry"],"_links":{"self":[{"href":"https:\/\/tellus.geociencias.unam.mx\/index.php\/wp-json\/wp\/v2\/pages\/11258","targetHints":{"allow":["GET"]}}],"collection":[{"href":"https:\/\/tellus.geociencias.unam.mx\/index.php\/wp-json\/wp\/v2\/pages"}],"about":[{"href":"https:\/\/tellus.geociencias.unam.mx\/index.php\/wp-json\/wp\/v2\/types\/page"}],"author":[{"embeddable":true,"href":"https:\/\/tellus.geociencias.unam.mx\/index.php\/wp-json\/wp\/v2\/users\/1"}],"replies":[{"embeddable":true,"href":"https:\/\/tellus.geociencias.unam.mx\/index.php\/wp-json\/wp\/v2\/comments?post=11258"}],"version-history":[{"count":32,"href":"https:\/\/tellus.geociencias.unam.mx\/index.php\/wp-json\/wp\/v2\/pages\/11258\/revisions"}],"predecessor-version":[{"id":12919,"href":"https:\/\/tellus.geociencias.unam.mx\/index.php\/wp-json\/wp\/v2\/pages\/11258\/revisions\/12919"}],"wp:attachment":[{"href":"https:\/\/tellus.geociencias.unam.mx\/index.php\/wp-json\/wp\/v2\/media?parent=11258"}],"curies":[{"name":"wp","href":"https:\/\/api.w.org\/{rel}","templated":true}]}}